{"id":1956,"date":"2024-03-06T14:53:27","date_gmt":"2024-03-06T12:53:27","guid":{"rendered":"https:\/\/telvelaar.ee\/cart\/"},"modified":"2024-07-17T12:35:50","modified_gmt":"2024-07-17T09:35:50","slug":"cart","status":"publish","type":"page","link":"https:\/\/telvelaar.ee\/en\/cart\/","title":{"rendered":"Cart"},"content":{"rendered":"\t\t<div data-elementor-type=\"wp-page\" data-elementor-id=\"1956\" class=\"elementor elementor-1956 elementor-15\" data-elementor-post-type=\"page\">\n\t\t\t\t\t\t<section class=\"elementor-section elementor-top-section elementor-element elementor-element-1b86639b elementor-section-boxed elementor-section-height-default elementor-section-height-default\" data-id=\"1b86639b\" data-element_type=\"section\" data-e-type=\"section\" data-settings=\"{&quot;background_background&quot;:&quot;classic&quot;}\">\n\t\t\t\t\t\t\t<div class=\"elementor-background-overlay\"><\/div>\n\t\t\t\t\t\t\t<div class=\"elementor-container elementor-column-gap-default\">\n\t\t\t\t\t<div class=\"elementor-column elementor-col-100 elementor-top-column elementor-element elementor-element-6e0c0377\" data-id=\"6e0c0377\" data-element_type=\"column\" data-e-type=\"column\">\n\t\t\t<div class=\"elementor-widget-wrap elementor-element-populated\">\n\t\t\t\t\t\t<div class=\"elementor-element elementor-element-79408c8a elementor-invisible elementor-widget elementor-widget-heading\" data-id=\"79408c8a\" data-element_type=\"widget\" data-e-type=\"widget\" data-settings=\"{&quot;_animation&quot;:&quot;fadeInDown&quot;}\" data-widget_type=\"heading.default\">\n\t\t\t\t<div class=\"elementor-widget-container\">\n\t\t\t\t\t<h2 class=\"elementor-heading-title elementor-size-default\">Cart<\/h2>\t\t\t\t<\/div>\n\t\t\t\t<\/div>\n\t\t\t\t\t<\/div>\n\t\t<\/div>\n\t\t\t\t\t<\/div>\n\t\t<\/section>\n\t\t\t\t<section class=\"elementor-section elementor-top-section elementor-element elementor-element-4af7259c elementor-section-boxed elementor-section-height-default elementor-section-height-default\" data-id=\"4af7259c\" data-element_type=\"section\" data-e-type=\"section\" data-settings=\"{&quot;background_background&quot;:&quot;classic&quot;}\">\n\t\t\t\t\t\t<div class=\"elementor-container elementor-column-gap-default\">\n\t\t\t\t\t<div class=\"elementor-column elementor-col-100 elementor-top-column elementor-element elementor-element-646fcb4e\" data-id=\"646fcb4e\" data-element_type=\"column\" data-e-type=\"column\">\n\t\t\t<div class=\"elementor-widget-wrap elementor-element-populated\">\n\t\t\t\t\t\t\t<\/div>\n\t\t<\/div>\n\t\t\t\t\t<\/div>\n\t\t<\/section>\n\t\t\t\t<\/div>\n\t\t","protected":false},"excerpt":{"rendered":"<p>Eemalda Thumbnail image Toode Hind Kogus Vahesumma &times; Plekik\u00e4\u00e4rid MWT &#8211; 6900L 42,10&nbsp;&euro; Quantity &#8211; 5 + 210,50&nbsp;&euro; &times; Plekik\u00e4\u00e4rid MWT &#8211; 6900R 42,10&nbsp;&euro; Quantity &#8211; 1 + 42,10&nbsp;&euro; Rakenda Summary Vahesumma 252,60&nbsp;&euro; Saadetis Omniva pakiautomaat Tulen ise j\u00e4rgi Tarne sihtkohta siduri 3, 23424 Tallinn. Muuda aadressi Country \/ region: Vali riik \/ piirkond&hellip;Afganistan\u00c5land IslandsAlbaaniaAl\u017eeeriaAmeerika [&hellip;]<\/p>\n","protected":false},"author":1,"featured_media":0,"parent":0,"menu_order":0,"comment_status":"closed","ping_status":"closed","template":"elementor_header_footer","meta":{"inline_featured_image":false,"footnotes":""},"class_list":["post-1956","page","type-page","status-publish","hentry"],"yoast_head":"<!-- This site is optimized with the Yoast SEO plugin v27.5 - https:\/\/yoast.com\/product\/yoast-seo-wordpress\/ -->\n<title>Cart - Telve &amp; Laar<\/title>\n<meta name=\"robots\" content=\"index, follow, max-snippet:-1, max-image-preview:large, max-video-preview:-1\" \/>\n<link rel=\"canonical\" href=\"https:\/\/telvelaar.ee\/en\/cart\/\" \/>\n<meta property=\"og:locale\" content=\"en_US\" \/>\n<meta property=\"og:type\" content=\"article\" \/>\n<meta property=\"og:title\" content=\"Cart - Telve &amp; Laar\" \/>\n<meta property=\"og:description\" content=\"Eemalda Thumbnail image Toode Hind Kogus Vahesumma &times; Plekik\u00e4\u00e4rid MWT &#8211; 6900L 42,10&nbsp;&euro; Quantity &#8211; 5 + 210,50&nbsp;&euro; &times; Plekik\u00e4\u00e4rid MWT &#8211; 6900R 42,10&nbsp;&euro; Quantity &#8211; 1 + 42,10&nbsp;&euro; Rakenda Summary Vahesumma 252,60&nbsp;&euro; Saadetis Omniva pakiautomaat Tulen ise j\u00e4rgi Tarne sihtkohta siduri 3, 23424 Tallinn. Muuda aadressi Country \/ region: Vali riik \/ piirkond&hellip;Afganistan\u00c5land IslandsAlbaaniaAl\u017eeeriaAmeerika [&hellip;]\" \/>\n<meta property=\"og:url\" content=\"https:\/\/telvelaar.ee\/en\/cart\/\" \/>\n<meta property=\"og:site_name\" content=\"Telve &amp; Laar\" \/>\n<meta property=\"article:modified_time\" content=\"2024-07-17T09:35:50+00:00\" \/>\n<meta property=\"og:image\" content=\"https:\/\/telvelaar.ee\/wp-content\/uploads\/2024\/04\/P6900Ls.gif\" \/>\n<meta name=\"twitter:card\" content=\"summary_large_image\" \/>\n<meta name=\"twitter:label1\" content=\"Est. reading time\" \/>\n\t<meta name=\"twitter:data1\" content=\"1 minute\" \/>\n<script type=\"application\/ld+json\" class=\"yoast-schema-graph\">{\"@context\":\"https:\\\/\\\/schema.org\",\"@graph\":[{\"@type\":\"WebPage\",\"@id\":\"https:\\\/\\\/telvelaar.ee\\\/en\\\/cart\\\/\",\"url\":\"https:\\\/\\\/telvelaar.ee\\\/en\\\/cart\\\/\",\"name\":\"Cart - Telve &amp; Laar\",\"isPartOf\":{\"@id\":\"https:\\\/\\\/telvelaar.ee\\\/en\\\/#website\"},\"primaryImageOfPage\":{\"@id\":\"https:\\\/\\\/telvelaar.ee\\\/en\\\/cart\\\/#primaryimage\"},\"image\":{\"@id\":\"https:\\\/\\\/telvelaar.ee\\\/en\\\/cart\\\/#primaryimage\"},\"thumbnailUrl\":\"https:\\\/\\\/telvelaar.ee\\\/wp-content\\\/uploads\\\/2024\\\/04\\\/P6900Ls.gif\",\"datePublished\":\"2024-03-06T12:53:27+00:00\",\"dateModified\":\"2024-07-17T09:35:50+00:00\",\"breadcrumb\":{\"@id\":\"https:\\\/\\\/telvelaar.ee\\\/en\\\/cart\\\/#breadcrumb\"},\"inLanguage\":\"en-US\",\"potentialAction\":[{\"@type\":\"ReadAction\",\"target\":[\"https:\\\/\\\/telvelaar.ee\\\/en\\\/cart\\\/\"]}]},{\"@type\":\"ImageObject\",\"inLanguage\":\"en-US\",\"@id\":\"https:\\\/\\\/telvelaar.ee\\\/en\\\/cart\\\/#primaryimage\",\"url\":\"https:\\\/\\\/telvelaar.ee\\\/wp-content\\\/uploads\\\/2024\\\/04\\\/P6900Ls.gif\",\"contentUrl\":\"https:\\\/\\\/telvelaar.ee\\\/wp-content\\\/uploads\\\/2024\\\/04\\\/P6900Ls.gif\"},{\"@type\":\"BreadcrumbList\",\"@id\":\"https:\\\/\\\/telvelaar.ee\\\/en\\\/cart\\\/#breadcrumb\",\"itemListElement\":[{\"@type\":\"ListItem\",\"position\":1,\"name\":\"Home\",\"item\":\"https:\\\/\\\/telvelaar.ee\\\/en\\\/front-page\\\/\"},{\"@type\":\"ListItem\",\"position\":2,\"name\":\"Cart\"}]},{\"@type\":\"WebSite\",\"@id\":\"https:\\\/\\\/telvelaar.ee\\\/en\\\/#website\",\"url\":\"https:\\\/\\\/telvelaar.ee\\\/en\\\/\",\"name\":\"Telve & Laar\",\"description\":\"\",\"publisher\":{\"@id\":\"https:\\\/\\\/telvelaar.ee\\\/en\\\/#organization\"},\"potentialAction\":[{\"@type\":\"SearchAction\",\"target\":{\"@type\":\"EntryPoint\",\"urlTemplate\":\"https:\\\/\\\/telvelaar.ee\\\/en\\\/?s={search_term_string}\"},\"query-input\":{\"@type\":\"PropertyValueSpecification\",\"valueRequired\":true,\"valueName\":\"search_term_string\"}}],\"inLanguage\":\"en-US\"},{\"@type\":\"Organization\",\"@id\":\"https:\\\/\\\/telvelaar.ee\\\/en\\\/#organization\",\"name\":\"Telve & Laar\",\"url\":\"https:\\\/\\\/telvelaar.ee\\\/en\\\/\",\"logo\":{\"@type\":\"ImageObject\",\"inLanguage\":\"en-US\",\"@id\":\"https:\\\/\\\/telvelaar.ee\\\/en\\\/#\\\/schema\\\/logo\\\/image\\\/\",\"url\":\"https:\\\/\\\/telvelaar.ee\\\/wp-content\\\/uploads\\\/2024\\\/04\\\/Telve_laar_logo.svg\",\"contentUrl\":\"https:\\\/\\\/telvelaar.ee\\\/wp-content\\\/uploads\\\/2024\\\/04\\\/Telve_laar_logo.svg\",\"width\":733,\"height\":431,\"caption\":\"Telve & Laar\"},\"image\":{\"@id\":\"https:\\\/\\\/telvelaar.ee\\\/en\\\/#\\\/schema\\\/logo\\\/image\\\/\"}}]}<\/script>\n<!-- \/ Yoast SEO plugin. -->","yoast_head_json":{"title":"Cart - Telve &amp; Laar","robots":{"index":"index","follow":"follow","max-snippet":"max-snippet:-1","max-image-preview":"max-image-preview:large","max-video-preview":"max-video-preview:-1"},"canonical":"https:\/\/telvelaar.ee\/en\/cart\/","og_locale":"en_US","og_type":"article","og_title":"Cart - Telve &amp; Laar","og_description":"Eemalda Thumbnail image Toode Hind Kogus Vahesumma &times; Plekik\u00e4\u00e4rid MWT &#8211; 6900L 42,10&nbsp;&euro; Quantity &#8211; 5 + 210,50&nbsp;&euro; &times; Plekik\u00e4\u00e4rid MWT &#8211; 6900R 42,10&nbsp;&euro; Quantity &#8211; 1 + 42,10&nbsp;&euro; Rakenda Summary Vahesumma 252,60&nbsp;&euro; Saadetis Omniva pakiautomaat Tulen ise j\u00e4rgi Tarne sihtkohta siduri 3, 23424 Tallinn. Muuda aadressi Country \/ region: Vali riik \/ piirkond&hellip;Afganistan\u00c5land IslandsAlbaaniaAl\u017eeeriaAmeerika [&hellip;]","og_url":"https:\/\/telvelaar.ee\/en\/cart\/","og_site_name":"Telve &amp; Laar","article_modified_time":"2024-07-17T09:35:50+00:00","og_image":[{"url":"https:\/\/telvelaar.ee\/wp-content\/uploads\/2024\/04\/P6900Ls.gif","type":"","width":"","height":""}],"twitter_card":"summary_large_image","twitter_misc":{"Est. reading time":"1 minute"},"schema":{"@context":"https:\/\/schema.org","@graph":[{"@type":"WebPage","@id":"https:\/\/telvelaar.ee\/en\/cart\/","url":"https:\/\/telvelaar.ee\/en\/cart\/","name":"Cart - Telve &amp; Laar","isPartOf":{"@id":"https:\/\/telvelaar.ee\/en\/#website"},"primaryImageOfPage":{"@id":"https:\/\/telvelaar.ee\/en\/cart\/#primaryimage"},"image":{"@id":"https:\/\/telvelaar.ee\/en\/cart\/#primaryimage"},"thumbnailUrl":"https:\/\/telvelaar.ee\/wp-content\/uploads\/2024\/04\/P6900Ls.gif","datePublished":"2024-03-06T12:53:27+00:00","dateModified":"2024-07-17T09:35:50+00:00","breadcrumb":{"@id":"https:\/\/telvelaar.ee\/en\/cart\/#breadcrumb"},"inLanguage":"en-US","potentialAction":[{"@type":"ReadAction","target":["https:\/\/telvelaar.ee\/en\/cart\/"]}]},{"@type":"ImageObject","inLanguage":"en-US","@id":"https:\/\/telvelaar.ee\/en\/cart\/#primaryimage","url":"https:\/\/telvelaar.ee\/wp-content\/uploads\/2024\/04\/P6900Ls.gif","contentUrl":"https:\/\/telvelaar.ee\/wp-content\/uploads\/2024\/04\/P6900Ls.gif"},{"@type":"BreadcrumbList","@id":"https:\/\/telvelaar.ee\/en\/cart\/#breadcrumb","itemListElement":[{"@type":"ListItem","position":1,"name":"Home","item":"https:\/\/telvelaar.ee\/en\/front-page\/"},{"@type":"ListItem","position":2,"name":"Cart"}]},{"@type":"WebSite","@id":"https:\/\/telvelaar.ee\/en\/#website","url":"https:\/\/telvelaar.ee\/en\/","name":"Telve & Laar","description":"","publisher":{"@id":"https:\/\/telvelaar.ee\/en\/#organization"},"potentialAction":[{"@type":"SearchAction","target":{"@type":"EntryPoint","urlTemplate":"https:\/\/telvelaar.ee\/en\/?s={search_term_string}"},"query-input":{"@type":"PropertyValueSpecification","valueRequired":true,"valueName":"search_term_string"}}],"inLanguage":"en-US"},{"@type":"Organization","@id":"https:\/\/telvelaar.ee\/en\/#organization","name":"Telve & Laar","url":"https:\/\/telvelaar.ee\/en\/","logo":{"@type":"ImageObject","inLanguage":"en-US","@id":"https:\/\/telvelaar.ee\/en\/#\/schema\/logo\/image\/","url":"https:\/\/telvelaar.ee\/wp-content\/uploads\/2024\/04\/Telve_laar_logo.svg","contentUrl":"https:\/\/telvelaar.ee\/wp-content\/uploads\/2024\/04\/Telve_laar_logo.svg","width":733,"height":431,"caption":"Telve & Laar"},"image":{"@id":"https:\/\/telvelaar.ee\/en\/#\/schema\/logo\/image\/"}}]}},"_links":{"self":[{"href":"https:\/\/telvelaar.ee\/en\/wp-json\/wp\/v2\/pages\/1956","targetHints":{"allow":["GET"]}}],"collection":[{"href":"https:\/\/telvelaar.ee\/en\/wp-json\/wp\/v2\/pages"}],"about":[{"href":"https:\/\/telvelaar.ee\/en\/wp-json\/wp\/v2\/types\/page"}],"author":[{"embeddable":true,"href":"https:\/\/telvelaar.ee\/en\/wp-json\/wp\/v2\/users\/1"}],"replies":[{"embeddable":true,"href":"https:\/\/telvelaar.ee\/en\/wp-json\/wp\/v2\/comments?post=1956"}],"version-history":[{"count":6,"href":"https:\/\/telvelaar.ee\/en\/wp-json\/wp\/v2\/pages\/1956\/revisions"}],"predecessor-version":[{"id":3963,"href":"https:\/\/telvelaar.ee\/en\/wp-json\/wp\/v2\/pages\/1956\/revisions\/3963"}],"wp:attachment":[{"href":"https:\/\/telvelaar.ee\/en\/wp-json\/wp\/v2\/media?parent=1956"}],"curies":[{"name":"wp","href":"https:\/\/api.w.org\/{rel}","templated":true}]}}