{"id":3987,"date":"2024-03-07T14:51:32","date_gmt":"2024-03-07T12:51:32","guid":{"rendered":"https:\/\/telvelaar.ee\/metalo-darbai\/"},"modified":"2025-10-08T15:14:07","modified_gmt":"2025-10-08T12:14:07","slug":"metalo-darbai","status":"publish","type":"page","link":"https:\/\/telvelaar.ee\/lt\/metalo-darbai\/","title":{"rendered":"Metalo darbai"},"content":{"rendered":"\t\t<div data-elementor-type=\"wp-page\" data-elementor-id=\"3987\" class=\"elementor elementor-3987 elementor-693\" data-elementor-post-type=\"page\">\n\t\t\t\t\t\t<section class=\"elementor-section elementor-top-section elementor-element elementor-element-2e6fe9e elementor-section-boxed elementor-section-height-default elementor-section-height-default\" data-id=\"2e6fe9e\" data-element_type=\"section\" data-e-type=\"section\" data-settings=\"{&quot;background_background&quot;:&quot;classic&quot;}\">\n\t\t\t\t\t\t\t<div class=\"elementor-background-overlay\"><\/div>\n\t\t\t\t\t\t\t<div class=\"elementor-container elementor-column-gap-default\">\n\t\t\t\t\t<div class=\"elementor-column elementor-col-100 elementor-top-column elementor-element elementor-element-26494b0\" data-id=\"26494b0\" data-element_type=\"column\" data-e-type=\"column\">\n\t\t\t<div class=\"elementor-widget-wrap elementor-element-populated\">\n\t\t\t\t\t\t<div class=\"elementor-element elementor-element-0336ed5 elementor-invisible elementor-widget elementor-widget-heading\" data-id=\"0336ed5\" data-element_type=\"widget\" data-e-type=\"widget\" data-settings=\"{&quot;_animation&quot;:&quot;fadeInDown&quot;}\" data-widget_type=\"heading.default\">\n\t\t\t\t<div class=\"elementor-widget-container\">\n\t\t\t\t\t<h1 class=\"elementor-heading-title elementor-size-default\">Metalo darbai<\/h1>\t\t\t\t<\/div>\n\t\t\t\t<\/div>\n\t\t\t\t\t<\/div>\n\t\t<\/div>\n\t\t\t\t\t<\/div>\n\t\t<\/section>\n\t\t<div class=\"elementor-element elementor-element-2d77fcf e-flex e-con-boxed e-con e-parent\" data-id=\"2d77fcf\" data-element_type=\"container\" data-e-type=\"container\">\n\t\t\t\t\t<div class=\"e-con-inner\">\n\t\t<div class=\"elementor-element elementor-element-a2de01f e-con-full elementor-hidden-mobile e-flex e-con e-child\" data-id=\"a2de01f\" data-element_type=\"container\" data-e-type=\"container\" data-settings=\"{&quot;background_background&quot;:&quot;classic&quot;,&quot;sticky&quot;:&quot;top&quot;,&quot;sticky_on&quot;:[&quot;desktop&quot;,&quot;tablet&quot;],&quot;sticky_offset&quot;:100,&quot;sticky_parent&quot;:&quot;yes&quot;,&quot;sticky_effects_offset&quot;:0,&quot;sticky_anchor_link_offset&quot;:0}\">\n\t\t<div class=\"elementor-element elementor-element-f9376c8 timeline-container e-flex e-con-boxed e-con e-child\" data-id=\"f9376c8\" data-element_type=\"container\" data-e-type=\"container\" data-settings=\"{&quot;background_background&quot;:&quot;classic&quot;}\">\n\t\t\t\t\t<div class=\"e-con-inner\">\n\t\t<div class=\"elementor-element elementor-element-50bcfdc e-con-full e-flex e-con e-child\" data-id=\"50bcfdc\" data-element_type=\"container\" data-e-type=\"container\">\n\t\t\t\t<div class=\"elementor-element elementor-element-b36f927 progress-tracker-vertical elementor-widget elementor-widget-progress-tracker\" data-id=\"b36f927\" data-element_type=\"widget\" data-e-type=\"widget\" data-settings=\"{&quot;relative_to&quot;:&quot;selector&quot;,&quot;selector&quot;:&quot;#prugimaja&quot;,&quot;direction&quot;:&quot;ltr&quot;,&quot;type&quot;:&quot;horizontal&quot;}\" data-widget_type=\"progress-tracker.default\">\n\t\t\t\t<div class=\"elementor-widget-container\">\n\t\t\t\t\t\n\t\t<div class=\"elementor-scrolling-tracker elementor-scrolling-tracker-horizontal elementor-scrolling-tracker-alignment-\">\n\t\t\t\t\t\t<div class=\"current-progress\">\n\t\t\t\t\t<div class=\"current-progress-percentage\"><\/div>\n\t\t\t\t<\/div>\n\t\t\t\t<\/div>\n\t\t\t\t\t\t<\/div>\n\t\t\t\t<\/div>\n\t\t\t\t<div class=\"elementor-element elementor-element-e8a0196 elementor-absolute elementor-widget elementor-widget-heading\" data-id=\"e8a0196\" data-element_type=\"widget\" data-e-type=\"widget\" data-settings=\"{&quot;_position&quot;:&quot;absolute&quot;}\" data-widget_type=\"heading.default\">\n\t\t\t\t<div class=\"elementor-widget-container\">\n\t\t\t\t\t<span class=\"elementor-heading-title elementor-size-default\"><a href=\"https:\/\/telvelaar.ee\/lt\/metalo-darbai\/siuksliu-namas\/\">\u0160iuk\u0161li\u0173 namas<\/a><\/span>\t\t\t\t<\/div>\n\t\t\t\t<\/div>\n\t\t\t\t<div class=\"elementor-element elementor-element-18d03cf progress-tracker elementor-widget elementor-widget-progress-tracker\" data-id=\"18d03cf\" data-element_type=\"widget\" data-e-type=\"widget\" data-settings=\"{&quot;relative_to&quot;:&quot;selector&quot;,&quot;selector&quot;:&quot;#prugimaja&quot;,&quot;direction&quot;:&quot;ltr&quot;,&quot;type&quot;:&quot;horizontal&quot;}\" data-widget_type=\"progress-tracker.default\">\n\t\t\t\t<div class=\"elementor-widget-container\">\n\t\t\t\t\t\n\t\t<div class=\"elementor-scrolling-tracker elementor-scrolling-tracker-horizontal elementor-scrolling-tracker-alignment-\">\n\t\t\t\t\t\t<div class=\"current-progress\">\n\t\t\t\t\t<div class=\"current-progress-percentage\"><\/div>\n\t\t\t\t<\/div>\n\t\t\t\t<\/div>\n\t\t\t\t\t\t<\/div>\n\t\t\t\t<\/div>\n\t\t\t\t<\/div>\n\t\t<div class=\"elementor-element elementor-element-8e94a98 e-con-full e-flex e-con e-child\" data-id=\"8e94a98\" data-element_type=\"container\" data-e-type=\"container\">\n\t\t\t\t<div class=\"elementor-element elementor-element-9075afe progress-tracker-vertical elementor-widget elementor-widget-progress-tracker\" data-id=\"9075afe\" data-element_type=\"widget\" data-e-type=\"widget\" data-settings=\"{&quot;relative_to&quot;:&quot;selector&quot;,&quot;selector&quot;:&quot;#trepi-piire&quot;,&quot;direction&quot;:&quot;ltr&quot;,&quot;type&quot;:&quot;horizontal&quot;}\" data-widget_type=\"progress-tracker.default\">\n\t\t\t\t<div class=\"elementor-widget-container\">\n\t\t\t\t\t\n\t\t<div class=\"elementor-scrolling-tracker elementor-scrolling-tracker-horizontal elementor-scrolling-tracker-alignment-\">\n\t\t\t\t\t\t<div class=\"current-progress\">\n\t\t\t\t\t<div class=\"current-progress-percentage\"><\/div>\n\t\t\t\t<\/div>\n\t\t\t\t<\/div>\n\t\t\t\t\t\t<\/div>\n\t\t\t\t<\/div>\n\t\t\t\t<div class=\"elementor-element elementor-element-a452f8a elementor-absolute elementor-widget elementor-widget-heading\" data-id=\"a452f8a\" data-element_type=\"widget\" data-e-type=\"widget\" data-settings=\"{&quot;_position&quot;:&quot;absolute&quot;}\" data-widget_type=\"heading.default\">\n\t\t\t\t<div class=\"elementor-widget-container\">\n\t\t\t\t\t<span class=\"elementor-heading-title elementor-size-default\"><a href=\"https:\/\/telvelaar.ee\/lt\/metalo-darbai\/laiptines-ribos\/\">Laiptin\u0117s ribos<\/a><\/span>\t\t\t\t<\/div>\n\t\t\t\t<\/div>\n\t\t\t\t<div class=\"elementor-element elementor-element-a928cff progress-tracker elementor-widget elementor-widget-progress-tracker\" data-id=\"a928cff\" data-element_type=\"widget\" data-e-type=\"widget\" data-settings=\"{&quot;relative_to&quot;:&quot;selector&quot;,&quot;selector&quot;:&quot;#trepi-piire&quot;,&quot;direction&quot;:&quot;ltr&quot;,&quot;type&quot;:&quot;horizontal&quot;}\" data-widget_type=\"progress-tracker.default\">\n\t\t\t\t<div class=\"elementor-widget-container\">\n\t\t\t\t\t\n\t\t<div class=\"elementor-scrolling-tracker elementor-scrolling-tracker-horizontal elementor-scrolling-tracker-alignment-\">\n\t\t\t\t\t\t<div class=\"current-progress\">\n\t\t\t\t\t<div class=\"current-progress-percentage\"><\/div>\n\t\t\t\t<\/div>\n\t\t\t\t<\/div>\n\t\t\t\t\t\t<\/div>\n\t\t\t\t<\/div>\n\t\t\t\t<\/div>\n\t\t<div class=\"elementor-element elementor-element-ebef909 e-con-full e-flex e-con e-child\" data-id=\"ebef909\" data-element_type=\"container\" data-e-type=\"container\">\n\t\t\t\t<div class=\"elementor-element elementor-element-5502905 progress-tracker-vertical elementor-widget elementor-widget-progress-tracker\" data-id=\"5502905\" data-element_type=\"widget\" data-e-type=\"widget\" data-settings=\"{&quot;relative_to&quot;:&quot;selector&quot;,&quot;selector&quot;:&quot;#metallitood-hinnaparing&quot;,&quot;direction&quot;:&quot;ltr&quot;,&quot;type&quot;:&quot;horizontal&quot;}\" data-widget_type=\"progress-tracker.default\">\n\t\t\t\t<div class=\"elementor-widget-container\">\n\t\t\t\t\t\n\t\t<div class=\"elementor-scrolling-tracker elementor-scrolling-tracker-horizontal elementor-scrolling-tracker-alignment-\">\n\t\t\t\t\t\t<div class=\"current-progress\">\n\t\t\t\t\t<div class=\"current-progress-percentage\"><\/div>\n\t\t\t\t<\/div>\n\t\t\t\t<\/div>\n\t\t\t\t\t\t<\/div>\n\t\t\t\t<\/div>\n\t\t\t\t<div class=\"elementor-element elementor-element-33a3b19 elementor-absolute elementor-widget elementor-widget-heading\" data-id=\"33a3b19\" data-element_type=\"widget\" data-e-type=\"widget\" data-settings=\"{&quot;_position&quot;:&quot;absolute&quot;}\" data-widget_type=\"heading.default\">\n\t\t\t\t<div class=\"elementor-widget-container\">\n\t\t\t\t\t<span class=\"elementor-heading-title elementor-size-default\"><a href=\"https:\/\/telvelaar.ee\/lt\/metalo-darbai\/#metallitood-hinnaparing\">Kainos u\u017eklausa<\/a><\/span>\t\t\t\t<\/div>\n\t\t\t\t<\/div>\n\t\t\t\t<div class=\"elementor-element elementor-element-a3acc6e progress-tracker elementor-widget elementor-widget-progress-tracker\" data-id=\"a3acc6e\" data-element_type=\"widget\" data-e-type=\"widget\" data-settings=\"{&quot;relative_to&quot;:&quot;selector&quot;,&quot;selector&quot;:&quot;#metallitood-hinnaparing&quot;,&quot;direction&quot;:&quot;ltr&quot;,&quot;type&quot;:&quot;horizontal&quot;}\" data-widget_type=\"progress-tracker.default\">\n\t\t\t\t<div class=\"elementor-widget-container\">\n\t\t\t\t\t\n\t\t<div class=\"elementor-scrolling-tracker elementor-scrolling-tracker-horizontal elementor-scrolling-tracker-alignment-\">\n\t\t\t\t\t\t<div class=\"current-progress\">\n\t\t\t\t\t<div class=\"current-progress-percentage\"><\/div>\n\t\t\t\t<\/div>\n\t\t\t\t<\/div>\n\t\t\t\t\t\t<\/div>\n\t\t\t\t<\/div>\n\t\t\t\t<\/div>\n\t\t\t\t\t<\/div>\n\t\t\t\t<\/div>\n\t\t\t\t<\/div>\n\t\t<div class=\"elementor-element elementor-element-4d913d0 e-con-full metallitood-content e-flex e-con e-child\" data-id=\"4d913d0\" data-element_type=\"container\" data-e-type=\"container\">\n\t\t<div class=\"elementor-element elementor-element-d1d9be1 e-con-full e-flex e-con e-child\" data-id=\"d1d9be1\" data-element_type=\"container\" data-e-type=\"container\" id=\"metallitood-hinnaparing\">\n\t\t\t\t<div class=\"elementor-element elementor-element-604a1eb elementor-widget elementor-widget-heading\" data-id=\"604a1eb\" data-element_type=\"widget\" data-e-type=\"widget\" data-settings=\"{&quot;_animation&quot;:&quot;none&quot;}\" data-widget_type=\"heading.default\">\n\t\t\t\t<div class=\"elementor-widget-container\">\n\t\t\t\t\t<h2 class=\"elementor-heading-title elementor-size-default\">Kainos u\u017eklausa<\/h2>\t\t\t\t<\/div>\n\t\t\t\t<\/div>\n\t\t\t\t<div class=\"elementor-element elementor-element-c4e4be8 elementor-button-align-stretch elementor-widget elementor-widget-form\" data-id=\"c4e4be8\" data-element_type=\"widget\" data-e-type=\"widget\" data-settings=\"{&quot;step_next_label&quot;:&quot;Next&quot;,&quot;step_previous_label&quot;:&quot;Previous&quot;,&quot;_animation&quot;:&quot;none&quot;,&quot;button_width&quot;:&quot;100&quot;,&quot;step_type&quot;:&quot;number_text&quot;,&quot;step_icon_shape&quot;:&quot;circle&quot;}\" data-widget_type=\"form.default\">\n\t\t\t\t<div class=\"elementor-widget-container\">\n\t\t\t\t\t\t\t<form class=\"elementor-form\" method=\"post\" name=\"New Form\" aria-label=\"New Form\">\n\t\t\t<input type=\"hidden\" name=\"post_id\" value=\"3987\"\/>\n\t\t\t<input type=\"hidden\" name=\"form_id\" value=\"c4e4be8\"\/>\n\t\t\t<input type=\"hidden\" name=\"referer_title\" value=\"Metalo darbai - Telve &amp; Laar\" \/>\n\n\t\t\t\t\t\t\t<input type=\"hidden\" name=\"queried_id\" value=\"3987\"\/>\n\t\t\t\n\t\t\t<div class=\"elementor-form-fields-wrapper elementor-labels-above\">\n\t\t\t\t\t\t\t\t<div class=\"elementor-field-type-text elementor-field-group elementor-column elementor-field-group-name elementor-col-50\">\n\t\t\t\t\t\t\t\t\t\t\t\t<label for=\"form-field-name\" class=\"elementor-field-label\">\n\t\t\t\t\t\t\t\tVardas\t\t\t\t\t\t\t<\/label>\n\t\t\t\t\t\t\t\t\t\t\t\t\t\t<input size=\"1\" type=\"text\" name=\"form_fields[name]\" id=\"form-field-name\" class=\"elementor-field elementor-size-md  elementor-field-textual\" placeholder=\"Vardas\">\n\t\t\t\t\t\t\t\t\t\t\t<\/div>\n\t\t\t\t\t\t\t\t<div class=\"elementor-field-type-tel elementor-field-group elementor-column elementor-field-group-field_eb154c1 elementor-col-50\">\n\t\t\t\t\t\t\t\t\t\t\t\t<label for=\"form-field-field_eb154c1\" class=\"elementor-field-label\">\n\t\t\t\t\t\t\t\tTelefono numeris\t\t\t\t\t\t\t<\/label>\n\t\t\t\t\t\t\t\t<input size=\"1\" type=\"tel\" name=\"form_fields[field_eb154c1]\" id=\"form-field-field_eb154c1\" class=\"elementor-field elementor-size-md  elementor-field-textual\" placeholder=\"Telefono numeris\" pattern=\"[0-9()#&amp;+*-=.]+\" title=\"Only numbers and phone characters (#, -, *, etc) are accepted.\">\n\n\t\t\t\t\t\t<\/div>\n\t\t\t\t\t\t\t\t<div class=\"elementor-field-type-email elementor-field-group elementor-column elementor-field-group-email elementor-col-100 elementor-field-required\">\n\t\t\t\t\t\t\t\t\t\t\t\t<label for=\"form-field-email\" class=\"elementor-field-label\">\n\t\t\t\t\t\t\t\tEl. pa\u0161tas\t\t\t\t\t\t\t<\/label>\n\t\t\t\t\t\t\t\t\t\t\t\t\t\t<input size=\"1\" type=\"email\" name=\"form_fields[email]\" id=\"form-field-email\" class=\"elementor-field elementor-size-md  elementor-field-textual\" placeholder=\"El. pa\u0161tas\" required=\"required\">\n\t\t\t\t\t\t\t\t\t\t\t<\/div>\n\t\t\t\t\t\t\t\t<div class=\"elementor-field-type-text elementor-field-group elementor-column elementor-field-group-teema elementor-col-100 elementor-field-required\">\n\t\t\t\t\t\t\t\t\t\t\t\t<label for=\"form-field-teema\" class=\"elementor-field-label\">\n\t\t\t\t\t\t\t\tTema\t\t\t\t\t\t\t<\/label>\n\t\t\t\t\t\t\t\t\t\t\t\t\t\t<input size=\"1\" type=\"text\" name=\"form_fields[teema]\" id=\"form-field-teema\" class=\"elementor-field elementor-size-md  elementor-field-textual\" placeholder=\"Tema\" required=\"required\">\n\t\t\t\t\t\t\t\t\t\t\t<\/div>\n\t\t\t\t\t\t\t\t<div class=\"elementor-field-type-textarea elementor-field-group elementor-column elementor-field-group-message elementor-col-100\">\n\t\t\t\t\t\t\t\t\t\t\t\t<label for=\"form-field-message\" class=\"elementor-field-label\">\n\t\t\t\t\t\t\t\t\u017dinut\u0117\t\t\t\t\t\t\t<\/label>\n\t\t\t\t\t\t<textarea class=\"elementor-field-textual elementor-field  elementor-size-md\" name=\"form_fields[message]\" id=\"form-field-message\" rows=\"4\" placeholder=\"\u017dinut\u0117\"><\/textarea>\t\t\t\t<\/div>\n\t\t\t\t\t\t\t\t<div class=\"elementor-field-group elementor-column elementor-field-type-submit elementor-col-100 e-form__buttons\">\n\t\t\t\t\t<button class=\"elementor-button elementor-size-md\" type=\"submit\">\n\t\t\t\t\t\t<span class=\"elementor-button-content-wrapper\">\n\t\t\t\t\t\t\t\t\t\t\t\t\t\t\t\t\t\t\t\t\t\t<span class=\"elementor-button-text\">Si\u0173sti \u017einut\u0119<\/span>\n\t\t\t\t\t\t\t\t\t\t\t\t\t<\/span>\n\t\t\t\t\t<\/button>\n\t\t\t\t<\/div>\n\t\t\t<\/div>\n\t\t<\/form>\n\t\t\t\t\t\t<\/div>\n\t\t\t\t<\/div>\n\t\t\t\t<\/div>\n\t\t\t\t<\/div>\n\t\t\t\t\t<\/div>\n\t\t\t\t<\/div>\n\t\t\t\t<\/div>\n\t\t","protected":false},"excerpt":{"rendered":"<p>\u0160iuk\u0161li\u0173 namas Laiptin\u0117s ribos Kainos u\u017eklausa Kainos u\u017eklausa<\/p>\n","protected":false},"author":1,"featured_media":0,"parent":0,"menu_order":0,"comment_status":"closed","ping_status":"closed","template":"elementor_header_footer","meta":{"inline_featured_image":false,"footnotes":""},"class_list":["post-3987","page","type-page","status-publish","hentry"],"yoast_head":"<!-- This site is optimized with the Yoast SEO plugin v27.4 - https:\/\/yoast.com\/product\/yoast-seo-wordpress\/ -->\n<title>Metalo darbai - Telve &amp; Laar<\/title>\n<meta name=\"robots\" content=\"index, follow, max-snippet:-1, max-image-preview:large, max-video-preview:-1\" \/>\n<link rel=\"canonical\" href=\"https:\/\/telvelaar.ee\/lt\/metalo-darbai\/\" \/>\n<meta property=\"og:locale\" content=\"lt_LT\" \/>\n<meta property=\"og:type\" content=\"article\" \/>\n<meta property=\"og:title\" content=\"Metalo darbai - Telve &amp; Laar\" \/>\n<meta property=\"og:description\" content=\"\u0160iuk\u0161li\u0173 namas Laiptin\u0117s ribos Kainos u\u017eklausa Kainos u\u017eklausa\" \/>\n<meta property=\"og:url\" content=\"https:\/\/telvelaar.ee\/lt\/metalo-darbai\/\" \/>\n<meta property=\"og:site_name\" content=\"Telve &amp; Laar\" \/>\n<meta property=\"article:modified_time\" content=\"2025-10-08T12:14:07+00:00\" \/>\n<meta name=\"twitter:card\" content=\"summary_large_image\" \/>\n<meta name=\"twitter:label1\" content=\"Est. reading time\" \/>\n\t<meta name=\"twitter:data1\" content=\"1 minut\u0117\" \/>\n<script type=\"application\/ld+json\" class=\"yoast-schema-graph\">{\"@context\":\"https:\\\/\\\/schema.org\",\"@graph\":[{\"@type\":\"WebPage\",\"@id\":\"https:\\\/\\\/telvelaar.ee\\\/lt\\\/metalo-darbai\\\/\",\"url\":\"https:\\\/\\\/telvelaar.ee\\\/lt\\\/metalo-darbai\\\/\",\"name\":\"Metalo darbai - Telve &amp; Laar\",\"isPartOf\":{\"@id\":\"https:\\\/\\\/telvelaar.ee\\\/lt\\\/#website\"},\"datePublished\":\"2024-03-07T12:51:32+00:00\",\"dateModified\":\"2025-10-08T12:14:07+00:00\",\"breadcrumb\":{\"@id\":\"https:\\\/\\\/telvelaar.ee\\\/lt\\\/metalo-darbai\\\/#breadcrumb\"},\"inLanguage\":\"lt-LT\",\"potentialAction\":[{\"@type\":\"ReadAction\",\"target\":[\"https:\\\/\\\/telvelaar.ee\\\/lt\\\/metalo-darbai\\\/\"]}]},{\"@type\":\"BreadcrumbList\",\"@id\":\"https:\\\/\\\/telvelaar.ee\\\/lt\\\/metalo-darbai\\\/#breadcrumb\",\"itemListElement\":[{\"@type\":\"ListItem\",\"position\":1,\"name\":\"Home\",\"item\":\"https:\\\/\\\/telvelaar.ee\\\/lt\\\/pagrindinis-puslapis\\\/\"},{\"@type\":\"ListItem\",\"position\":2,\"name\":\"Metalo darbai\"}]},{\"@type\":\"WebSite\",\"@id\":\"https:\\\/\\\/telvelaar.ee\\\/lt\\\/#website\",\"url\":\"https:\\\/\\\/telvelaar.ee\\\/lt\\\/\",\"name\":\"Telve & Laar\",\"description\":\"\",\"publisher\":{\"@id\":\"https:\\\/\\\/telvelaar.ee\\\/lt\\\/#organization\"},\"potentialAction\":[{\"@type\":\"SearchAction\",\"target\":{\"@type\":\"EntryPoint\",\"urlTemplate\":\"https:\\\/\\\/telvelaar.ee\\\/lt\\\/?s={search_term_string}\"},\"query-input\":{\"@type\":\"PropertyValueSpecification\",\"valueRequired\":true,\"valueName\":\"search_term_string\"}}],\"inLanguage\":\"lt-LT\"},{\"@type\":\"Organization\",\"@id\":\"https:\\\/\\\/telvelaar.ee\\\/lt\\\/#organization\",\"name\":\"Telve & Laar\",\"url\":\"https:\\\/\\\/telvelaar.ee\\\/lt\\\/\",\"logo\":{\"@type\":\"ImageObject\",\"inLanguage\":\"lt-LT\",\"@id\":\"https:\\\/\\\/telvelaar.ee\\\/lt\\\/#\\\/schema\\\/logo\\\/image\\\/\",\"url\":\"https:\\\/\\\/telvelaar.ee\\\/wp-content\\\/uploads\\\/2024\\\/04\\\/Telve_laar_logo.svg\",\"contentUrl\":\"https:\\\/\\\/telvelaar.ee\\\/wp-content\\\/uploads\\\/2024\\\/04\\\/Telve_laar_logo.svg\",\"width\":733,\"height\":431,\"caption\":\"Telve & Laar\"},\"image\":{\"@id\":\"https:\\\/\\\/telvelaar.ee\\\/lt\\\/#\\\/schema\\\/logo\\\/image\\\/\"}}]}<\/script>\n<!-- \/ Yoast SEO plugin. -->","yoast_head_json":{"title":"Metalo darbai - Telve &amp; Laar","robots":{"index":"index","follow":"follow","max-snippet":"max-snippet:-1","max-image-preview":"max-image-preview:large","max-video-preview":"max-video-preview:-1"},"canonical":"https:\/\/telvelaar.ee\/lt\/metalo-darbai\/","og_locale":"lt_LT","og_type":"article","og_title":"Metalo darbai - Telve &amp; Laar","og_description":"\u0160iuk\u0161li\u0173 namas Laiptin\u0117s ribos Kainos u\u017eklausa Kainos u\u017eklausa","og_url":"https:\/\/telvelaar.ee\/lt\/metalo-darbai\/","og_site_name":"Telve &amp; Laar","article_modified_time":"2025-10-08T12:14:07+00:00","twitter_card":"summary_large_image","twitter_misc":{"Est. reading time":"1 minut\u0117"},"schema":{"@context":"https:\/\/schema.org","@graph":[{"@type":"WebPage","@id":"https:\/\/telvelaar.ee\/lt\/metalo-darbai\/","url":"https:\/\/telvelaar.ee\/lt\/metalo-darbai\/","name":"Metalo darbai - Telve &amp; Laar","isPartOf":{"@id":"https:\/\/telvelaar.ee\/lt\/#website"},"datePublished":"2024-03-07T12:51:32+00:00","dateModified":"2025-10-08T12:14:07+00:00","breadcrumb":{"@id":"https:\/\/telvelaar.ee\/lt\/metalo-darbai\/#breadcrumb"},"inLanguage":"lt-LT","potentialAction":[{"@type":"ReadAction","target":["https:\/\/telvelaar.ee\/lt\/metalo-darbai\/"]}]},{"@type":"BreadcrumbList","@id":"https:\/\/telvelaar.ee\/lt\/metalo-darbai\/#breadcrumb","itemListElement":[{"@type":"ListItem","position":1,"name":"Home","item":"https:\/\/telvelaar.ee\/lt\/pagrindinis-puslapis\/"},{"@type":"ListItem","position":2,"name":"Metalo darbai"}]},{"@type":"WebSite","@id":"https:\/\/telvelaar.ee\/lt\/#website","url":"https:\/\/telvelaar.ee\/lt\/","name":"Telve & Laar","description":"","publisher":{"@id":"https:\/\/telvelaar.ee\/lt\/#organization"},"potentialAction":[{"@type":"SearchAction","target":{"@type":"EntryPoint","urlTemplate":"https:\/\/telvelaar.ee\/lt\/?s={search_term_string}"},"query-input":{"@type":"PropertyValueSpecification","valueRequired":true,"valueName":"search_term_string"}}],"inLanguage":"lt-LT"},{"@type":"Organization","@id":"https:\/\/telvelaar.ee\/lt\/#organization","name":"Telve & Laar","url":"https:\/\/telvelaar.ee\/lt\/","logo":{"@type":"ImageObject","inLanguage":"lt-LT","@id":"https:\/\/telvelaar.ee\/lt\/#\/schema\/logo\/image\/","url":"https:\/\/telvelaar.ee\/wp-content\/uploads\/2024\/04\/Telve_laar_logo.svg","contentUrl":"https:\/\/telvelaar.ee\/wp-content\/uploads\/2024\/04\/Telve_laar_logo.svg","width":733,"height":431,"caption":"Telve & Laar"},"image":{"@id":"https:\/\/telvelaar.ee\/lt\/#\/schema\/logo\/image\/"}}]}},"_links":{"self":[{"href":"https:\/\/telvelaar.ee\/lt\/wp-json\/wp\/v2\/pages\/3987","targetHints":{"allow":["GET"]}}],"collection":[{"href":"https:\/\/telvelaar.ee\/lt\/wp-json\/wp\/v2\/pages"}],"about":[{"href":"https:\/\/telvelaar.ee\/lt\/wp-json\/wp\/v2\/types\/page"}],"author":[{"embeddable":true,"href":"https:\/\/telvelaar.ee\/lt\/wp-json\/wp\/v2\/users\/1"}],"replies":[{"embeddable":true,"href":"https:\/\/telvelaar.ee\/lt\/wp-json\/wp\/v2\/comments?post=3987"}],"version-history":[{"count":8,"href":"https:\/\/telvelaar.ee\/lt\/wp-json\/wp\/v2\/pages\/3987\/revisions"}],"predecessor-version":[{"id":4789,"href":"https:\/\/telvelaar.ee\/lt\/wp-json\/wp\/v2\/pages\/3987\/revisions\/4789"}],"wp:attachment":[{"href":"https:\/\/telvelaar.ee\/lt\/wp-json\/wp\/v2\/media?parent=3987"}],"curies":[{"name":"wp","href":"https:\/\/api.w.org\/{rel}","templated":true}]}}