{"id":2784,"date":"2024-04-02T10:07:59","date_gmt":"2024-04-02T07:07:59","guid":{"rendered":"https:\/\/telvelaar.ee\/product\/valcavimo-reples-mw-s2-50-kampu\/"},"modified":"2024-07-05T10:40:41","modified_gmt":"2024-07-05T07:40:41","slug":"valcavimo-reples-mw-s2-50-kampu","status":"publish","type":"product","link":"https:\/\/telvelaar.ee\/lt\/produktas\/valcavimo-reples-mw-s2-50-kampu\/","title":{"rendered":"Valcavimo repl\u0117s MW-S2 50\u00b0 kampu"},"content":{"rendered":"<p>Plonam lak\u0161tiniam metalui (iki 0,8 mm \u0161altuoju b\u016bdu valcuotai skardai ir 0,5 mm ner\u016bdijan\u010diojo plieno skardai) lankstyti ir suspausti. Ant valcavimo repli\u0173 yra lankstymo gyl\u012f \u017eymin\u010dios linijos. Lankstymo gylis 30 mm.<\/p>\n<p>Lankstymo plotis 80 mm.<\/p>\n<p>Negalima lankstyti apvaliojo metalo.<\/p>\n","protected":false},"excerpt":{"rendered":"<p>Plonam lak\u0161tiniam metalui (iki 0,8 mm \u0161altuoju b\u016bdu valcuotai skardai ir 0,5 mm ner\u016bdijan\u010diojo plieno skardai) lankstyti ir suspausti.<\/p>\n","protected":false},"featured_media":1351,"comment_status":"open","ping_status":"closed","template":"","meta":{"inline_featured_image":false},"product_brand":[],"product_cat":[71],"product_tag":[],"class_list":{"0":"post-2784","1":"product","2":"type-product","3":"status-publish","4":"has-post-thumbnail","6":"product_cat-valcavimo-reples","8":"first","9":"instock","10":"taxable","11":"shipping-taxable","12":"purchasable","13":"product-type-simple","14":"berocket_lgv_grid","15":"berocket_lgv_list_grid"},"yoast_head":"<!-- This site is optimized with the Yoast SEO plugin v27.4 - https:\/\/yoast.com\/product\/yoast-seo-wordpress\/ -->\n<title>Valcavimo repl\u0117s MW-S2 50\u00b0 kampu - Telve &amp; Laar<\/title>\n<meta name=\"robots\" content=\"index, follow, max-snippet:-1, max-image-preview:large, max-video-preview:-1\" \/>\n<link rel=\"canonical\" href=\"https:\/\/telvelaar.ee\/lt\/produktas\/valcavimo-reples-mw-s2-50-kampu\/\" \/>\n<meta property=\"og:locale\" content=\"lt_LT\" \/>\n<meta property=\"og:type\" content=\"article\" \/>\n<meta property=\"og:title\" content=\"Valcavimo repl\u0117s MW-S2 50\u00b0 kampu - Telve &amp; Laar\" \/>\n<meta property=\"og:description\" content=\"Plonam lak\u0161tiniam metalui (iki 0,8 mm \u0161altuoju b\u016bdu valcuotai skardai ir 0,5 mm ner\u016bdijan\u010diojo plieno skardai) lankstyti ir suspausti.\" \/>\n<meta property=\"og:url\" content=\"https:\/\/telvelaar.ee\/lt\/produktas\/valcavimo-reples-mw-s2-50-kampu\/\" \/>\n<meta property=\"og:site_name\" content=\"Telve &amp; Laar\" \/>\n<meta property=\"article:modified_time\" content=\"2024-07-05T07:40:41+00:00\" \/>\n<meta property=\"og:image\" content=\"https:\/\/telvelaar.ee\/wp-content\/uploads\/2024\/04\/FCT-M-S2s.gif\" \/>\n\t<meta property=\"og:image:width\" content=\"200\" \/>\n\t<meta property=\"og:image:height\" content=\"362\" \/>\n\t<meta property=\"og:image:type\" content=\"image\/gif\" \/>\n<meta name=\"twitter:card\" content=\"summary_large_image\" \/>\n<script type=\"application\/ld+json\" class=\"yoast-schema-graph\">{\"@context\":\"https:\\\/\\\/schema.org\",\"@graph\":[{\"@type\":\"WebPage\",\"@id\":\"https:\\\/\\\/telvelaar.ee\\\/lt\\\/produktas\\\/valcavimo-reples-mw-s2-50-kampu\\\/\",\"url\":\"https:\\\/\\\/telvelaar.ee\\\/lt\\\/produktas\\\/valcavimo-reples-mw-s2-50-kampu\\\/\",\"name\":\"Valcavimo repl\u0117s MW-S2 50\u00b0 kampu - Telve &amp; Laar\",\"isPartOf\":{\"@id\":\"https:\\\/\\\/telvelaar.ee\\\/lt\\\/#website\"},\"primaryImageOfPage\":{\"@id\":\"https:\\\/\\\/telvelaar.ee\\\/lt\\\/produktas\\\/valcavimo-reples-mw-s2-50-kampu\\\/#primaryimage\"},\"image\":{\"@id\":\"https:\\\/\\\/telvelaar.ee\\\/lt\\\/produktas\\\/valcavimo-reples-mw-s2-50-kampu\\\/#primaryimage\"},\"thumbnailUrl\":\"https:\\\/\\\/telvelaar.ee\\\/wp-content\\\/uploads\\\/2024\\\/04\\\/FCT-M-S2s.gif\",\"datePublished\":\"2024-04-02T07:07:59+00:00\",\"dateModified\":\"2024-07-05T07:40:41+00:00\",\"breadcrumb\":{\"@id\":\"https:\\\/\\\/telvelaar.ee\\\/lt\\\/produktas\\\/valcavimo-reples-mw-s2-50-kampu\\\/#breadcrumb\"},\"inLanguage\":\"lt-LT\",\"potentialAction\":[{\"@type\":\"ReadAction\",\"target\":[\"https:\\\/\\\/telvelaar.ee\\\/lt\\\/produktas\\\/valcavimo-reples-mw-s2-50-kampu\\\/\"]}]},{\"@type\":\"ImageObject\",\"inLanguage\":\"lt-LT\",\"@id\":\"https:\\\/\\\/telvelaar.ee\\\/lt\\\/produktas\\\/valcavimo-reples-mw-s2-50-kampu\\\/#primaryimage\",\"url\":\"https:\\\/\\\/telvelaar.ee\\\/wp-content\\\/uploads\\\/2024\\\/04\\\/FCT-M-S2s.gif\",\"contentUrl\":\"https:\\\/\\\/telvelaar.ee\\\/wp-content\\\/uploads\\\/2024\\\/04\\\/FCT-M-S2s.gif\",\"width\":200,\"height\":362},{\"@type\":\"BreadcrumbList\",\"@id\":\"https:\\\/\\\/telvelaar.ee\\\/lt\\\/produktas\\\/valcavimo-reples-mw-s2-50-kampu\\\/#breadcrumb\",\"itemListElement\":[{\"@type\":\"ListItem\",\"position\":1,\"name\":\"Home\",\"item\":\"https:\\\/\\\/telvelaar.ee\\\/lt\\\/pagrindinis-puslapis\\\/\"},{\"@type\":\"ListItem\",\"position\":2,\"name\":\"Shop\",\"item\":\"https:\\\/\\\/telvelaar.ee\\\/lt\\\/shop\\\/\"},{\"@type\":\"ListItem\",\"position\":3,\"name\":\"Valcavimo repl\u0117s MW-S2 50\u00b0 kampu\"}]},{\"@type\":\"WebSite\",\"@id\":\"https:\\\/\\\/telvelaar.ee\\\/lt\\\/#website\",\"url\":\"https:\\\/\\\/telvelaar.ee\\\/lt\\\/\",\"name\":\"Telve & Laar\",\"description\":\"\",\"publisher\":{\"@id\":\"https:\\\/\\\/telvelaar.ee\\\/lt\\\/#organization\"},\"potentialAction\":[{\"@type\":\"SearchAction\",\"target\":{\"@type\":\"EntryPoint\",\"urlTemplate\":\"https:\\\/\\\/telvelaar.ee\\\/lt\\\/?s={search_term_string}\"},\"query-input\":{\"@type\":\"PropertyValueSpecification\",\"valueRequired\":true,\"valueName\":\"search_term_string\"}}],\"inLanguage\":\"lt-LT\"},{\"@type\":\"Organization\",\"@id\":\"https:\\\/\\\/telvelaar.ee\\\/lt\\\/#organization\",\"name\":\"Telve & Laar\",\"url\":\"https:\\\/\\\/telvelaar.ee\\\/lt\\\/\",\"logo\":{\"@type\":\"ImageObject\",\"inLanguage\":\"lt-LT\",\"@id\":\"https:\\\/\\\/telvelaar.ee\\\/lt\\\/#\\\/schema\\\/logo\\\/image\\\/\",\"url\":\"https:\\\/\\\/telvelaar.ee\\\/wp-content\\\/uploads\\\/2024\\\/04\\\/Telve_laar_logo.svg\",\"contentUrl\":\"https:\\\/\\\/telvelaar.ee\\\/wp-content\\\/uploads\\\/2024\\\/04\\\/Telve_laar_logo.svg\",\"width\":733,\"height\":431,\"caption\":\"Telve & Laar\"},\"image\":{\"@id\":\"https:\\\/\\\/telvelaar.ee\\\/lt\\\/#\\\/schema\\\/logo\\\/image\\\/\"}}]}<\/script>\n<!-- \/ Yoast SEO plugin. -->","yoast_head_json":{"title":"Valcavimo repl\u0117s MW-S2 50\u00b0 kampu - Telve &amp; Laar","robots":{"index":"index","follow":"follow","max-snippet":"max-snippet:-1","max-image-preview":"max-image-preview:large","max-video-preview":"max-video-preview:-1"},"canonical":"https:\/\/telvelaar.ee\/lt\/produktas\/valcavimo-reples-mw-s2-50-kampu\/","og_locale":"lt_LT","og_type":"article","og_title":"Valcavimo repl\u0117s MW-S2 50\u00b0 kampu - Telve &amp; Laar","og_description":"Plonam lak\u0161tiniam metalui (iki 0,8 mm \u0161altuoju b\u016bdu valcuotai skardai ir 0,5 mm ner\u016bdijan\u010diojo plieno skardai) lankstyti ir suspausti.","og_url":"https:\/\/telvelaar.ee\/lt\/produktas\/valcavimo-reples-mw-s2-50-kampu\/","og_site_name":"Telve &amp; Laar","article_modified_time":"2024-07-05T07:40:41+00:00","og_image":[{"width":200,"height":362,"url":"https:\/\/telvelaar.ee\/wp-content\/uploads\/2024\/04\/FCT-M-S2s.gif","type":"image\/gif"}],"twitter_card":"summary_large_image","schema":{"@context":"https:\/\/schema.org","@graph":[{"@type":"WebPage","@id":"https:\/\/telvelaar.ee\/lt\/produktas\/valcavimo-reples-mw-s2-50-kampu\/","url":"https:\/\/telvelaar.ee\/lt\/produktas\/valcavimo-reples-mw-s2-50-kampu\/","name":"Valcavimo repl\u0117s MW-S2 50\u00b0 kampu - Telve &amp; Laar","isPartOf":{"@id":"https:\/\/telvelaar.ee\/lt\/#website"},"primaryImageOfPage":{"@id":"https:\/\/telvelaar.ee\/lt\/produktas\/valcavimo-reples-mw-s2-50-kampu\/#primaryimage"},"image":{"@id":"https:\/\/telvelaar.ee\/lt\/produktas\/valcavimo-reples-mw-s2-50-kampu\/#primaryimage"},"thumbnailUrl":"https:\/\/telvelaar.ee\/wp-content\/uploads\/2024\/04\/FCT-M-S2s.gif","datePublished":"2024-04-02T07:07:59+00:00","dateModified":"2024-07-05T07:40:41+00:00","breadcrumb":{"@id":"https:\/\/telvelaar.ee\/lt\/produktas\/valcavimo-reples-mw-s2-50-kampu\/#breadcrumb"},"inLanguage":"lt-LT","potentialAction":[{"@type":"ReadAction","target":["https:\/\/telvelaar.ee\/lt\/produktas\/valcavimo-reples-mw-s2-50-kampu\/"]}]},{"@type":"ImageObject","inLanguage":"lt-LT","@id":"https:\/\/telvelaar.ee\/lt\/produktas\/valcavimo-reples-mw-s2-50-kampu\/#primaryimage","url":"https:\/\/telvelaar.ee\/wp-content\/uploads\/2024\/04\/FCT-M-S2s.gif","contentUrl":"https:\/\/telvelaar.ee\/wp-content\/uploads\/2024\/04\/FCT-M-S2s.gif","width":200,"height":362},{"@type":"BreadcrumbList","@id":"https:\/\/telvelaar.ee\/lt\/produktas\/valcavimo-reples-mw-s2-50-kampu\/#breadcrumb","itemListElement":[{"@type":"ListItem","position":1,"name":"Home","item":"https:\/\/telvelaar.ee\/lt\/pagrindinis-puslapis\/"},{"@type":"ListItem","position":2,"name":"Shop","item":"https:\/\/telvelaar.ee\/lt\/shop\/"},{"@type":"ListItem","position":3,"name":"Valcavimo repl\u0117s MW-S2 50\u00b0 kampu"}]},{"@type":"WebSite","@id":"https:\/\/telvelaar.ee\/lt\/#website","url":"https:\/\/telvelaar.ee\/lt\/","name":"Telve & Laar","description":"","publisher":{"@id":"https:\/\/telvelaar.ee\/lt\/#organization"},"potentialAction":[{"@type":"SearchAction","target":{"@type":"EntryPoint","urlTemplate":"https:\/\/telvelaar.ee\/lt\/?s={search_term_string}"},"query-input":{"@type":"PropertyValueSpecification","valueRequired":true,"valueName":"search_term_string"}}],"inLanguage":"lt-LT"},{"@type":"Organization","@id":"https:\/\/telvelaar.ee\/lt\/#organization","name":"Telve & Laar","url":"https:\/\/telvelaar.ee\/lt\/","logo":{"@type":"ImageObject","inLanguage":"lt-LT","@id":"https:\/\/telvelaar.ee\/lt\/#\/schema\/logo\/image\/","url":"https:\/\/telvelaar.ee\/wp-content\/uploads\/2024\/04\/Telve_laar_logo.svg","contentUrl":"https:\/\/telvelaar.ee\/wp-content\/uploads\/2024\/04\/Telve_laar_logo.svg","width":733,"height":431,"caption":"Telve & Laar"},"image":{"@id":"https:\/\/telvelaar.ee\/lt\/#\/schema\/logo\/image\/"}}]}},"_links":{"self":[{"href":"https:\/\/telvelaar.ee\/lt\/wp-json\/wp\/v2\/product\/2784","targetHints":{"allow":["GET"]}}],"collection":[{"href":"https:\/\/telvelaar.ee\/lt\/wp-json\/wp\/v2\/product"}],"about":[{"href":"https:\/\/telvelaar.ee\/lt\/wp-json\/wp\/v2\/types\/product"}],"replies":[{"embeddable":true,"href":"https:\/\/telvelaar.ee\/lt\/wp-json\/wp\/v2\/comments?post=2784"}],"wp:featuredmedia":[{"embeddable":true,"href":"https:\/\/telvelaar.ee\/lt\/wp-json\/wp\/v2\/media\/1351"}],"wp:attachment":[{"href":"https:\/\/telvelaar.ee\/lt\/wp-json\/wp\/v2\/media?parent=2784"}],"wp:term":[{"taxonomy":"product_brand","embeddable":true,"href":"https:\/\/telvelaar.ee\/lt\/wp-json\/wp\/v2\/product_brand?post=2784"},{"taxonomy":"product_cat","embeddable":true,"href":"https:\/\/telvelaar.ee\/lt\/wp-json\/wp\/v2\/product_cat?post=2784"},{"taxonomy":"product_tag","embeddable":true,"href":"https:\/\/telvelaar.ee\/lt\/wp-json\/wp\/v2\/product_tag?post=2784"}],"curies":[{"name":"wp","href":"https:\/\/api.w.org\/{rel}","templated":true}]}}