{"id":2793,"date":"2024-04-02T10:57:52","date_gmt":"2024-04-02T07:57:52","guid":{"rendered":"https:\/\/telvelaar.ee\/product\/sujungimo-reples-mwt-l1\/"},"modified":"2024-07-05T10:38:56","modified_gmt":"2024-07-05T07:38:56","slug":"sujungimo-reples-mwt-l1","status":"publish","type":"product","link":"https:\/\/telvelaar.ee\/lt\/produktas\/sujungimo-reples-mwt-l1\/","title":{"rendered":"Sujungimo repl\u0117s MWT-L1"},"content":{"rendered":"<p>Naudojimas: vamzd\u017ei\u0173, pagamint\u0173 i\u0161 plono lak\u0161tinio metalo (iki 0,53 mm \u0161altuoju b\u016bdu valcuotos skardos ir 0,35 mm ner\u016bdijan\u010diojo plieno skardos), velenams sujungti ar prie lietaus nuotek\u0173 vamzd\u017eio pritvirtinti. Sujungia vien\u0105 ant kito esan\u010dius skardos lak\u0161t\u0173 kra\u0161tus.<\/p>\n<p>Sujungimo ilgis 9,5 mm.<\/p>\n","protected":false},"excerpt":{"rendered":"<p>Vamzd\u017ei\u0173, pagamint\u0173 i\u0161 plono lak\u0161tinio metalo (iki 0,53 mm \u0161altuoju b\u016bdu valcuotos skardos ir 0,35 mm ner\u016bdijan\u010diojo plieno skardos), velenams sujungti ar prie lietaus nuotek\u0173 vamzd\u017eio pritvirtinti.<\/p>\n","protected":false},"featured_media":1431,"comment_status":"open","ping_status":"closed","template":"","meta":{"inline_featured_image":false},"product_brand":[],"product_cat":[74],"product_tag":[],"class_list":{"0":"post-2793","1":"product","2":"type-product","3":"status-publish","4":"has-post-thumbnail","6":"product_cat-daugiau-irankiu","8":"first","9":"outofstock","10":"taxable","11":"shipping-taxable","12":"purchasable","13":"product-type-simple","14":"berocket_lgv_grid","15":"berocket_lgv_list_grid"},"yoast_head":"<!-- This site is optimized with the Yoast SEO plugin v27.4 - https:\/\/yoast.com\/product\/yoast-seo-wordpress\/ -->\n<title>Sujungimo repl\u0117s MWT-L1 - Telve &amp; Laar<\/title>\n<meta name=\"robots\" content=\"index, follow, max-snippet:-1, max-image-preview:large, max-video-preview:-1\" \/>\n<link rel=\"canonical\" href=\"https:\/\/telvelaar.ee\/lt\/produktas\/sujungimo-reples-mwt-l1\/\" \/>\n<meta property=\"og:locale\" content=\"lt_LT\" \/>\n<meta property=\"og:type\" content=\"article\" \/>\n<meta property=\"og:title\" content=\"Sujungimo repl\u0117s MWT-L1 - Telve &amp; Laar\" \/>\n<meta property=\"og:description\" content=\"Vamzd\u017ei\u0173, pagamint\u0173 i\u0161 plono lak\u0161tinio metalo (iki 0,53 mm \u0161altuoju b\u016bdu valcuotos skardos ir 0,35 mm ner\u016bdijan\u010diojo plieno skardos), velenams sujungti ar prie lietaus nuotek\u0173 vamzd\u017eio pritvirtinti.\" \/>\n<meta property=\"og:url\" content=\"https:\/\/telvelaar.ee\/lt\/produktas\/sujungimo-reples-mwt-l1\/\" \/>\n<meta property=\"og:site_name\" content=\"Telve &amp; Laar\" \/>\n<meta property=\"article:modified_time\" content=\"2024-07-05T07:38:56+00:00\" \/>\n<meta property=\"og:image\" content=\"https:\/\/telvelaar.ee\/wp-content\/uploads\/2024\/04\/FCT-M-L1s.gif\" \/>\n\t<meta property=\"og:image:width\" content=\"200\" \/>\n\t<meta property=\"og:image:height\" content=\"444\" \/>\n\t<meta property=\"og:image:type\" content=\"image\/gif\" \/>\n<meta name=\"twitter:card\" content=\"summary_large_image\" \/>\n<script type=\"application\/ld+json\" class=\"yoast-schema-graph\">{\"@context\":\"https:\\\/\\\/schema.org\",\"@graph\":[{\"@type\":\"WebPage\",\"@id\":\"https:\\\/\\\/telvelaar.ee\\\/lt\\\/produktas\\\/sujungimo-reples-mwt-l1\\\/\",\"url\":\"https:\\\/\\\/telvelaar.ee\\\/lt\\\/produktas\\\/sujungimo-reples-mwt-l1\\\/\",\"name\":\"Sujungimo repl\u0117s MWT-L1 - Telve &amp; Laar\",\"isPartOf\":{\"@id\":\"https:\\\/\\\/telvelaar.ee\\\/lt\\\/#website\"},\"primaryImageOfPage\":{\"@id\":\"https:\\\/\\\/telvelaar.ee\\\/lt\\\/produktas\\\/sujungimo-reples-mwt-l1\\\/#primaryimage\"},\"image\":{\"@id\":\"https:\\\/\\\/telvelaar.ee\\\/lt\\\/produktas\\\/sujungimo-reples-mwt-l1\\\/#primaryimage\"},\"thumbnailUrl\":\"https:\\\/\\\/telvelaar.ee\\\/wp-content\\\/uploads\\\/2024\\\/04\\\/FCT-M-L1s.gif\",\"datePublished\":\"2024-04-02T07:57:52+00:00\",\"dateModified\":\"2024-07-05T07:38:56+00:00\",\"breadcrumb\":{\"@id\":\"https:\\\/\\\/telvelaar.ee\\\/lt\\\/produktas\\\/sujungimo-reples-mwt-l1\\\/#breadcrumb\"},\"inLanguage\":\"lt-LT\",\"potentialAction\":[{\"@type\":\"ReadAction\",\"target\":[\"https:\\\/\\\/telvelaar.ee\\\/lt\\\/produktas\\\/sujungimo-reples-mwt-l1\\\/\"]}]},{\"@type\":\"ImageObject\",\"inLanguage\":\"lt-LT\",\"@id\":\"https:\\\/\\\/telvelaar.ee\\\/lt\\\/produktas\\\/sujungimo-reples-mwt-l1\\\/#primaryimage\",\"url\":\"https:\\\/\\\/telvelaar.ee\\\/wp-content\\\/uploads\\\/2024\\\/04\\\/FCT-M-L1s.gif\",\"contentUrl\":\"https:\\\/\\\/telvelaar.ee\\\/wp-content\\\/uploads\\\/2024\\\/04\\\/FCT-M-L1s.gif\",\"width\":200,\"height\":444},{\"@type\":\"BreadcrumbList\",\"@id\":\"https:\\\/\\\/telvelaar.ee\\\/lt\\\/produktas\\\/sujungimo-reples-mwt-l1\\\/#breadcrumb\",\"itemListElement\":[{\"@type\":\"ListItem\",\"position\":1,\"name\":\"Home\",\"item\":\"https:\\\/\\\/telvelaar.ee\\\/lt\\\/pagrindinis-puslapis\\\/\"},{\"@type\":\"ListItem\",\"position\":2,\"name\":\"Shop\",\"item\":\"https:\\\/\\\/telvelaar.ee\\\/lt\\\/shop\\\/\"},{\"@type\":\"ListItem\",\"position\":3,\"name\":\"Sujungimo repl\u0117s MWT-L1\"}]},{\"@type\":\"WebSite\",\"@id\":\"https:\\\/\\\/telvelaar.ee\\\/lt\\\/#website\",\"url\":\"https:\\\/\\\/telvelaar.ee\\\/lt\\\/\",\"name\":\"Telve & Laar\",\"description\":\"\",\"publisher\":{\"@id\":\"https:\\\/\\\/telvelaar.ee\\\/lt\\\/#organization\"},\"potentialAction\":[{\"@type\":\"SearchAction\",\"target\":{\"@type\":\"EntryPoint\",\"urlTemplate\":\"https:\\\/\\\/telvelaar.ee\\\/lt\\\/?s={search_term_string}\"},\"query-input\":{\"@type\":\"PropertyValueSpecification\",\"valueRequired\":true,\"valueName\":\"search_term_string\"}}],\"inLanguage\":\"lt-LT\"},{\"@type\":\"Organization\",\"@id\":\"https:\\\/\\\/telvelaar.ee\\\/lt\\\/#organization\",\"name\":\"Telve & Laar\",\"url\":\"https:\\\/\\\/telvelaar.ee\\\/lt\\\/\",\"logo\":{\"@type\":\"ImageObject\",\"inLanguage\":\"lt-LT\",\"@id\":\"https:\\\/\\\/telvelaar.ee\\\/lt\\\/#\\\/schema\\\/logo\\\/image\\\/\",\"url\":\"https:\\\/\\\/telvelaar.ee\\\/wp-content\\\/uploads\\\/2024\\\/04\\\/Telve_laar_logo.svg\",\"contentUrl\":\"https:\\\/\\\/telvelaar.ee\\\/wp-content\\\/uploads\\\/2024\\\/04\\\/Telve_laar_logo.svg\",\"width\":733,\"height\":431,\"caption\":\"Telve & Laar\"},\"image\":{\"@id\":\"https:\\\/\\\/telvelaar.ee\\\/lt\\\/#\\\/schema\\\/logo\\\/image\\\/\"}}]}<\/script>\n<!-- \/ Yoast SEO plugin. -->","yoast_head_json":{"title":"Sujungimo repl\u0117s MWT-L1 - Telve &amp; Laar","robots":{"index":"index","follow":"follow","max-snippet":"max-snippet:-1","max-image-preview":"max-image-preview:large","max-video-preview":"max-video-preview:-1"},"canonical":"https:\/\/telvelaar.ee\/lt\/produktas\/sujungimo-reples-mwt-l1\/","og_locale":"lt_LT","og_type":"article","og_title":"Sujungimo repl\u0117s MWT-L1 - Telve &amp; Laar","og_description":"Vamzd\u017ei\u0173, pagamint\u0173 i\u0161 plono lak\u0161tinio metalo (iki 0,53 mm \u0161altuoju b\u016bdu valcuotos skardos ir 0,35 mm ner\u016bdijan\u010diojo plieno skardos), velenams sujungti ar prie lietaus nuotek\u0173 vamzd\u017eio pritvirtinti.","og_url":"https:\/\/telvelaar.ee\/lt\/produktas\/sujungimo-reples-mwt-l1\/","og_site_name":"Telve &amp; Laar","article_modified_time":"2024-07-05T07:38:56+00:00","og_image":[{"width":200,"height":444,"url":"https:\/\/telvelaar.ee\/wp-content\/uploads\/2024\/04\/FCT-M-L1s.gif","type":"image\/gif"}],"twitter_card":"summary_large_image","schema":{"@context":"https:\/\/schema.org","@graph":[{"@type":"WebPage","@id":"https:\/\/telvelaar.ee\/lt\/produktas\/sujungimo-reples-mwt-l1\/","url":"https:\/\/telvelaar.ee\/lt\/produktas\/sujungimo-reples-mwt-l1\/","name":"Sujungimo repl\u0117s MWT-L1 - Telve &amp; Laar","isPartOf":{"@id":"https:\/\/telvelaar.ee\/lt\/#website"},"primaryImageOfPage":{"@id":"https:\/\/telvelaar.ee\/lt\/produktas\/sujungimo-reples-mwt-l1\/#primaryimage"},"image":{"@id":"https:\/\/telvelaar.ee\/lt\/produktas\/sujungimo-reples-mwt-l1\/#primaryimage"},"thumbnailUrl":"https:\/\/telvelaar.ee\/wp-content\/uploads\/2024\/04\/FCT-M-L1s.gif","datePublished":"2024-04-02T07:57:52+00:00","dateModified":"2024-07-05T07:38:56+00:00","breadcrumb":{"@id":"https:\/\/telvelaar.ee\/lt\/produktas\/sujungimo-reples-mwt-l1\/#breadcrumb"},"inLanguage":"lt-LT","potentialAction":[{"@type":"ReadAction","target":["https:\/\/telvelaar.ee\/lt\/produktas\/sujungimo-reples-mwt-l1\/"]}]},{"@type":"ImageObject","inLanguage":"lt-LT","@id":"https:\/\/telvelaar.ee\/lt\/produktas\/sujungimo-reples-mwt-l1\/#primaryimage","url":"https:\/\/telvelaar.ee\/wp-content\/uploads\/2024\/04\/FCT-M-L1s.gif","contentUrl":"https:\/\/telvelaar.ee\/wp-content\/uploads\/2024\/04\/FCT-M-L1s.gif","width":200,"height":444},{"@type":"BreadcrumbList","@id":"https:\/\/telvelaar.ee\/lt\/produktas\/sujungimo-reples-mwt-l1\/#breadcrumb","itemListElement":[{"@type":"ListItem","position":1,"name":"Home","item":"https:\/\/telvelaar.ee\/lt\/pagrindinis-puslapis\/"},{"@type":"ListItem","position":2,"name":"Shop","item":"https:\/\/telvelaar.ee\/lt\/shop\/"},{"@type":"ListItem","position":3,"name":"Sujungimo repl\u0117s MWT-L1"}]},{"@type":"WebSite","@id":"https:\/\/telvelaar.ee\/lt\/#website","url":"https:\/\/telvelaar.ee\/lt\/","name":"Telve & Laar","description":"","publisher":{"@id":"https:\/\/telvelaar.ee\/lt\/#organization"},"potentialAction":[{"@type":"SearchAction","target":{"@type":"EntryPoint","urlTemplate":"https:\/\/telvelaar.ee\/lt\/?s={search_term_string}"},"query-input":{"@type":"PropertyValueSpecification","valueRequired":true,"valueName":"search_term_string"}}],"inLanguage":"lt-LT"},{"@type":"Organization","@id":"https:\/\/telvelaar.ee\/lt\/#organization","name":"Telve & Laar","url":"https:\/\/telvelaar.ee\/lt\/","logo":{"@type":"ImageObject","inLanguage":"lt-LT","@id":"https:\/\/telvelaar.ee\/lt\/#\/schema\/logo\/image\/","url":"https:\/\/telvelaar.ee\/wp-content\/uploads\/2024\/04\/Telve_laar_logo.svg","contentUrl":"https:\/\/telvelaar.ee\/wp-content\/uploads\/2024\/04\/Telve_laar_logo.svg","width":733,"height":431,"caption":"Telve & Laar"},"image":{"@id":"https:\/\/telvelaar.ee\/lt\/#\/schema\/logo\/image\/"}}]}},"_links":{"self":[{"href":"https:\/\/telvelaar.ee\/lt\/wp-json\/wp\/v2\/product\/2793","targetHints":{"allow":["GET"]}}],"collection":[{"href":"https:\/\/telvelaar.ee\/lt\/wp-json\/wp\/v2\/product"}],"about":[{"href":"https:\/\/telvelaar.ee\/lt\/wp-json\/wp\/v2\/types\/product"}],"replies":[{"embeddable":true,"href":"https:\/\/telvelaar.ee\/lt\/wp-json\/wp\/v2\/comments?post=2793"}],"wp:featuredmedia":[{"embeddable":true,"href":"https:\/\/telvelaar.ee\/lt\/wp-json\/wp\/v2\/media\/1431"}],"wp:attachment":[{"href":"https:\/\/telvelaar.ee\/lt\/wp-json\/wp\/v2\/media?parent=2793"}],"wp:term":[{"taxonomy":"product_brand","embeddable":true,"href":"https:\/\/telvelaar.ee\/lt\/wp-json\/wp\/v2\/product_brand?post=2793"},{"taxonomy":"product_cat","embeddable":true,"href":"https:\/\/telvelaar.ee\/lt\/wp-json\/wp\/v2\/product_cat?post=2793"},{"taxonomy":"product_tag","embeddable":true,"href":"https:\/\/telvelaar.ee\/lt\/wp-json\/wp\/v2\/product_tag?post=2793"}],"curies":[{"name":"wp","href":"https:\/\/api.w.org\/{rel}","templated":true}]}}