{"id":2805,"date":"2024-04-02T11:29:36","date_gmt":"2024-04-02T08:29:36","guid":{"rendered":"https:\/\/telvelaar.ee\/product\/zirkles-skardai-kirpti-mwt-6510s\/"},"modified":"2024-04-30T16:00:21","modified_gmt":"2024-04-30T13:00:21","slug":"zirkles-skardai-kirpti-mwt-6510s","status":"publish","type":"product","link":"https:\/\/telvelaar.ee\/lt\/produktas\/zirkles-skardai-kirpti-mwt-6510s\/","title":{"rendered":"\u017dirkl\u0117s skardai kirpti MWT-6510S"},"content":{"rendered":"<p>Plonam lak\u0161tiniam metalui (iki 0,8 mm \u0161altuoju b\u016bdu valcuotai skardai ir 0,5 mm ner\u016bdijan\u010diojo plieno skardai) kirpti<b> <\/b><\/p>\n<p><b>Kirpimo kryptis &#8211; \u012f kair\u0119, \u012f de\u0161in\u0119 ir tiesiai. <\/b><\/p>\n<p><b>Kirpimo ilgis \u2013 40 mm <\/b><\/p>\n<p><b>Negalima pjaustyti apvaliojo metalo.<\/b><\/p>\n<p><b>Naudokite apsauginius akinius.<\/b><\/p>\n","protected":false},"excerpt":{"rendered":"<p>Plonam lak\u0161tiniam metalui (iki 0,8 mm \u0161altuoju b\u016bdu valcuotai skardai ir 0,5 mm ner\u016bdijan\u010diojo plieno skardai) kirpti<\/p>\n","protected":false},"featured_media":1494,"comment_status":"open","ping_status":"closed","template":"","meta":{"inline_featured_image":false},"product_brand":[],"product_cat":[69],"product_tag":[],"class_list":{"0":"post-2805","1":"product","2":"type-product","3":"status-publish","4":"has-post-thumbnail","6":"product_cat-zirkles-skardai-kirpti","8":"first","9":"instock","10":"taxable","11":"shipping-taxable","12":"purchasable","13":"product-type-simple","14":"berocket_lgv_grid","15":"berocket_lgv_list_grid"},"yoast_head":"<!-- This site is optimized with the Yoast SEO plugin v27.4 - https:\/\/yoast.com\/product\/yoast-seo-wordpress\/ -->\n<title>\u017dirkl\u0117s skardai kirpti MWT-6510S - Telve &amp; Laar<\/title>\n<meta name=\"robots\" content=\"index, follow, max-snippet:-1, max-image-preview:large, max-video-preview:-1\" \/>\n<link rel=\"canonical\" href=\"https:\/\/telvelaar.ee\/lt\/produktas\/zirkles-skardai-kirpti-mwt-6510s\/\" \/>\n<meta property=\"og:locale\" content=\"lt_LT\" \/>\n<meta property=\"og:type\" content=\"article\" \/>\n<meta property=\"og:title\" content=\"\u017dirkl\u0117s skardai kirpti MWT-6510S - Telve &amp; Laar\" \/>\n<meta property=\"og:description\" content=\"Plonam lak\u0161tiniam metalui (iki 0,8 mm \u0161altuoju b\u016bdu valcuotai skardai ir 0,5 mm ner\u016bdijan\u010diojo plieno skardai) kirpti\" \/>\n<meta property=\"og:url\" content=\"https:\/\/telvelaar.ee\/lt\/produktas\/zirkles-skardai-kirpti-mwt-6510s\/\" \/>\n<meta property=\"og:site_name\" content=\"Telve &amp; Laar\" \/>\n<meta property=\"article:modified_time\" content=\"2024-04-30T13:00:21+00:00\" \/>\n<meta property=\"og:image\" content=\"https:\/\/telvelaar.ee\/wp-content\/uploads\/2024\/04\/MW-P6510S.jpg\" \/>\n\t<meta property=\"og:image:width\" content=\"156\" \/>\n\t<meta property=\"og:image:height\" content=\"494\" \/>\n\t<meta property=\"og:image:type\" content=\"image\/jpeg\" \/>\n<meta name=\"twitter:card\" content=\"summary_large_image\" \/>\n<script type=\"application\/ld+json\" class=\"yoast-schema-graph\">{\"@context\":\"https:\\\/\\\/schema.org\",\"@graph\":[{\"@type\":\"WebPage\",\"@id\":\"https:\\\/\\\/telvelaar.ee\\\/lt\\\/produktas\\\/zirkles-skardai-kirpti-mwt-6510s\\\/\",\"url\":\"https:\\\/\\\/telvelaar.ee\\\/lt\\\/produktas\\\/zirkles-skardai-kirpti-mwt-6510s\\\/\",\"name\":\"\u017dirkl\u0117s skardai kirpti MWT-6510S - Telve &amp; Laar\",\"isPartOf\":{\"@id\":\"https:\\\/\\\/telvelaar.ee\\\/lt\\\/#website\"},\"primaryImageOfPage\":{\"@id\":\"https:\\\/\\\/telvelaar.ee\\\/lt\\\/produktas\\\/zirkles-skardai-kirpti-mwt-6510s\\\/#primaryimage\"},\"image\":{\"@id\":\"https:\\\/\\\/telvelaar.ee\\\/lt\\\/produktas\\\/zirkles-skardai-kirpti-mwt-6510s\\\/#primaryimage\"},\"thumbnailUrl\":\"https:\\\/\\\/telvelaar.ee\\\/wp-content\\\/uploads\\\/2024\\\/04\\\/MW-P6510S.jpg\",\"datePublished\":\"2024-04-02T08:29:36+00:00\",\"dateModified\":\"2024-04-30T13:00:21+00:00\",\"breadcrumb\":{\"@id\":\"https:\\\/\\\/telvelaar.ee\\\/lt\\\/produktas\\\/zirkles-skardai-kirpti-mwt-6510s\\\/#breadcrumb\"},\"inLanguage\":\"lt-LT\",\"potentialAction\":[{\"@type\":\"ReadAction\",\"target\":[\"https:\\\/\\\/telvelaar.ee\\\/lt\\\/produktas\\\/zirkles-skardai-kirpti-mwt-6510s\\\/\"]}]},{\"@type\":\"ImageObject\",\"inLanguage\":\"lt-LT\",\"@id\":\"https:\\\/\\\/telvelaar.ee\\\/lt\\\/produktas\\\/zirkles-skardai-kirpti-mwt-6510s\\\/#primaryimage\",\"url\":\"https:\\\/\\\/telvelaar.ee\\\/wp-content\\\/uploads\\\/2024\\\/04\\\/MW-P6510S.jpg\",\"contentUrl\":\"https:\\\/\\\/telvelaar.ee\\\/wp-content\\\/uploads\\\/2024\\\/04\\\/MW-P6510S.jpg\",\"width\":156,\"height\":494},{\"@type\":\"BreadcrumbList\",\"@id\":\"https:\\\/\\\/telvelaar.ee\\\/lt\\\/produktas\\\/zirkles-skardai-kirpti-mwt-6510s\\\/#breadcrumb\",\"itemListElement\":[{\"@type\":\"ListItem\",\"position\":1,\"name\":\"Home\",\"item\":\"https:\\\/\\\/telvelaar.ee\\\/lt\\\/pagrindinis-puslapis\\\/\"},{\"@type\":\"ListItem\",\"position\":2,\"name\":\"Shop\",\"item\":\"https:\\\/\\\/telvelaar.ee\\\/lt\\\/shop\\\/\"},{\"@type\":\"ListItem\",\"position\":3,\"name\":\"\u017dirkl\u0117s skardai kirpti MWT-6510S\"}]},{\"@type\":\"WebSite\",\"@id\":\"https:\\\/\\\/telvelaar.ee\\\/lt\\\/#website\",\"url\":\"https:\\\/\\\/telvelaar.ee\\\/lt\\\/\",\"name\":\"Telve & Laar\",\"description\":\"\",\"publisher\":{\"@id\":\"https:\\\/\\\/telvelaar.ee\\\/lt\\\/#organization\"},\"potentialAction\":[{\"@type\":\"SearchAction\",\"target\":{\"@type\":\"EntryPoint\",\"urlTemplate\":\"https:\\\/\\\/telvelaar.ee\\\/lt\\\/?s={search_term_string}\"},\"query-input\":{\"@type\":\"PropertyValueSpecification\",\"valueRequired\":true,\"valueName\":\"search_term_string\"}}],\"inLanguage\":\"lt-LT\"},{\"@type\":\"Organization\",\"@id\":\"https:\\\/\\\/telvelaar.ee\\\/lt\\\/#organization\",\"name\":\"Telve & Laar\",\"url\":\"https:\\\/\\\/telvelaar.ee\\\/lt\\\/\",\"logo\":{\"@type\":\"ImageObject\",\"inLanguage\":\"lt-LT\",\"@id\":\"https:\\\/\\\/telvelaar.ee\\\/lt\\\/#\\\/schema\\\/logo\\\/image\\\/\",\"url\":\"https:\\\/\\\/telvelaar.ee\\\/wp-content\\\/uploads\\\/2024\\\/04\\\/Telve_laar_logo.svg\",\"contentUrl\":\"https:\\\/\\\/telvelaar.ee\\\/wp-content\\\/uploads\\\/2024\\\/04\\\/Telve_laar_logo.svg\",\"width\":733,\"height\":431,\"caption\":\"Telve & Laar\"},\"image\":{\"@id\":\"https:\\\/\\\/telvelaar.ee\\\/lt\\\/#\\\/schema\\\/logo\\\/image\\\/\"}}]}<\/script>\n<!-- \/ Yoast SEO plugin. -->","yoast_head_json":{"title":"\u017dirkl\u0117s skardai kirpti MWT-6510S - Telve &amp; Laar","robots":{"index":"index","follow":"follow","max-snippet":"max-snippet:-1","max-image-preview":"max-image-preview:large","max-video-preview":"max-video-preview:-1"},"canonical":"https:\/\/telvelaar.ee\/lt\/produktas\/zirkles-skardai-kirpti-mwt-6510s\/","og_locale":"lt_LT","og_type":"article","og_title":"\u017dirkl\u0117s skardai kirpti MWT-6510S - Telve &amp; Laar","og_description":"Plonam lak\u0161tiniam metalui (iki 0,8 mm \u0161altuoju b\u016bdu valcuotai skardai ir 0,5 mm ner\u016bdijan\u010diojo plieno skardai) kirpti","og_url":"https:\/\/telvelaar.ee\/lt\/produktas\/zirkles-skardai-kirpti-mwt-6510s\/","og_site_name":"Telve &amp; Laar","article_modified_time":"2024-04-30T13:00:21+00:00","og_image":[{"width":156,"height":494,"url":"https:\/\/telvelaar.ee\/wp-content\/uploads\/2024\/04\/MW-P6510S.jpg","type":"image\/jpeg"}],"twitter_card":"summary_large_image","schema":{"@context":"https:\/\/schema.org","@graph":[{"@type":"WebPage","@id":"https:\/\/telvelaar.ee\/lt\/produktas\/zirkles-skardai-kirpti-mwt-6510s\/","url":"https:\/\/telvelaar.ee\/lt\/produktas\/zirkles-skardai-kirpti-mwt-6510s\/","name":"\u017dirkl\u0117s skardai kirpti MWT-6510S - Telve &amp; Laar","isPartOf":{"@id":"https:\/\/telvelaar.ee\/lt\/#website"},"primaryImageOfPage":{"@id":"https:\/\/telvelaar.ee\/lt\/produktas\/zirkles-skardai-kirpti-mwt-6510s\/#primaryimage"},"image":{"@id":"https:\/\/telvelaar.ee\/lt\/produktas\/zirkles-skardai-kirpti-mwt-6510s\/#primaryimage"},"thumbnailUrl":"https:\/\/telvelaar.ee\/wp-content\/uploads\/2024\/04\/MW-P6510S.jpg","datePublished":"2024-04-02T08:29:36+00:00","dateModified":"2024-04-30T13:00:21+00:00","breadcrumb":{"@id":"https:\/\/telvelaar.ee\/lt\/produktas\/zirkles-skardai-kirpti-mwt-6510s\/#breadcrumb"},"inLanguage":"lt-LT","potentialAction":[{"@type":"ReadAction","target":["https:\/\/telvelaar.ee\/lt\/produktas\/zirkles-skardai-kirpti-mwt-6510s\/"]}]},{"@type":"ImageObject","inLanguage":"lt-LT","@id":"https:\/\/telvelaar.ee\/lt\/produktas\/zirkles-skardai-kirpti-mwt-6510s\/#primaryimage","url":"https:\/\/telvelaar.ee\/wp-content\/uploads\/2024\/04\/MW-P6510S.jpg","contentUrl":"https:\/\/telvelaar.ee\/wp-content\/uploads\/2024\/04\/MW-P6510S.jpg","width":156,"height":494},{"@type":"BreadcrumbList","@id":"https:\/\/telvelaar.ee\/lt\/produktas\/zirkles-skardai-kirpti-mwt-6510s\/#breadcrumb","itemListElement":[{"@type":"ListItem","position":1,"name":"Home","item":"https:\/\/telvelaar.ee\/lt\/pagrindinis-puslapis\/"},{"@type":"ListItem","position":2,"name":"Shop","item":"https:\/\/telvelaar.ee\/lt\/shop\/"},{"@type":"ListItem","position":3,"name":"\u017dirkl\u0117s skardai kirpti MWT-6510S"}]},{"@type":"WebSite","@id":"https:\/\/telvelaar.ee\/lt\/#website","url":"https:\/\/telvelaar.ee\/lt\/","name":"Telve & Laar","description":"","publisher":{"@id":"https:\/\/telvelaar.ee\/lt\/#organization"},"potentialAction":[{"@type":"SearchAction","target":{"@type":"EntryPoint","urlTemplate":"https:\/\/telvelaar.ee\/lt\/?s={search_term_string}"},"query-input":{"@type":"PropertyValueSpecification","valueRequired":true,"valueName":"search_term_string"}}],"inLanguage":"lt-LT"},{"@type":"Organization","@id":"https:\/\/telvelaar.ee\/lt\/#organization","name":"Telve & Laar","url":"https:\/\/telvelaar.ee\/lt\/","logo":{"@type":"ImageObject","inLanguage":"lt-LT","@id":"https:\/\/telvelaar.ee\/lt\/#\/schema\/logo\/image\/","url":"https:\/\/telvelaar.ee\/wp-content\/uploads\/2024\/04\/Telve_laar_logo.svg","contentUrl":"https:\/\/telvelaar.ee\/wp-content\/uploads\/2024\/04\/Telve_laar_logo.svg","width":733,"height":431,"caption":"Telve & Laar"},"image":{"@id":"https:\/\/telvelaar.ee\/lt\/#\/schema\/logo\/image\/"}}]}},"_links":{"self":[{"href":"https:\/\/telvelaar.ee\/lt\/wp-json\/wp\/v2\/product\/2805","targetHints":{"allow":["GET"]}}],"collection":[{"href":"https:\/\/telvelaar.ee\/lt\/wp-json\/wp\/v2\/product"}],"about":[{"href":"https:\/\/telvelaar.ee\/lt\/wp-json\/wp\/v2\/types\/product"}],"replies":[{"embeddable":true,"href":"https:\/\/telvelaar.ee\/lt\/wp-json\/wp\/v2\/comments?post=2805"}],"wp:featuredmedia":[{"embeddable":true,"href":"https:\/\/telvelaar.ee\/lt\/wp-json\/wp\/v2\/media\/1494"}],"wp:attachment":[{"href":"https:\/\/telvelaar.ee\/lt\/wp-json\/wp\/v2\/media?parent=2805"}],"wp:term":[{"taxonomy":"product_brand","embeddable":true,"href":"https:\/\/telvelaar.ee\/lt\/wp-json\/wp\/v2\/product_brand?post=2805"},{"taxonomy":"product_cat","embeddable":true,"href":"https:\/\/telvelaar.ee\/lt\/wp-json\/wp\/v2\/product_cat?post=2805"},{"taxonomy":"product_tag","embeddable":true,"href":"https:\/\/telvelaar.ee\/lt\/wp-json\/wp\/v2\/product_tag?post=2805"}],"curies":[{"name":"wp","href":"https:\/\/api.w.org\/{rel}","templated":true}]}}