{"id":4587,"date":"2025-10-08T11:21:10","date_gmt":"2025-10-08T08:21:10","guid":{"rendered":"https:\/\/telvelaar.ee\/loksnu-metala-darbi\/nojumes\/"},"modified":"2025-10-08T14:58:11","modified_gmt":"2025-10-08T11:58:11","slug":"markizes","status":"publish","type":"page","link":"https:\/\/telvelaar.ee\/lv\/loksnu-metala-darbi\/markizes\/","title":{"rendered":"Mark\u012bzes"},"content":{"rendered":"\t\t<div data-elementor-type=\"wp-page\" data-elementor-id=\"4587\" class=\"elementor elementor-4587 elementor-4451\" data-elementor-post-type=\"page\">\n\t\t\t\t\t\t<section class=\"elementor-section elementor-top-section elementor-element elementor-element-750e5bb elementor-section-boxed elementor-section-height-default elementor-section-height-default\" data-id=\"750e5bb\" data-element_type=\"section\" data-e-type=\"section\" data-settings=\"{&quot;background_background&quot;:&quot;classic&quot;}\">\n\t\t\t\t\t\t\t<div class=\"elementor-background-overlay\"><\/div>\n\t\t\t\t\t\t\t<div class=\"elementor-container elementor-column-gap-default\">\n\t\t\t\t\t<div class=\"elementor-column elementor-col-100 elementor-top-column elementor-element elementor-element-a7173e6\" data-id=\"a7173e6\" data-element_type=\"column\" data-e-type=\"column\">\n\t\t\t<div class=\"elementor-widget-wrap elementor-element-populated\">\n\t\t\t\t\t\t<div class=\"elementor-element elementor-element-4d981b3 elementor-invisible elementor-widget elementor-widget-heading\" data-id=\"4d981b3\" data-element_type=\"widget\" data-e-type=\"widget\" data-settings=\"{&quot;_animation&quot;:&quot;fadeInDown&quot;}\" data-widget_type=\"heading.default\">\n\t\t\t\t<div class=\"elementor-widget-container\">\n\t\t\t\t\t<h1 class=\"elementor-heading-title elementor-size-default\">Mark\u012bzes<\/h1>\t\t\t\t<\/div>\n\t\t\t\t<\/div>\n\t\t\t\t\t<\/div>\n\t\t<\/div>\n\t\t\t\t\t<\/div>\n\t\t<\/section>\n\t\t<div class=\"elementor-element elementor-element-c5f30f5 e-flex e-con-boxed e-con e-parent\" data-id=\"c5f30f5\" data-element_type=\"container\" data-e-type=\"container\" data-settings=\"{&quot;background_background&quot;:&quot;classic&quot;}\">\n\t\t\t\t\t<div class=\"e-con-inner\">\n\t\t<div class=\"elementor-element elementor-element-0361bb8 e-con-full plekksepatood-content e-flex e-con e-child\" data-id=\"0361bb8\" data-element_type=\"container\" data-e-type=\"container\">\n\t\t<div class=\"elementor-element elementor-element-2100571 e-con-full e-flex e-con e-child\" data-id=\"2100571\" data-element_type=\"container\" data-e-type=\"container\">\n\t\t\t\t<div class=\"elementor-element elementor-element-a0db785 elementor-widget elementor-widget-gallery\" data-id=\"a0db785\" data-element_type=\"widget\" data-e-type=\"widget\" data-settings=\"{&quot;lazyload&quot;:&quot;yes&quot;,&quot;gallery_layout&quot;:&quot;grid&quot;,&quot;columns&quot;:4,&quot;columns_tablet&quot;:2,&quot;columns_mobile&quot;:1,&quot;gap&quot;:{&quot;unit&quot;:&quot;px&quot;,&quot;size&quot;:10,&quot;sizes&quot;:[]},&quot;gap_tablet&quot;:{&quot;unit&quot;:&quot;px&quot;,&quot;size&quot;:10,&quot;sizes&quot;:[]},&quot;gap_mobile&quot;:{&quot;unit&quot;:&quot;px&quot;,&quot;size&quot;:10,&quot;sizes&quot;:[]},&quot;link_to&quot;:&quot;file&quot;,&quot;aspect_ratio&quot;:&quot;3:2&quot;,&quot;overlay_background&quot;:&quot;yes&quot;,&quot;content_hover_animation&quot;:&quot;fade-in&quot;}\" data-widget_type=\"gallery.default\">\n\t\t\t\t<div class=\"elementor-widget-container\">\n\t\t\t\t\t\t\t<div class=\"elementor-gallery__container\">\n\t\t\t\t\t\t\t<a class=\"e-gallery-item elementor-gallery-item elementor-animated-content\" href=\"https:\/\/telvelaar.ee\/wp-content\/uploads\/2024\/04\/Varikatus-18-scaled.jpg\" data-elementor-open-lightbox=\"yes\" data-elementor-lightbox-slideshow=\"a0db785\" data-elementor-lightbox-title=\"Varikatus 18\" data-e-action-hash=\"#elementor-action%3Aaction%3Dlightbox%26settings%3DeyJpZCI6MjE2MiwidXJsIjoiaHR0cHM6XC9cL3RlbHZlbGFhci5lZVwvd3AtY29udGVudFwvdXBsb2Fkc1wvMjAyNFwvMDRcL1ZhcmlrYXR1cy0xOC1zY2FsZWQuanBnIiwic2xpZGVzaG93IjoiYTBkYjc4NSJ9\">\n\t\t\t\t\t<div class=\"e-gallery-image elementor-gallery-item__image\" data-thumbnail=\"https:\/\/telvelaar.ee\/wp-content\/uploads\/2024\/04\/Varikatus-18-scaled.jpg\" data-width=\"2560\" data-height=\"1440\" aria-label=\"\" role=\"img\" ><\/div>\n\t\t\t\t\t\t\t\t\t\t\t<div class=\"elementor-gallery-item__overlay\"><\/div>\n\t\t\t\t\t\t\t\t\t\t\t\t\t\t<\/a>\n\t\t\t\t\t\t\t<a class=\"e-gallery-item elementor-gallery-item elementor-animated-content\" href=\"https:\/\/telvelaar.ee\/wp-content\/uploads\/2024\/04\/Varikatus-17-scaled.jpg\" data-elementor-open-lightbox=\"yes\" data-elementor-lightbox-slideshow=\"a0db785\" data-elementor-lightbox-title=\"Varikatus 17\" data-e-action-hash=\"#elementor-action%3Aaction%3Dlightbox%26settings%3DeyJpZCI6MjE1OCwidXJsIjoiaHR0cHM6XC9cL3RlbHZlbGFhci5lZVwvd3AtY29udGVudFwvdXBsb2Fkc1wvMjAyNFwvMDRcL1ZhcmlrYXR1cy0xNy1zY2FsZWQuanBnIiwic2xpZGVzaG93IjoiYTBkYjc4NSJ9\">\n\t\t\t\t\t<div class=\"e-gallery-image elementor-gallery-item__image\" data-thumbnail=\"https:\/\/telvelaar.ee\/wp-content\/uploads\/2024\/04\/Varikatus-17-scaled.jpg\" data-width=\"2560\" data-height=\"1440\" aria-label=\"\" role=\"img\" ><\/div>\n\t\t\t\t\t\t\t\t\t\t\t<div class=\"elementor-gallery-item__overlay\"><\/div>\n\t\t\t\t\t\t\t\t\t\t\t\t\t\t<\/a>\n\t\t\t\t\t\t\t<a class=\"e-gallery-item elementor-gallery-item elementor-animated-content\" href=\"https:\/\/telvelaar.ee\/wp-content\/uploads\/2024\/04\/Varikatus-16.jpg\" data-elementor-open-lightbox=\"yes\" data-elementor-lightbox-slideshow=\"a0db785\" data-elementor-lightbox-title=\"Varikatus 16\" data-e-action-hash=\"#elementor-action%3Aaction%3Dlightbox%26settings%3DeyJpZCI6MjE1NCwidXJsIjoiaHR0cHM6XC9cL3RlbHZlbGFhci5lZVwvd3AtY29udGVudFwvdXBsb2Fkc1wvMjAyNFwvMDRcL1ZhcmlrYXR1cy0xNi5qcGciLCJzbGlkZXNob3ciOiJhMGRiNzg1In0%3D\">\n\t\t\t\t\t<div class=\"e-gallery-image elementor-gallery-item__image\" data-thumbnail=\"https:\/\/telvelaar.ee\/wp-content\/uploads\/2024\/04\/Varikatus-16.jpg\" data-width=\"1024\" data-height=\"768\" aria-label=\"\" role=\"img\" ><\/div>\n\t\t\t\t\t\t\t\t\t\t\t<div class=\"elementor-gallery-item__overlay\"><\/div>\n\t\t\t\t\t\t\t\t\t\t\t\t\t\t<\/a>\n\t\t\t\t\t\t\t<a class=\"e-gallery-item elementor-gallery-item elementor-animated-content\" href=\"https:\/\/telvelaar.ee\/wp-content\/uploads\/2024\/04\/Varikatus-15.jpg\" data-elementor-open-lightbox=\"yes\" data-elementor-lightbox-slideshow=\"a0db785\" data-elementor-lightbox-title=\"Varikatus 15\" data-e-action-hash=\"#elementor-action%3Aaction%3Dlightbox%26settings%3DeyJpZCI6MjE1MCwidXJsIjoiaHR0cHM6XC9cL3RlbHZlbGFhci5lZVwvd3AtY29udGVudFwvdXBsb2Fkc1wvMjAyNFwvMDRcL1ZhcmlrYXR1cy0xNS5qcGciLCJzbGlkZXNob3ciOiJhMGRiNzg1In0%3D\">\n\t\t\t\t\t<div class=\"e-gallery-image elementor-gallery-item__image\" data-thumbnail=\"https:\/\/telvelaar.ee\/wp-content\/uploads\/2024\/04\/Varikatus-15.jpg\" data-width=\"1024\" data-height=\"768\" aria-label=\"\" role=\"img\" ><\/div>\n\t\t\t\t\t\t\t\t\t\t\t<div class=\"elementor-gallery-item__overlay\"><\/div>\n\t\t\t\t\t\t\t\t\t\t\t\t\t\t<\/a>\n\t\t\t\t\t\t\t<a class=\"e-gallery-item elementor-gallery-item elementor-animated-content\" href=\"https:\/\/telvelaar.ee\/wp-content\/uploads\/2024\/04\/Varikatus-14-scaled.jpg\" data-elementor-open-lightbox=\"yes\" data-elementor-lightbox-slideshow=\"a0db785\" data-elementor-lightbox-title=\"Varikatus 14\" data-e-action-hash=\"#elementor-action%3Aaction%3Dlightbox%26settings%3DeyJpZCI6MjE0NiwidXJsIjoiaHR0cHM6XC9cL3RlbHZlbGFhci5lZVwvd3AtY29udGVudFwvdXBsb2Fkc1wvMjAyNFwvMDRcL1ZhcmlrYXR1cy0xNC1zY2FsZWQuanBnIiwic2xpZGVzaG93IjoiYTBkYjc4NSJ9\">\n\t\t\t\t\t<div class=\"e-gallery-image elementor-gallery-item__image\" data-thumbnail=\"https:\/\/telvelaar.ee\/wp-content\/uploads\/2024\/04\/Varikatus-14-scaled.jpg\" data-width=\"2560\" data-height=\"1440\" aria-label=\"\" role=\"img\" ><\/div>\n\t\t\t\t\t\t\t\t\t\t\t<div class=\"elementor-gallery-item__overlay\"><\/div>\n\t\t\t\t\t\t\t\t\t\t\t\t\t\t<\/a>\n\t\t\t\t\t\t\t<a class=\"e-gallery-item elementor-gallery-item elementor-animated-content\" href=\"https:\/\/telvelaar.ee\/wp-content\/uploads\/2024\/04\/Varikatus-13-scaled.jpg\" data-elementor-open-lightbox=\"yes\" data-elementor-lightbox-slideshow=\"a0db785\" data-elementor-lightbox-title=\"Varikatus 13\" data-e-action-hash=\"#elementor-action%3Aaction%3Dlightbox%26settings%3DeyJpZCI6MjE0MiwidXJsIjoiaHR0cHM6XC9cL3RlbHZlbGFhci5lZVwvd3AtY29udGVudFwvdXBsb2Fkc1wvMjAyNFwvMDRcL1ZhcmlrYXR1cy0xMy1zY2FsZWQuanBnIiwic2xpZGVzaG93IjoiYTBkYjc4NSJ9\">\n\t\t\t\t\t<div class=\"e-gallery-image elementor-gallery-item__image\" data-thumbnail=\"https:\/\/telvelaar.ee\/wp-content\/uploads\/2024\/04\/Varikatus-13-scaled.jpg\" data-width=\"2560\" data-height=\"1440\" aria-label=\"\" role=\"img\" ><\/div>\n\t\t\t\t\t\t\t\t\t\t\t<div class=\"elementor-gallery-item__overlay\"><\/div>\n\t\t\t\t\t\t\t\t\t\t\t\t\t\t<\/a>\n\t\t\t\t\t\t\t<a class=\"e-gallery-item elementor-gallery-item elementor-animated-content\" href=\"https:\/\/telvelaar.ee\/wp-content\/uploads\/2024\/04\/Varikatus-12-scaled.jpg\" data-elementor-open-lightbox=\"yes\" data-elementor-lightbox-slideshow=\"a0db785\" data-elementor-lightbox-title=\"Varikatus 12\" data-e-action-hash=\"#elementor-action%3Aaction%3Dlightbox%26settings%3DeyJpZCI6MjEzOCwidXJsIjoiaHR0cHM6XC9cL3RlbHZlbGFhci5lZVwvd3AtY29udGVudFwvdXBsb2Fkc1wvMjAyNFwvMDRcL1ZhcmlrYXR1cy0xMi1zY2FsZWQuanBnIiwic2xpZGVzaG93IjoiYTBkYjc4NSJ9\">\n\t\t\t\t\t<div class=\"e-gallery-image elementor-gallery-item__image\" data-thumbnail=\"https:\/\/telvelaar.ee\/wp-content\/uploads\/2024\/04\/Varikatus-12-scaled.jpg\" data-width=\"2560\" data-height=\"1437\" aria-label=\"\" role=\"img\" ><\/div>\n\t\t\t\t\t\t\t\t\t\t\t<div class=\"elementor-gallery-item__overlay\"><\/div>\n\t\t\t\t\t\t\t\t\t\t\t\t\t\t<\/a>\n\t\t\t\t\t\t\t<a class=\"e-gallery-item elementor-gallery-item elementor-animated-content\" href=\"https:\/\/telvelaar.ee\/wp-content\/uploads\/2024\/04\/Varikatus-11-scaled.jpg\" data-elementor-open-lightbox=\"yes\" data-elementor-lightbox-slideshow=\"a0db785\" data-elementor-lightbox-title=\"Varikatus 11\" data-e-action-hash=\"#elementor-action%3Aaction%3Dlightbox%26settings%3DeyJpZCI6MjEzNCwidXJsIjoiaHR0cHM6XC9cL3RlbHZlbGFhci5lZVwvd3AtY29udGVudFwvdXBsb2Fkc1wvMjAyNFwvMDRcL1ZhcmlrYXR1cy0xMS1zY2FsZWQuanBnIiwic2xpZGVzaG93IjoiYTBkYjc4NSJ9\">\n\t\t\t\t\t<div class=\"e-gallery-image elementor-gallery-item__image\" data-thumbnail=\"https:\/\/telvelaar.ee\/wp-content\/uploads\/2024\/04\/Varikatus-11-scaled.jpg\" data-width=\"2560\" data-height=\"1920\" aria-label=\"\" role=\"img\" ><\/div>\n\t\t\t\t\t\t\t\t\t\t\t<div class=\"elementor-gallery-item__overlay\"><\/div>\n\t\t\t\t\t\t\t\t\t\t\t\t\t\t<\/a>\n\t\t\t\t\t\t\t<a class=\"e-gallery-item elementor-gallery-item elementor-animated-content\" href=\"https:\/\/telvelaar.ee\/wp-content\/uploads\/2024\/04\/Varikatus-10-scaled.jpg\" data-elementor-open-lightbox=\"yes\" data-elementor-lightbox-slideshow=\"a0db785\" data-elementor-lightbox-title=\"Varikatus 10\" data-e-action-hash=\"#elementor-action%3Aaction%3Dlightbox%26settings%3DeyJpZCI6MjEyOSwidXJsIjoiaHR0cHM6XC9cL3RlbHZlbGFhci5lZVwvd3AtY29udGVudFwvdXBsb2Fkc1wvMjAyNFwvMDRcL1ZhcmlrYXR1cy0xMC1zY2FsZWQuanBnIiwic2xpZGVzaG93IjoiYTBkYjc4NSJ9\">\n\t\t\t\t\t<div class=\"e-gallery-image elementor-gallery-item__image\" data-thumbnail=\"https:\/\/telvelaar.ee\/wp-content\/uploads\/2024\/04\/Varikatus-10-scaled.jpg\" data-width=\"2560\" data-height=\"1440\" aria-label=\"\" role=\"img\" ><\/div>\n\t\t\t\t\t\t\t\t\t\t\t<div class=\"elementor-gallery-item__overlay\"><\/div>\n\t\t\t\t\t\t\t\t\t\t\t\t\t\t<\/a>\n\t\t\t\t\t\t\t<a class=\"e-gallery-item elementor-gallery-item elementor-animated-content\" href=\"https:\/\/telvelaar.ee\/wp-content\/uploads\/2024\/04\/Varikatus-9-scaled.jpg\" data-elementor-open-lightbox=\"yes\" data-elementor-lightbox-slideshow=\"a0db785\" data-elementor-lightbox-title=\"Varikatus 9\" data-e-action-hash=\"#elementor-action%3Aaction%3Dlightbox%26settings%3DeyJpZCI6MjEyNSwidXJsIjoiaHR0cHM6XC9cL3RlbHZlbGFhci5lZVwvd3AtY29udGVudFwvdXBsb2Fkc1wvMjAyNFwvMDRcL1ZhcmlrYXR1cy05LXNjYWxlZC5qcGciLCJzbGlkZXNob3ciOiJhMGRiNzg1In0%3D\">\n\t\t\t\t\t<div class=\"e-gallery-image elementor-gallery-item__image\" data-thumbnail=\"https:\/\/telvelaar.ee\/wp-content\/uploads\/2024\/04\/Varikatus-9-scaled.jpg\" data-width=\"2560\" data-height=\"1440\" aria-label=\"\" role=\"img\" ><\/div>\n\t\t\t\t\t\t\t\t\t\t\t<div class=\"elementor-gallery-item__overlay\"><\/div>\n\t\t\t\t\t\t\t\t\t\t\t\t\t\t<\/a>\n\t\t\t\t\t\t\t<a class=\"e-gallery-item elementor-gallery-item elementor-animated-content\" href=\"https:\/\/telvelaar.ee\/wp-content\/uploads\/2024\/04\/Varikatus-8-scaled.jpg\" data-elementor-open-lightbox=\"yes\" data-elementor-lightbox-slideshow=\"a0db785\" data-elementor-lightbox-title=\"Varikatus 8\" data-e-action-hash=\"#elementor-action%3Aaction%3Dlightbox%26settings%3DeyJpZCI6MjEyMSwidXJsIjoiaHR0cHM6XC9cL3RlbHZlbGFhci5lZVwvd3AtY29udGVudFwvdXBsb2Fkc1wvMjAyNFwvMDRcL1ZhcmlrYXR1cy04LXNjYWxlZC5qcGciLCJzbGlkZXNob3ciOiJhMGRiNzg1In0%3D\">\n\t\t\t\t\t<div class=\"e-gallery-image elementor-gallery-item__image\" data-thumbnail=\"https:\/\/telvelaar.ee\/wp-content\/uploads\/2024\/04\/Varikatus-8-scaled.jpg\" data-width=\"2560\" data-height=\"1920\" aria-label=\"\" role=\"img\" ><\/div>\n\t\t\t\t\t\t\t\t\t\t\t<div class=\"elementor-gallery-item__overlay\"><\/div>\n\t\t\t\t\t\t\t\t\t\t\t\t\t\t<\/a>\n\t\t\t\t\t\t\t<a class=\"e-gallery-item elementor-gallery-item elementor-animated-content\" href=\"https:\/\/telvelaar.ee\/wp-content\/uploads\/2024\/04\/Varikatus-7-scaled.jpg\" data-elementor-open-lightbox=\"yes\" data-elementor-lightbox-slideshow=\"a0db785\" data-elementor-lightbox-title=\"Varikatus 7\" data-e-action-hash=\"#elementor-action%3Aaction%3Dlightbox%26settings%3DeyJpZCI6MjExNywidXJsIjoiaHR0cHM6XC9cL3RlbHZlbGFhci5lZVwvd3AtY29udGVudFwvdXBsb2Fkc1wvMjAyNFwvMDRcL1ZhcmlrYXR1cy03LXNjYWxlZC5qcGciLCJzbGlkZXNob3ciOiJhMGRiNzg1In0%3D\">\n\t\t\t\t\t<div class=\"e-gallery-image elementor-gallery-item__image\" data-thumbnail=\"https:\/\/telvelaar.ee\/wp-content\/uploads\/2024\/04\/Varikatus-7-scaled.jpg\" data-width=\"2560\" data-height=\"1920\" aria-label=\"\" role=\"img\" ><\/div>\n\t\t\t\t\t\t\t\t\t\t\t<div class=\"elementor-gallery-item__overlay\"><\/div>\n\t\t\t\t\t\t\t\t\t\t\t\t\t\t<\/a>\n\t\t\t\t\t\t\t<a class=\"e-gallery-item elementor-gallery-item elementor-animated-content\" href=\"https:\/\/telvelaar.ee\/wp-content\/uploads\/2024\/04\/Varikatus-6-scaled.jpg\" data-elementor-open-lightbox=\"yes\" data-elementor-lightbox-slideshow=\"a0db785\" data-elementor-lightbox-title=\"Varikatus 6\" data-e-action-hash=\"#elementor-action%3Aaction%3Dlightbox%26settings%3DeyJpZCI6MjExMywidXJsIjoiaHR0cHM6XC9cL3RlbHZlbGFhci5lZVwvd3AtY29udGVudFwvdXBsb2Fkc1wvMjAyNFwvMDRcL1ZhcmlrYXR1cy02LXNjYWxlZC5qcGciLCJzbGlkZXNob3ciOiJhMGRiNzg1In0%3D\">\n\t\t\t\t\t<div class=\"e-gallery-image elementor-gallery-item__image\" data-thumbnail=\"https:\/\/telvelaar.ee\/wp-content\/uploads\/2024\/04\/Varikatus-6-scaled.jpg\" data-width=\"2560\" data-height=\"1440\" aria-label=\"\" role=\"img\" ><\/div>\n\t\t\t\t\t\t\t\t\t\t\t<div class=\"elementor-gallery-item__overlay\"><\/div>\n\t\t\t\t\t\t\t\t\t\t\t\t\t\t<\/a>\n\t\t\t\t\t\t\t<a class=\"e-gallery-item elementor-gallery-item elementor-animated-content\" href=\"https:\/\/telvelaar.ee\/wp-content\/uploads\/2024\/04\/Varikatus-5-scaled.jpg\" data-elementor-open-lightbox=\"yes\" data-elementor-lightbox-slideshow=\"a0db785\" data-elementor-lightbox-title=\"Varikatus 5\" data-e-action-hash=\"#elementor-action%3Aaction%3Dlightbox%26settings%3DeyJpZCI6MjEwOSwidXJsIjoiaHR0cHM6XC9cL3RlbHZlbGFhci5lZVwvd3AtY29udGVudFwvdXBsb2Fkc1wvMjAyNFwvMDRcL1ZhcmlrYXR1cy01LXNjYWxlZC5qcGciLCJzbGlkZXNob3ciOiJhMGRiNzg1In0%3D\">\n\t\t\t\t\t<div class=\"e-gallery-image elementor-gallery-item__image\" data-thumbnail=\"https:\/\/telvelaar.ee\/wp-content\/uploads\/2024\/04\/Varikatus-5-scaled.jpg\" data-width=\"2560\" data-height=\"1440\" aria-label=\"\" role=\"img\" ><\/div>\n\t\t\t\t\t\t\t\t\t\t\t<div class=\"elementor-gallery-item__overlay\"><\/div>\n\t\t\t\t\t\t\t\t\t\t\t\t\t\t<\/a>\n\t\t\t\t\t\t\t<a class=\"e-gallery-item elementor-gallery-item elementor-animated-content\" href=\"https:\/\/telvelaar.ee\/wp-content\/uploads\/2024\/04\/Varikatus-4-scaled.jpg\" data-elementor-open-lightbox=\"yes\" data-elementor-lightbox-slideshow=\"a0db785\" data-elementor-lightbox-title=\"Varikatus 4\" data-e-action-hash=\"#elementor-action%3Aaction%3Dlightbox%26settings%3DeyJpZCI6MjEwNSwidXJsIjoiaHR0cHM6XC9cL3RlbHZlbGFhci5lZVwvd3AtY29udGVudFwvdXBsb2Fkc1wvMjAyNFwvMDRcL1ZhcmlrYXR1cy00LXNjYWxlZC5qcGciLCJzbGlkZXNob3ciOiJhMGRiNzg1In0%3D\">\n\t\t\t\t\t<div class=\"e-gallery-image elementor-gallery-item__image\" data-thumbnail=\"https:\/\/telvelaar.ee\/wp-content\/uploads\/2024\/04\/Varikatus-4-scaled.jpg\" data-width=\"2560\" data-height=\"1440\" aria-label=\"\" role=\"img\" ><\/div>\n\t\t\t\t\t\t\t\t\t\t\t<div class=\"elementor-gallery-item__overlay\"><\/div>\n\t\t\t\t\t\t\t\t\t\t\t\t\t\t<\/a>\n\t\t\t\t\t\t\t<a class=\"e-gallery-item elementor-gallery-item elementor-animated-content\" href=\"https:\/\/telvelaar.ee\/wp-content\/uploads\/2024\/04\/Varikatus-3-scaled.jpg\" data-elementor-open-lightbox=\"yes\" data-elementor-lightbox-slideshow=\"a0db785\" data-elementor-lightbox-title=\"Varikatus 3\" data-e-action-hash=\"#elementor-action%3Aaction%3Dlightbox%26settings%3DeyJpZCI6MjEwMSwidXJsIjoiaHR0cHM6XC9cL3RlbHZlbGFhci5lZVwvd3AtY29udGVudFwvdXBsb2Fkc1wvMjAyNFwvMDRcL1ZhcmlrYXR1cy0zLXNjYWxlZC5qcGciLCJzbGlkZXNob3ciOiJhMGRiNzg1In0%3D\">\n\t\t\t\t\t<div class=\"e-gallery-image elementor-gallery-item__image\" data-thumbnail=\"https:\/\/telvelaar.ee\/wp-content\/uploads\/2024\/04\/Varikatus-3-scaled.jpg\" data-width=\"2560\" data-height=\"1440\" aria-label=\"\" role=\"img\" ><\/div>\n\t\t\t\t\t\t\t\t\t\t\t<div class=\"elementor-gallery-item__overlay\"><\/div>\n\t\t\t\t\t\t\t\t\t\t\t\t\t\t<\/a>\n\t\t\t\t\t\t\t<a class=\"e-gallery-item elementor-gallery-item elementor-animated-content\" href=\"https:\/\/telvelaar.ee\/wp-content\/uploads\/2024\/04\/Varikatus-2-scaled.jpg\" data-elementor-open-lightbox=\"yes\" data-elementor-lightbox-slideshow=\"a0db785\" data-elementor-lightbox-title=\"Varikatus 2\" data-e-action-hash=\"#elementor-action%3Aaction%3Dlightbox%26settings%3DeyJpZCI6MjA5NywidXJsIjoiaHR0cHM6XC9cL3RlbHZlbGFhci5lZVwvd3AtY29udGVudFwvdXBsb2Fkc1wvMjAyNFwvMDRcL1ZhcmlrYXR1cy0yLXNjYWxlZC5qcGciLCJzbGlkZXNob3ciOiJhMGRiNzg1In0%3D\">\n\t\t\t\t\t<div class=\"e-gallery-image elementor-gallery-item__image\" data-thumbnail=\"https:\/\/telvelaar.ee\/wp-content\/uploads\/2024\/04\/Varikatus-2-scaled.jpg\" data-width=\"2560\" data-height=\"1440\" aria-label=\"\" role=\"img\" ><\/div>\n\t\t\t\t\t\t\t\t\t\t\t<div class=\"elementor-gallery-item__overlay\"><\/div>\n\t\t\t\t\t\t\t\t\t\t\t\t\t\t<\/a>\n\t\t\t\t\t\t\t<a class=\"e-gallery-item elementor-gallery-item elementor-animated-content\" href=\"https:\/\/telvelaar.ee\/wp-content\/uploads\/2024\/04\/Varikatus-1-scaled.jpg\" data-elementor-open-lightbox=\"yes\" data-elementor-lightbox-slideshow=\"a0db785\" data-elementor-lightbox-title=\"Varikatus 1\" data-e-action-hash=\"#elementor-action%3Aaction%3Dlightbox%26settings%3DeyJpZCI6MjA5MywidXJsIjoiaHR0cHM6XC9cL3RlbHZlbGFhci5lZVwvd3AtY29udGVudFwvdXBsb2Fkc1wvMjAyNFwvMDRcL1ZhcmlrYXR1cy0xLXNjYWxlZC5qcGciLCJzbGlkZXNob3ciOiJhMGRiNzg1In0%3D\">\n\t\t\t\t\t<div class=\"e-gallery-image elementor-gallery-item__image\" data-thumbnail=\"https:\/\/telvelaar.ee\/wp-content\/uploads\/2024\/04\/Varikatus-1-scaled.jpg\" data-width=\"2560\" data-height=\"1440\" aria-label=\"\" role=\"img\" ><\/div>\n\t\t\t\t\t\t\t\t\t\t\t<div class=\"elementor-gallery-item__overlay\"><\/div>\n\t\t\t\t\t\t\t\t\t\t\t\t\t\t<\/a>\n\t\t\t\t\t<\/div>\n\t\t\t\t\t<\/div>\n\t\t\t\t<\/div>\n\t\t\t\t<\/div>\n\t\t\t\t<\/div>\n\t\t\t\t\t<\/div>\n\t\t\t\t<\/div>\n\t\t\t\t<\/div>\n\t\t","protected":false},"excerpt":{"rendered":"","protected":false},"author":1,"featured_media":0,"parent":3872,"menu_order":0,"comment_status":"closed","ping_status":"closed","template":"elementor_header_footer","meta":{"inline_featured_image":false,"footnotes":""},"class_list":["post-4587","page","type-page","status-publish","hentry"],"yoast_head":"<!-- This site is optimized with the Yoast SEO plugin v27.4 - https:\/\/yoast.com\/product\/yoast-seo-wordpress\/ -->\n<title>Mark\u012bzes - Telve &amp; Laar<\/title>\n<meta name=\"robots\" content=\"index, follow, max-snippet:-1, max-image-preview:large, max-video-preview:-1\" \/>\n<link rel=\"canonical\" href=\"https:\/\/telvelaar.ee\/lv\/loksnu-metala-darbi\/markizes\/\" \/>\n<meta property=\"og:locale\" content=\"lv_LV\" \/>\n<meta property=\"og:type\" content=\"article\" \/>\n<meta property=\"og:title\" content=\"Mark\u012bzes - Telve &amp; Laar\" \/>\n<meta property=\"og:url\" content=\"https:\/\/telvelaar.ee\/lv\/loksnu-metala-darbi\/markizes\/\" \/>\n<meta property=\"og:site_name\" content=\"Telve &amp; Laar\" \/>\n<meta property=\"article:modified_time\" content=\"2025-10-08T11:58:11+00:00\" \/>\n<meta name=\"twitter:card\" content=\"summary_large_image\" \/>\n<script type=\"application\/ld+json\" class=\"yoast-schema-graph\">{\"@context\":\"https:\\\/\\\/schema.org\",\"@graph\":[{\"@type\":\"WebPage\",\"@id\":\"https:\\\/\\\/telvelaar.ee\\\/lv\\\/loksnu-metala-darbi\\\/markizes\\\/\",\"url\":\"https:\\\/\\\/telvelaar.ee\\\/lv\\\/loksnu-metala-darbi\\\/markizes\\\/\",\"name\":\"Mark\u012bzes - Telve &amp; Laar\",\"isPartOf\":{\"@id\":\"https:\\\/\\\/telvelaar.ee\\\/lv\\\/#website\"},\"datePublished\":\"2025-10-08T08:21:10+00:00\",\"dateModified\":\"2025-10-08T11:58:11+00:00\",\"breadcrumb\":{\"@id\":\"https:\\\/\\\/telvelaar.ee\\\/lv\\\/loksnu-metala-darbi\\\/markizes\\\/#breadcrumb\"},\"inLanguage\":\"lv-LV\",\"potentialAction\":[{\"@type\":\"ReadAction\",\"target\":[\"https:\\\/\\\/telvelaar.ee\\\/lv\\\/loksnu-metala-darbi\\\/markizes\\\/\"]}]},{\"@type\":\"BreadcrumbList\",\"@id\":\"https:\\\/\\\/telvelaar.ee\\\/lv\\\/loksnu-metala-darbi\\\/markizes\\\/#breadcrumb\",\"itemListElement\":[{\"@type\":\"ListItem\",\"position\":1,\"name\":\"Home\",\"item\":\"https:\\\/\\\/telvelaar.ee\\\/lv\\\/majas-lapa\\\/\"},{\"@type\":\"ListItem\",\"position\":2,\"name\":\"Lok\u0161\u0146u met\u0101la darbi\",\"item\":\"https:\\\/\\\/telvelaar.ee\\\/lv\\\/plekksepatood\\\/\"},{\"@type\":\"ListItem\",\"position\":3,\"name\":\"Mark\u012bzes\"}]},{\"@type\":\"WebSite\",\"@id\":\"https:\\\/\\\/telvelaar.ee\\\/lv\\\/#website\",\"url\":\"https:\\\/\\\/telvelaar.ee\\\/lv\\\/\",\"name\":\"Telve & Laar\",\"description\":\"\",\"publisher\":{\"@id\":\"https:\\\/\\\/telvelaar.ee\\\/lv\\\/#organization\"},\"potentialAction\":[{\"@type\":\"SearchAction\",\"target\":{\"@type\":\"EntryPoint\",\"urlTemplate\":\"https:\\\/\\\/telvelaar.ee\\\/lv\\\/?s={search_term_string}\"},\"query-input\":{\"@type\":\"PropertyValueSpecification\",\"valueRequired\":true,\"valueName\":\"search_term_string\"}}],\"inLanguage\":\"lv-LV\"},{\"@type\":\"Organization\",\"@id\":\"https:\\\/\\\/telvelaar.ee\\\/lv\\\/#organization\",\"name\":\"Telve & Laar\",\"url\":\"https:\\\/\\\/telvelaar.ee\\\/lv\\\/\",\"logo\":{\"@type\":\"ImageObject\",\"inLanguage\":\"lv-LV\",\"@id\":\"https:\\\/\\\/telvelaar.ee\\\/lv\\\/#\\\/schema\\\/logo\\\/image\\\/\",\"url\":\"https:\\\/\\\/telvelaar.ee\\\/wp-content\\\/uploads\\\/2024\\\/04\\\/Telve_laar_logo.svg\",\"contentUrl\":\"https:\\\/\\\/telvelaar.ee\\\/wp-content\\\/uploads\\\/2024\\\/04\\\/Telve_laar_logo.svg\",\"width\":733,\"height\":431,\"caption\":\"Telve & Laar\"},\"image\":{\"@id\":\"https:\\\/\\\/telvelaar.ee\\\/lv\\\/#\\\/schema\\\/logo\\\/image\\\/\"}}]}<\/script>\n<!-- \/ Yoast SEO plugin. -->","yoast_head_json":{"title":"Mark\u012bzes - Telve &amp; Laar","robots":{"index":"index","follow":"follow","max-snippet":"max-snippet:-1","max-image-preview":"max-image-preview:large","max-video-preview":"max-video-preview:-1"},"canonical":"https:\/\/telvelaar.ee\/lv\/loksnu-metala-darbi\/markizes\/","og_locale":"lv_LV","og_type":"article","og_title":"Mark\u012bzes - Telve &amp; Laar","og_url":"https:\/\/telvelaar.ee\/lv\/loksnu-metala-darbi\/markizes\/","og_site_name":"Telve &amp; Laar","article_modified_time":"2025-10-08T11:58:11+00:00","twitter_card":"summary_large_image","schema":{"@context":"https:\/\/schema.org","@graph":[{"@type":"WebPage","@id":"https:\/\/telvelaar.ee\/lv\/loksnu-metala-darbi\/markizes\/","url":"https:\/\/telvelaar.ee\/lv\/loksnu-metala-darbi\/markizes\/","name":"Mark\u012bzes - Telve &amp; Laar","isPartOf":{"@id":"https:\/\/telvelaar.ee\/lv\/#website"},"datePublished":"2025-10-08T08:21:10+00:00","dateModified":"2025-10-08T11:58:11+00:00","breadcrumb":{"@id":"https:\/\/telvelaar.ee\/lv\/loksnu-metala-darbi\/markizes\/#breadcrumb"},"inLanguage":"lv-LV","potentialAction":[{"@type":"ReadAction","target":["https:\/\/telvelaar.ee\/lv\/loksnu-metala-darbi\/markizes\/"]}]},{"@type":"BreadcrumbList","@id":"https:\/\/telvelaar.ee\/lv\/loksnu-metala-darbi\/markizes\/#breadcrumb","itemListElement":[{"@type":"ListItem","position":1,"name":"Home","item":"https:\/\/telvelaar.ee\/lv\/majas-lapa\/"},{"@type":"ListItem","position":2,"name":"Lok\u0161\u0146u met\u0101la darbi","item":"https:\/\/telvelaar.ee\/lv\/plekksepatood\/"},{"@type":"ListItem","position":3,"name":"Mark\u012bzes"}]},{"@type":"WebSite","@id":"https:\/\/telvelaar.ee\/lv\/#website","url":"https:\/\/telvelaar.ee\/lv\/","name":"Telve & Laar","description":"","publisher":{"@id":"https:\/\/telvelaar.ee\/lv\/#organization"},"potentialAction":[{"@type":"SearchAction","target":{"@type":"EntryPoint","urlTemplate":"https:\/\/telvelaar.ee\/lv\/?s={search_term_string}"},"query-input":{"@type":"PropertyValueSpecification","valueRequired":true,"valueName":"search_term_string"}}],"inLanguage":"lv-LV"},{"@type":"Organization","@id":"https:\/\/telvelaar.ee\/lv\/#organization","name":"Telve & Laar","url":"https:\/\/telvelaar.ee\/lv\/","logo":{"@type":"ImageObject","inLanguage":"lv-LV","@id":"https:\/\/telvelaar.ee\/lv\/#\/schema\/logo\/image\/","url":"https:\/\/telvelaar.ee\/wp-content\/uploads\/2024\/04\/Telve_laar_logo.svg","contentUrl":"https:\/\/telvelaar.ee\/wp-content\/uploads\/2024\/04\/Telve_laar_logo.svg","width":733,"height":431,"caption":"Telve & Laar"},"image":{"@id":"https:\/\/telvelaar.ee\/lv\/#\/schema\/logo\/image\/"}}]}},"_links":{"self":[{"href":"https:\/\/telvelaar.ee\/lv\/wp-json\/wp\/v2\/pages\/4587","targetHints":{"allow":["GET"]}}],"collection":[{"href":"https:\/\/telvelaar.ee\/lv\/wp-json\/wp\/v2\/pages"}],"about":[{"href":"https:\/\/telvelaar.ee\/lv\/wp-json\/wp\/v2\/types\/page"}],"author":[{"embeddable":true,"href":"https:\/\/telvelaar.ee\/lv\/wp-json\/wp\/v2\/users\/1"}],"replies":[{"embeddable":true,"href":"https:\/\/telvelaar.ee\/lv\/wp-json\/wp\/v2\/comments?post=4587"}],"version-history":[{"count":3,"href":"https:\/\/telvelaar.ee\/lv\/wp-json\/wp\/v2\/pages\/4587\/revisions"}],"predecessor-version":[{"id":4750,"href":"https:\/\/telvelaar.ee\/lv\/wp-json\/wp\/v2\/pages\/4587\/revisions\/4750"}],"up":[{"embeddable":true,"href":"https:\/\/telvelaar.ee\/lv\/wp-json\/wp\/v2\/pages\/3872"}],"wp:attachment":[{"href":"https:\/\/telvelaar.ee\/lv\/wp-json\/wp\/v2\/media?parent=4587"}],"curies":[{"name":"wp","href":"https:\/\/api.w.org\/{rel}","templated":true}]}}