{"id":2078,"date":"2024-04-02T11:36:23","date_gmt":"2024-04-02T08:36:23","guid":{"rendered":"https:\/\/telvelaar.ee\/product\/plaksnu-skeres-nerusejosa-loksnu-metala-griesanai-pa-labi\/"},"modified":"2024-07-05T10:30:58","modified_gmt":"2024-07-05T07:30:58","slug":"plaksnu-skeres-nerusejosa-loksnu-metala-griesanai-pa-labi","status":"publish","type":"product","link":"https:\/\/telvelaar.ee\/lv\/produkts\/plaksnu-skeres-nerusejosa-loksnu-metala-griesanai-pa-labi\/","title":{"rendered":"Sk\u0101rda \u0161\u0137\u0113res MWT-SS6510R"},"content":{"rendered":"<p>Pl\u0101na lok\u0161\u0146u met\u0101la (l\u012bdz 0,8 mm auksti velm\u0113ta sk\u0101rda un 0,5 mm ner\u016bs\u0113jo\u0161\u0101 sk\u0101rda) grie\u0161anai.<b> <\/b><\/p>\n<p>Grie\u0161anas virziens: pa labi un taisni.<\/p>\n<p>Griezuma garums 40 mm.<\/p>\n<p>Nelietot izliektas formas materi\u0101lu grie\u0161anai.<\/p>\n<p>Lietot aizsargbrilles.<\/p>\n<div id=\"simple-translate\" class=\"simple-translate-system-theme\">\n<div>\n<div class=\"simple-translate-button isShow\" style=\"background-image: url('moz-extension:\/\/77d68ac3-1137-4054-9f77-9c6cc7b49763\/icons\/512.png'); height: 22px; width: 22px; top: 47px; left: -18px;\"><\/div>\n<div class=\"simple-translate-panel \" style=\"width: 300px; height: 200px; top: 0px; left: 0px; font-size: 13px;\">\n<div class=\"simple-translate-result-wrapper\" style=\"overflow: hidden;\">\n<div class=\"simple-translate-move\" draggable=\"true\"><\/div>\n<div class=\"simple-translate-result-contents\">\n<p class=\"simple-translate-candidate\" dir=\"auto\">\n<\/div>\n<\/div>\n<\/div>\n<\/div>\n<\/div>\n","protected":false},"excerpt":{"rendered":"<p>Pl\u0101na lok\u0161\u0146u met\u0101la (l\u012bdz 0,8 mm auksti velm\u0113ta sk\u0101rda un 0,5 mm ner\u016bs\u0113jo\u0161\u0101 sk\u0101rda) grie\u0161anai.<\/p>\n","protected":false},"featured_media":4362,"comment_status":"open","ping_status":"closed","template":"","meta":{"inline_featured_image":false},"product_brand":[],"product_cat":[62],"product_tag":[],"class_list":{"0":"post-2078","1":"product","2":"type-product","3":"status-publish","4":"has-post-thumbnail","6":"product_cat-skarda-skeres","8":"first","9":"instock","10":"taxable","11":"shipping-taxable","12":"purchasable","13":"product-type-simple","14":"berocket_lgv_grid","15":"berocket_lgv_list_grid"},"yoast_head":"<!-- This site is optimized with the Yoast SEO plugin v27.4 - https:\/\/yoast.com\/product\/yoast-seo-wordpress\/ -->\n<title>Sk\u0101rda \u0161\u0137\u0113res MWT-SS6510R - Telve &amp; Laar<\/title>\n<meta name=\"robots\" content=\"index, follow, max-snippet:-1, max-image-preview:large, max-video-preview:-1\" \/>\n<link rel=\"canonical\" href=\"https:\/\/telvelaar.ee\/lv\/produkts\/plaksnu-skeres-nerusejosa-loksnu-metala-griesanai-pa-labi\/\" \/>\n<meta property=\"og:locale\" content=\"lv_LV\" \/>\n<meta property=\"og:type\" content=\"article\" \/>\n<meta property=\"og:title\" content=\"Sk\u0101rda \u0161\u0137\u0113res MWT-SS6510R - Telve &amp; Laar\" \/>\n<meta property=\"og:description\" content=\"Pl\u0101na lok\u0161\u0146u met\u0101la (l\u012bdz 0,8 mm auksti velm\u0113ta sk\u0101rda un 0,5 mm ner\u016bs\u0113jo\u0161\u0101 sk\u0101rda) grie\u0161anai.\" \/>\n<meta property=\"og:url\" content=\"https:\/\/telvelaar.ee\/lv\/produkts\/plaksnu-skeres-nerusejosa-loksnu-metala-griesanai-pa-labi\/\" \/>\n<meta property=\"og:site_name\" content=\"Telve &amp; Laar\" \/>\n<meta property=\"article:modified_time\" content=\"2024-07-05T07:30:58+00:00\" \/>\n<meta property=\"og:image\" content=\"https:\/\/telvelaar.ee\/wp-content\/uploads\/2024\/04\/MW-SSP6510Rs.jpg\" \/>\n\t<meta property=\"og:image:width\" content=\"340\" \/>\n\t<meta property=\"og:image:height\" content=\"1000\" \/>\n\t<meta property=\"og:image:type\" content=\"image\/jpeg\" \/>\n<meta name=\"twitter:card\" content=\"summary_large_image\" \/>\n<script type=\"application\/ld+json\" class=\"yoast-schema-graph\">{\"@context\":\"https:\\\/\\\/schema.org\",\"@graph\":[{\"@type\":\"WebPage\",\"@id\":\"https:\\\/\\\/telvelaar.ee\\\/lv\\\/produkts\\\/plaksnu-skeres-nerusejosa-loksnu-metala-griesanai-pa-labi\\\/\",\"url\":\"https:\\\/\\\/telvelaar.ee\\\/lv\\\/produkts\\\/plaksnu-skeres-nerusejosa-loksnu-metala-griesanai-pa-labi\\\/\",\"name\":\"Sk\u0101rda \u0161\u0137\u0113res MWT-SS6510R - Telve &amp; Laar\",\"isPartOf\":{\"@id\":\"https:\\\/\\\/telvelaar.ee\\\/lv\\\/#website\"},\"primaryImageOfPage\":{\"@id\":\"https:\\\/\\\/telvelaar.ee\\\/lv\\\/produkts\\\/plaksnu-skeres-nerusejosa-loksnu-metala-griesanai-pa-labi\\\/#primaryimage\"},\"image\":{\"@id\":\"https:\\\/\\\/telvelaar.ee\\\/lv\\\/produkts\\\/plaksnu-skeres-nerusejosa-loksnu-metala-griesanai-pa-labi\\\/#primaryimage\"},\"thumbnailUrl\":\"https:\\\/\\\/telvelaar.ee\\\/wp-content\\\/uploads\\\/2024\\\/04\\\/MWT-SS6510R-with-Callout-1-e1739266166348.webp\",\"datePublished\":\"2024-04-02T08:36:23+00:00\",\"dateModified\":\"2024-07-05T07:30:58+00:00\",\"breadcrumb\":{\"@id\":\"https:\\\/\\\/telvelaar.ee\\\/lv\\\/produkts\\\/plaksnu-skeres-nerusejosa-loksnu-metala-griesanai-pa-labi\\\/#breadcrumb\"},\"inLanguage\":\"lv-LV\",\"potentialAction\":[{\"@type\":\"ReadAction\",\"target\":[\"https:\\\/\\\/telvelaar.ee\\\/lv\\\/produkts\\\/plaksnu-skeres-nerusejosa-loksnu-metala-griesanai-pa-labi\\\/\"]}]},{\"@type\":\"ImageObject\",\"inLanguage\":\"lv-LV\",\"@id\":\"https:\\\/\\\/telvelaar.ee\\\/lv\\\/produkts\\\/plaksnu-skeres-nerusejosa-loksnu-metala-griesanai-pa-labi\\\/#primaryimage\",\"url\":\"https:\\\/\\\/telvelaar.ee\\\/wp-content\\\/uploads\\\/2024\\\/04\\\/MWT-SS6510R-with-Callout-1-e1739266166348.webp\",\"contentUrl\":\"https:\\\/\\\/telvelaar.ee\\\/wp-content\\\/uploads\\\/2024\\\/04\\\/MWT-SS6510R-with-Callout-1-e1739266166348.webp\",\"width\":1000,\"height\":1000},{\"@type\":\"BreadcrumbList\",\"@id\":\"https:\\\/\\\/telvelaar.ee\\\/lv\\\/produkts\\\/plaksnu-skeres-nerusejosa-loksnu-metala-griesanai-pa-labi\\\/#breadcrumb\",\"itemListElement\":[{\"@type\":\"ListItem\",\"position\":1,\"name\":\"Home\",\"item\":\"https:\\\/\\\/telvelaar.ee\\\/lv\\\/majas-lapa\\\/\"},{\"@type\":\"ListItem\",\"position\":2,\"name\":\"E-veikals\",\"item\":\"https:\\\/\\\/telvelaar.ee\\\/lv\\\/shop\\\/\"},{\"@type\":\"ListItem\",\"position\":3,\"name\":\"Sk\u0101rda \u0161\u0137\u0113res MWT-SS6510R\"}]},{\"@type\":\"WebSite\",\"@id\":\"https:\\\/\\\/telvelaar.ee\\\/lv\\\/#website\",\"url\":\"https:\\\/\\\/telvelaar.ee\\\/lv\\\/\",\"name\":\"Telve & Laar\",\"description\":\"\",\"publisher\":{\"@id\":\"https:\\\/\\\/telvelaar.ee\\\/lv\\\/#organization\"},\"potentialAction\":[{\"@type\":\"SearchAction\",\"target\":{\"@type\":\"EntryPoint\",\"urlTemplate\":\"https:\\\/\\\/telvelaar.ee\\\/lv\\\/?s={search_term_string}\"},\"query-input\":{\"@type\":\"PropertyValueSpecification\",\"valueRequired\":true,\"valueName\":\"search_term_string\"}}],\"inLanguage\":\"lv-LV\"},{\"@type\":\"Organization\",\"@id\":\"https:\\\/\\\/telvelaar.ee\\\/lv\\\/#organization\",\"name\":\"Telve & Laar\",\"url\":\"https:\\\/\\\/telvelaar.ee\\\/lv\\\/\",\"logo\":{\"@type\":\"ImageObject\",\"inLanguage\":\"lv-LV\",\"@id\":\"https:\\\/\\\/telvelaar.ee\\\/lv\\\/#\\\/schema\\\/logo\\\/image\\\/\",\"url\":\"https:\\\/\\\/telvelaar.ee\\\/wp-content\\\/uploads\\\/2024\\\/04\\\/Telve_laar_logo.svg\",\"contentUrl\":\"https:\\\/\\\/telvelaar.ee\\\/wp-content\\\/uploads\\\/2024\\\/04\\\/Telve_laar_logo.svg\",\"width\":733,\"height\":431,\"caption\":\"Telve & Laar\"},\"image\":{\"@id\":\"https:\\\/\\\/telvelaar.ee\\\/lv\\\/#\\\/schema\\\/logo\\\/image\\\/\"}}]}<\/script>\n<!-- \/ Yoast SEO plugin. -->","yoast_head_json":{"title":"Sk\u0101rda \u0161\u0137\u0113res MWT-SS6510R - Telve &amp; Laar","robots":{"index":"index","follow":"follow","max-snippet":"max-snippet:-1","max-image-preview":"max-image-preview:large","max-video-preview":"max-video-preview:-1"},"canonical":"https:\/\/telvelaar.ee\/lv\/produkts\/plaksnu-skeres-nerusejosa-loksnu-metala-griesanai-pa-labi\/","og_locale":"lv_LV","og_type":"article","og_title":"Sk\u0101rda \u0161\u0137\u0113res MWT-SS6510R - Telve &amp; Laar","og_description":"Pl\u0101na lok\u0161\u0146u met\u0101la (l\u012bdz 0,8 mm auksti velm\u0113ta sk\u0101rda un 0,5 mm ner\u016bs\u0113jo\u0161\u0101 sk\u0101rda) grie\u0161anai.","og_url":"https:\/\/telvelaar.ee\/lv\/produkts\/plaksnu-skeres-nerusejosa-loksnu-metala-griesanai-pa-labi\/","og_site_name":"Telve &amp; Laar","article_modified_time":"2024-07-05T07:30:58+00:00","og_image":[{"width":340,"height":1000,"url":"https:\/\/telvelaar.ee\/wp-content\/uploads\/2024\/04\/MW-SSP6510Rs.jpg","type":"image\/jpeg"}],"twitter_card":"summary_large_image","schema":{"@context":"https:\/\/schema.org","@graph":[{"@type":"WebPage","@id":"https:\/\/telvelaar.ee\/lv\/produkts\/plaksnu-skeres-nerusejosa-loksnu-metala-griesanai-pa-labi\/","url":"https:\/\/telvelaar.ee\/lv\/produkts\/plaksnu-skeres-nerusejosa-loksnu-metala-griesanai-pa-labi\/","name":"Sk\u0101rda \u0161\u0137\u0113res MWT-SS6510R - Telve &amp; Laar","isPartOf":{"@id":"https:\/\/telvelaar.ee\/lv\/#website"},"primaryImageOfPage":{"@id":"https:\/\/telvelaar.ee\/lv\/produkts\/plaksnu-skeres-nerusejosa-loksnu-metala-griesanai-pa-labi\/#primaryimage"},"image":{"@id":"https:\/\/telvelaar.ee\/lv\/produkts\/plaksnu-skeres-nerusejosa-loksnu-metala-griesanai-pa-labi\/#primaryimage"},"thumbnailUrl":"https:\/\/telvelaar.ee\/wp-content\/uploads\/2024\/04\/MWT-SS6510R-with-Callout-1-e1739266166348.webp","datePublished":"2024-04-02T08:36:23+00:00","dateModified":"2024-07-05T07:30:58+00:00","breadcrumb":{"@id":"https:\/\/telvelaar.ee\/lv\/produkts\/plaksnu-skeres-nerusejosa-loksnu-metala-griesanai-pa-labi\/#breadcrumb"},"inLanguage":"lv-LV","potentialAction":[{"@type":"ReadAction","target":["https:\/\/telvelaar.ee\/lv\/produkts\/plaksnu-skeres-nerusejosa-loksnu-metala-griesanai-pa-labi\/"]}]},{"@type":"ImageObject","inLanguage":"lv-LV","@id":"https:\/\/telvelaar.ee\/lv\/produkts\/plaksnu-skeres-nerusejosa-loksnu-metala-griesanai-pa-labi\/#primaryimage","url":"https:\/\/telvelaar.ee\/wp-content\/uploads\/2024\/04\/MWT-SS6510R-with-Callout-1-e1739266166348.webp","contentUrl":"https:\/\/telvelaar.ee\/wp-content\/uploads\/2024\/04\/MWT-SS6510R-with-Callout-1-e1739266166348.webp","width":1000,"height":1000},{"@type":"BreadcrumbList","@id":"https:\/\/telvelaar.ee\/lv\/produkts\/plaksnu-skeres-nerusejosa-loksnu-metala-griesanai-pa-labi\/#breadcrumb","itemListElement":[{"@type":"ListItem","position":1,"name":"Home","item":"https:\/\/telvelaar.ee\/lv\/majas-lapa\/"},{"@type":"ListItem","position":2,"name":"E-veikals","item":"https:\/\/telvelaar.ee\/lv\/shop\/"},{"@type":"ListItem","position":3,"name":"Sk\u0101rda \u0161\u0137\u0113res MWT-SS6510R"}]},{"@type":"WebSite","@id":"https:\/\/telvelaar.ee\/lv\/#website","url":"https:\/\/telvelaar.ee\/lv\/","name":"Telve & Laar","description":"","publisher":{"@id":"https:\/\/telvelaar.ee\/lv\/#organization"},"potentialAction":[{"@type":"SearchAction","target":{"@type":"EntryPoint","urlTemplate":"https:\/\/telvelaar.ee\/lv\/?s={search_term_string}"},"query-input":{"@type":"PropertyValueSpecification","valueRequired":true,"valueName":"search_term_string"}}],"inLanguage":"lv-LV"},{"@type":"Organization","@id":"https:\/\/telvelaar.ee\/lv\/#organization","name":"Telve & Laar","url":"https:\/\/telvelaar.ee\/lv\/","logo":{"@type":"ImageObject","inLanguage":"lv-LV","@id":"https:\/\/telvelaar.ee\/lv\/#\/schema\/logo\/image\/","url":"https:\/\/telvelaar.ee\/wp-content\/uploads\/2024\/04\/Telve_laar_logo.svg","contentUrl":"https:\/\/telvelaar.ee\/wp-content\/uploads\/2024\/04\/Telve_laar_logo.svg","width":733,"height":431,"caption":"Telve & Laar"},"image":{"@id":"https:\/\/telvelaar.ee\/lv\/#\/schema\/logo\/image\/"}}]}},"_links":{"self":[{"href":"https:\/\/telvelaar.ee\/lv\/wp-json\/wp\/v2\/product\/2078","targetHints":{"allow":["GET"]}}],"collection":[{"href":"https:\/\/telvelaar.ee\/lv\/wp-json\/wp\/v2\/product"}],"about":[{"href":"https:\/\/telvelaar.ee\/lv\/wp-json\/wp\/v2\/types\/product"}],"replies":[{"embeddable":true,"href":"https:\/\/telvelaar.ee\/lv\/wp-json\/wp\/v2\/comments?post=2078"}],"wp:featuredmedia":[{"embeddable":true,"href":"https:\/\/telvelaar.ee\/lv\/wp-json\/wp\/v2\/media\/4362"}],"wp:attachment":[{"href":"https:\/\/telvelaar.ee\/lv\/wp-json\/wp\/v2\/media?parent=2078"}],"wp:term":[{"taxonomy":"product_brand","embeddable":true,"href":"https:\/\/telvelaar.ee\/lv\/wp-json\/wp\/v2\/product_brand?post=2078"},{"taxonomy":"product_cat","embeddable":true,"href":"https:\/\/telvelaar.ee\/lv\/wp-json\/wp\/v2\/product_cat?post=2078"},{"taxonomy":"product_tag","embeddable":true,"href":"https:\/\/telvelaar.ee\/lv\/wp-json\/wp\/v2\/product_tag?post=2078"}],"curies":[{"name":"wp","href":"https:\/\/api.w.org\/{rel}","templated":true}]}}