{"id":2764,"date":"2024-04-02T10:03:25","date_gmt":"2024-04-02T07:03:25","guid":{"rendered":"https:\/\/telvelaar.ee\/product\/velmesanas-stangas-mwt-st2-ar-30-lenki\/"},"modified":"2024-07-05T10:35:02","modified_gmt":"2024-07-05T07:35:02","slug":"velmesanas-stangas-mwt-st2-ar-30-lenki","status":"publish","type":"product","link":"https:\/\/telvelaar.ee\/lv\/produkts\/velmesanas-stangas-mwt-st2-ar-30-lenki\/","title":{"rendered":"Velm\u0113\u0161anas stangas MWT-ST2 ar 30\u00b0 le\u0146\u0137i"},"content":{"rendered":"<p>Pl\u0101na lok\u0161\u0146u met\u0101la (l\u012bdz 0,8 mm auksti velm\u0113ta sk\u0101rda un 0,5 mm ner\u016bs\u0113jo\u0161\u0101 sk\u0101rda) loc\u012b\u0161anai un saspie\u0161anai. Stang\u0101m ir loc\u012bjuma dzi\u013cuma atz\u012bmes l\u012bnijas. Loc\u012bjuma dzi\u013cums 30 mm.<\/p>\n<p>Loc\u012bjuma platums 75 mm.<\/p>\n<p>Nelietot izliektas formas materi\u0101lu loc\u012b\u0161anai.<\/p>\n","protected":false},"excerpt":{"rendered":"<p>Pl\u0101na lok\u0161\u0146u met\u0101la (l\u012bdz 0,8 mm auksti velm\u0113ta sk\u0101rda un 0,5 mm ner\u016bs\u0113jo\u0161\u0101 sk\u0101rda) loc\u012b\u0161anai un saspie\u0161anai.<\/p>\n","protected":false},"featured_media":1340,"comment_status":"open","ping_status":"closed","template":"","meta":{"inline_featured_image":false},"product_brand":[],"product_cat":[64],"product_tag":[],"class_list":{"0":"post-2764","1":"product","2":"type-product","3":"status-publish","4":"has-post-thumbnail","6":"product_cat-velmesanas-stangas","8":"first","9":"instock","10":"taxable","11":"shipping-taxable","12":"purchasable","13":"product-type-simple","14":"berocket_lgv_grid","15":"berocket_lgv_list_grid"},"yoast_head":"<!-- This site is optimized with the Yoast SEO plugin v27.4 - https:\/\/yoast.com\/product\/yoast-seo-wordpress\/ -->\n<title>Velm\u0113\u0161anas stangas MWT-ST2 ar 30\u00b0 le\u0146\u0137i - Telve &amp; Laar<\/title>\n<meta name=\"robots\" content=\"index, follow, max-snippet:-1, max-image-preview:large, max-video-preview:-1\" \/>\n<link rel=\"canonical\" href=\"https:\/\/telvelaar.ee\/lv\/produkts\/velmesanas-stangas-mwt-st2-ar-30-lenki\/\" \/>\n<meta property=\"og:locale\" content=\"lv_LV\" \/>\n<meta property=\"og:type\" content=\"article\" \/>\n<meta property=\"og:title\" content=\"Velm\u0113\u0161anas stangas MWT-ST2 ar 30\u00b0 le\u0146\u0137i - Telve &amp; Laar\" \/>\n<meta property=\"og:description\" content=\"Pl\u0101na lok\u0161\u0146u met\u0101la (l\u012bdz 0,8 mm auksti velm\u0113ta sk\u0101rda un 0,5 mm ner\u016bs\u0113jo\u0161\u0101 sk\u0101rda) loc\u012b\u0161anai un saspie\u0161anai.\" \/>\n<meta property=\"og:url\" content=\"https:\/\/telvelaar.ee\/lv\/produkts\/velmesanas-stangas-mwt-st2-ar-30-lenki\/\" \/>\n<meta property=\"og:site_name\" content=\"Telve &amp; Laar\" \/>\n<meta property=\"article:modified_time\" content=\"2024-07-05T07:35:02+00:00\" \/>\n<meta property=\"og:image\" content=\"https:\/\/telvelaar.ee\/wp-content\/uploads\/2024\/04\/FCT-M-ST2s.gif\" \/>\n\t<meta property=\"og:image:width\" content=\"200\" \/>\n\t<meta property=\"og:image:height\" content=\"575\" \/>\n\t<meta property=\"og:image:type\" content=\"image\/gif\" \/>\n<meta name=\"twitter:card\" content=\"summary_large_image\" \/>\n<script type=\"application\/ld+json\" class=\"yoast-schema-graph\">{\"@context\":\"https:\\\/\\\/schema.org\",\"@graph\":[{\"@type\":\"WebPage\",\"@id\":\"https:\\\/\\\/telvelaar.ee\\\/lv\\\/produkts\\\/velmesanas-stangas-mwt-st2-ar-30-lenki\\\/\",\"url\":\"https:\\\/\\\/telvelaar.ee\\\/lv\\\/produkts\\\/velmesanas-stangas-mwt-st2-ar-30-lenki\\\/\",\"name\":\"Velm\u0113\u0161anas stangas MWT-ST2 ar 30\u00b0 le\u0146\u0137i - Telve &amp; Laar\",\"isPartOf\":{\"@id\":\"https:\\\/\\\/telvelaar.ee\\\/lv\\\/#website\"},\"primaryImageOfPage\":{\"@id\":\"https:\\\/\\\/telvelaar.ee\\\/lv\\\/produkts\\\/velmesanas-stangas-mwt-st2-ar-30-lenki\\\/#primaryimage\"},\"image\":{\"@id\":\"https:\\\/\\\/telvelaar.ee\\\/lv\\\/produkts\\\/velmesanas-stangas-mwt-st2-ar-30-lenki\\\/#primaryimage\"},\"thumbnailUrl\":\"https:\\\/\\\/telvelaar.ee\\\/wp-content\\\/uploads\\\/2024\\\/04\\\/FCT-M-ST2s.gif\",\"datePublished\":\"2024-04-02T07:03:25+00:00\",\"dateModified\":\"2024-07-05T07:35:02+00:00\",\"breadcrumb\":{\"@id\":\"https:\\\/\\\/telvelaar.ee\\\/lv\\\/produkts\\\/velmesanas-stangas-mwt-st2-ar-30-lenki\\\/#breadcrumb\"},\"inLanguage\":\"lv-LV\",\"potentialAction\":[{\"@type\":\"ReadAction\",\"target\":[\"https:\\\/\\\/telvelaar.ee\\\/lv\\\/produkts\\\/velmesanas-stangas-mwt-st2-ar-30-lenki\\\/\"]}]},{\"@type\":\"ImageObject\",\"inLanguage\":\"lv-LV\",\"@id\":\"https:\\\/\\\/telvelaar.ee\\\/lv\\\/produkts\\\/velmesanas-stangas-mwt-st2-ar-30-lenki\\\/#primaryimage\",\"url\":\"https:\\\/\\\/telvelaar.ee\\\/wp-content\\\/uploads\\\/2024\\\/04\\\/FCT-M-ST2s.gif\",\"contentUrl\":\"https:\\\/\\\/telvelaar.ee\\\/wp-content\\\/uploads\\\/2024\\\/04\\\/FCT-M-ST2s.gif\",\"width\":200,\"height\":575},{\"@type\":\"BreadcrumbList\",\"@id\":\"https:\\\/\\\/telvelaar.ee\\\/lv\\\/produkts\\\/velmesanas-stangas-mwt-st2-ar-30-lenki\\\/#breadcrumb\",\"itemListElement\":[{\"@type\":\"ListItem\",\"position\":1,\"name\":\"Home\",\"item\":\"https:\\\/\\\/telvelaar.ee\\\/lv\\\/majas-lapa\\\/\"},{\"@type\":\"ListItem\",\"position\":2,\"name\":\"E-veikals\",\"item\":\"https:\\\/\\\/telvelaar.ee\\\/lv\\\/shop\\\/\"},{\"@type\":\"ListItem\",\"position\":3,\"name\":\"Velm\u0113\u0161anas stangas MWT-ST2 ar 30\u00b0 le\u0146\u0137i\"}]},{\"@type\":\"WebSite\",\"@id\":\"https:\\\/\\\/telvelaar.ee\\\/lv\\\/#website\",\"url\":\"https:\\\/\\\/telvelaar.ee\\\/lv\\\/\",\"name\":\"Telve & Laar\",\"description\":\"\",\"publisher\":{\"@id\":\"https:\\\/\\\/telvelaar.ee\\\/lv\\\/#organization\"},\"potentialAction\":[{\"@type\":\"SearchAction\",\"target\":{\"@type\":\"EntryPoint\",\"urlTemplate\":\"https:\\\/\\\/telvelaar.ee\\\/lv\\\/?s={search_term_string}\"},\"query-input\":{\"@type\":\"PropertyValueSpecification\",\"valueRequired\":true,\"valueName\":\"search_term_string\"}}],\"inLanguage\":\"lv-LV\"},{\"@type\":\"Organization\",\"@id\":\"https:\\\/\\\/telvelaar.ee\\\/lv\\\/#organization\",\"name\":\"Telve & Laar\",\"url\":\"https:\\\/\\\/telvelaar.ee\\\/lv\\\/\",\"logo\":{\"@type\":\"ImageObject\",\"inLanguage\":\"lv-LV\",\"@id\":\"https:\\\/\\\/telvelaar.ee\\\/lv\\\/#\\\/schema\\\/logo\\\/image\\\/\",\"url\":\"https:\\\/\\\/telvelaar.ee\\\/wp-content\\\/uploads\\\/2024\\\/04\\\/Telve_laar_logo.svg\",\"contentUrl\":\"https:\\\/\\\/telvelaar.ee\\\/wp-content\\\/uploads\\\/2024\\\/04\\\/Telve_laar_logo.svg\",\"width\":733,\"height\":431,\"caption\":\"Telve & Laar\"},\"image\":{\"@id\":\"https:\\\/\\\/telvelaar.ee\\\/lv\\\/#\\\/schema\\\/logo\\\/image\\\/\"}}]}<\/script>\n<!-- \/ Yoast SEO plugin. -->","yoast_head_json":{"title":"Velm\u0113\u0161anas stangas MWT-ST2 ar 30\u00b0 le\u0146\u0137i - Telve &amp; Laar","robots":{"index":"index","follow":"follow","max-snippet":"max-snippet:-1","max-image-preview":"max-image-preview:large","max-video-preview":"max-video-preview:-1"},"canonical":"https:\/\/telvelaar.ee\/lv\/produkts\/velmesanas-stangas-mwt-st2-ar-30-lenki\/","og_locale":"lv_LV","og_type":"article","og_title":"Velm\u0113\u0161anas stangas MWT-ST2 ar 30\u00b0 le\u0146\u0137i - Telve &amp; Laar","og_description":"Pl\u0101na lok\u0161\u0146u met\u0101la (l\u012bdz 0,8 mm auksti velm\u0113ta sk\u0101rda un 0,5 mm ner\u016bs\u0113jo\u0161\u0101 sk\u0101rda) loc\u012b\u0161anai un saspie\u0161anai.","og_url":"https:\/\/telvelaar.ee\/lv\/produkts\/velmesanas-stangas-mwt-st2-ar-30-lenki\/","og_site_name":"Telve &amp; Laar","article_modified_time":"2024-07-05T07:35:02+00:00","og_image":[{"width":200,"height":575,"url":"https:\/\/telvelaar.ee\/wp-content\/uploads\/2024\/04\/FCT-M-ST2s.gif","type":"image\/gif"}],"twitter_card":"summary_large_image","schema":{"@context":"https:\/\/schema.org","@graph":[{"@type":"WebPage","@id":"https:\/\/telvelaar.ee\/lv\/produkts\/velmesanas-stangas-mwt-st2-ar-30-lenki\/","url":"https:\/\/telvelaar.ee\/lv\/produkts\/velmesanas-stangas-mwt-st2-ar-30-lenki\/","name":"Velm\u0113\u0161anas stangas MWT-ST2 ar 30\u00b0 le\u0146\u0137i - Telve &amp; Laar","isPartOf":{"@id":"https:\/\/telvelaar.ee\/lv\/#website"},"primaryImageOfPage":{"@id":"https:\/\/telvelaar.ee\/lv\/produkts\/velmesanas-stangas-mwt-st2-ar-30-lenki\/#primaryimage"},"image":{"@id":"https:\/\/telvelaar.ee\/lv\/produkts\/velmesanas-stangas-mwt-st2-ar-30-lenki\/#primaryimage"},"thumbnailUrl":"https:\/\/telvelaar.ee\/wp-content\/uploads\/2024\/04\/FCT-M-ST2s.gif","datePublished":"2024-04-02T07:03:25+00:00","dateModified":"2024-07-05T07:35:02+00:00","breadcrumb":{"@id":"https:\/\/telvelaar.ee\/lv\/produkts\/velmesanas-stangas-mwt-st2-ar-30-lenki\/#breadcrumb"},"inLanguage":"lv-LV","potentialAction":[{"@type":"ReadAction","target":["https:\/\/telvelaar.ee\/lv\/produkts\/velmesanas-stangas-mwt-st2-ar-30-lenki\/"]}]},{"@type":"ImageObject","inLanguage":"lv-LV","@id":"https:\/\/telvelaar.ee\/lv\/produkts\/velmesanas-stangas-mwt-st2-ar-30-lenki\/#primaryimage","url":"https:\/\/telvelaar.ee\/wp-content\/uploads\/2024\/04\/FCT-M-ST2s.gif","contentUrl":"https:\/\/telvelaar.ee\/wp-content\/uploads\/2024\/04\/FCT-M-ST2s.gif","width":200,"height":575},{"@type":"BreadcrumbList","@id":"https:\/\/telvelaar.ee\/lv\/produkts\/velmesanas-stangas-mwt-st2-ar-30-lenki\/#breadcrumb","itemListElement":[{"@type":"ListItem","position":1,"name":"Home","item":"https:\/\/telvelaar.ee\/lv\/majas-lapa\/"},{"@type":"ListItem","position":2,"name":"E-veikals","item":"https:\/\/telvelaar.ee\/lv\/shop\/"},{"@type":"ListItem","position":3,"name":"Velm\u0113\u0161anas stangas MWT-ST2 ar 30\u00b0 le\u0146\u0137i"}]},{"@type":"WebSite","@id":"https:\/\/telvelaar.ee\/lv\/#website","url":"https:\/\/telvelaar.ee\/lv\/","name":"Telve & Laar","description":"","publisher":{"@id":"https:\/\/telvelaar.ee\/lv\/#organization"},"potentialAction":[{"@type":"SearchAction","target":{"@type":"EntryPoint","urlTemplate":"https:\/\/telvelaar.ee\/lv\/?s={search_term_string}"},"query-input":{"@type":"PropertyValueSpecification","valueRequired":true,"valueName":"search_term_string"}}],"inLanguage":"lv-LV"},{"@type":"Organization","@id":"https:\/\/telvelaar.ee\/lv\/#organization","name":"Telve & Laar","url":"https:\/\/telvelaar.ee\/lv\/","logo":{"@type":"ImageObject","inLanguage":"lv-LV","@id":"https:\/\/telvelaar.ee\/lv\/#\/schema\/logo\/image\/","url":"https:\/\/telvelaar.ee\/wp-content\/uploads\/2024\/04\/Telve_laar_logo.svg","contentUrl":"https:\/\/telvelaar.ee\/wp-content\/uploads\/2024\/04\/Telve_laar_logo.svg","width":733,"height":431,"caption":"Telve & Laar"},"image":{"@id":"https:\/\/telvelaar.ee\/lv\/#\/schema\/logo\/image\/"}}]}},"_links":{"self":[{"href":"https:\/\/telvelaar.ee\/lv\/wp-json\/wp\/v2\/product\/2764","targetHints":{"allow":["GET"]}}],"collection":[{"href":"https:\/\/telvelaar.ee\/lv\/wp-json\/wp\/v2\/product"}],"about":[{"href":"https:\/\/telvelaar.ee\/lv\/wp-json\/wp\/v2\/types\/product"}],"replies":[{"embeddable":true,"href":"https:\/\/telvelaar.ee\/lv\/wp-json\/wp\/v2\/comments?post=2764"}],"wp:featuredmedia":[{"embeddable":true,"href":"https:\/\/telvelaar.ee\/lv\/wp-json\/wp\/v2\/media\/1340"}],"wp:attachment":[{"href":"https:\/\/telvelaar.ee\/lv\/wp-json\/wp\/v2\/media?parent=2764"}],"wp:term":[{"taxonomy":"product_brand","embeddable":true,"href":"https:\/\/telvelaar.ee\/lv\/wp-json\/wp\/v2\/product_brand?post=2764"},{"taxonomy":"product_cat","embeddable":true,"href":"https:\/\/telvelaar.ee\/lv\/wp-json\/wp\/v2\/product_cat?post=2764"},{"taxonomy":"product_tag","embeddable":true,"href":"https:\/\/telvelaar.ee\/lv\/wp-json\/wp\/v2\/product_tag?post=2764"}],"curies":[{"name":"wp","href":"https:\/\/api.w.org\/{rel}","templated":true}]}}