{"id":2775,"date":"2024-04-02T10:57:52","date_gmt":"2024-04-02T07:57:52","guid":{"rendered":"https:\/\/telvelaar.ee\/product\/fiksacijas-stangas-mwt-l1\/"},"modified":"2024-07-05T10:33:24","modified_gmt":"2024-07-05T07:33:24","slug":"fiksacijas-stangas-mwt-l1","status":"publish","type":"product","link":"https:\/\/telvelaar.ee\/lv\/produkts\/fiksacijas-stangas-mwt-l1\/","title":{"rendered":"Fiks\u0101cijas stangas MWT-L1"},"content":{"rendered":"<p>Lieto\u0161ana: pl\u0101na lok\u0161\u0146u met\u0101la (l\u012bdz 0,53 mm auksti velm\u0113ta sk\u0101rda un 0,35 mm ner\u016bs\u0113jo\u0161\u0101 sk\u0101rda) cauru\u013cu valc\u0113juma vietu nostiprin\u0101\u0161anai un lietus notekcauru\u013cu galu mont\u0101\u017eai. Savieno vienu uz otras novietotas lok\u0161\u0146u met\u0101la pl\u0101tnes, sa\u0161tanc\u0113jot vienu malu aiz otras.<\/p>\n<p>Savienojuma vietas garums 9,5 mm.<\/p>\n","protected":false},"excerpt":{"rendered":"<p>Pl\u0101na lok\u0161\u0146u met\u0101la (l\u012bdz 0,53 mm auksti velm\u0113ta sk\u0101rda un 0,35 mm ner\u016bs\u0113jo\u0161\u0101 sk\u0101rda) cauru\u013cu valc\u0113juma vietu nostiprin\u0101\u0161anai un lietus notekcauru\u013cu galu mont\u0101\u017eai.<\/p>\n","protected":false},"featured_media":1430,"comment_status":"open","ping_status":"closed","template":"","meta":{"inline_featured_image":false},"product_brand":[],"product_cat":[66],"product_tag":[],"class_list":{"0":"post-2775","1":"product","2":"type-product","3":"status-publish","4":"has-post-thumbnail","6":"product_cat-vairak-riku","8":"first","9":"outofstock","10":"taxable","11":"shipping-taxable","12":"purchasable","13":"product-type-simple","14":"berocket_lgv_grid","15":"berocket_lgv_list_grid"},"yoast_head":"<!-- This site is optimized with the Yoast SEO plugin v27.4 - https:\/\/yoast.com\/product\/yoast-seo-wordpress\/ -->\n<title>Fiks\u0101cijas stangas MWT-L1 - Telve &amp; Laar<\/title>\n<meta name=\"robots\" content=\"index, follow, max-snippet:-1, max-image-preview:large, max-video-preview:-1\" \/>\n<link rel=\"canonical\" href=\"https:\/\/telvelaar.ee\/lv\/produkts\/fiksacijas-stangas-mwt-l1\/\" \/>\n<meta property=\"og:locale\" content=\"lv_LV\" \/>\n<meta property=\"og:type\" content=\"article\" \/>\n<meta property=\"og:title\" content=\"Fiks\u0101cijas stangas MWT-L1 - Telve &amp; Laar\" \/>\n<meta property=\"og:description\" content=\"Pl\u0101na lok\u0161\u0146u met\u0101la (l\u012bdz 0,53 mm auksti velm\u0113ta sk\u0101rda un 0,35 mm ner\u016bs\u0113jo\u0161\u0101 sk\u0101rda) cauru\u013cu valc\u0113juma vietu nostiprin\u0101\u0161anai un lietus notekcauru\u013cu galu mont\u0101\u017eai.\" \/>\n<meta property=\"og:url\" content=\"https:\/\/telvelaar.ee\/lv\/produkts\/fiksacijas-stangas-mwt-l1\/\" \/>\n<meta property=\"og:site_name\" content=\"Telve &amp; Laar\" \/>\n<meta property=\"article:modified_time\" content=\"2024-07-05T07:33:24+00:00\" \/>\n<meta property=\"og:image\" content=\"https:\/\/telvelaar.ee\/wp-content\/uploads\/2024\/04\/FCT-M-L1s.gif\" \/>\n\t<meta property=\"og:image:width\" content=\"200\" \/>\n\t<meta property=\"og:image:height\" content=\"444\" \/>\n\t<meta property=\"og:image:type\" content=\"image\/gif\" \/>\n<meta name=\"twitter:card\" content=\"summary_large_image\" \/>\n<script type=\"application\/ld+json\" class=\"yoast-schema-graph\">{\"@context\":\"https:\\\/\\\/schema.org\",\"@graph\":[{\"@type\":\"WebPage\",\"@id\":\"https:\\\/\\\/telvelaar.ee\\\/lv\\\/produkts\\\/fiksacijas-stangas-mwt-l1\\\/\",\"url\":\"https:\\\/\\\/telvelaar.ee\\\/lv\\\/produkts\\\/fiksacijas-stangas-mwt-l1\\\/\",\"name\":\"Fiks\u0101cijas stangas MWT-L1 - Telve &amp; Laar\",\"isPartOf\":{\"@id\":\"https:\\\/\\\/telvelaar.ee\\\/lv\\\/#website\"},\"primaryImageOfPage\":{\"@id\":\"https:\\\/\\\/telvelaar.ee\\\/lv\\\/produkts\\\/fiksacijas-stangas-mwt-l1\\\/#primaryimage\"},\"image\":{\"@id\":\"https:\\\/\\\/telvelaar.ee\\\/lv\\\/produkts\\\/fiksacijas-stangas-mwt-l1\\\/#primaryimage\"},\"thumbnailUrl\":\"https:\\\/\\\/telvelaar.ee\\\/wp-content\\\/uploads\\\/2024\\\/04\\\/FCT-M-L1s.gif\",\"datePublished\":\"2024-04-02T07:57:52+00:00\",\"dateModified\":\"2024-07-05T07:33:24+00:00\",\"breadcrumb\":{\"@id\":\"https:\\\/\\\/telvelaar.ee\\\/lv\\\/produkts\\\/fiksacijas-stangas-mwt-l1\\\/#breadcrumb\"},\"inLanguage\":\"lv-LV\",\"potentialAction\":[{\"@type\":\"ReadAction\",\"target\":[\"https:\\\/\\\/telvelaar.ee\\\/lv\\\/produkts\\\/fiksacijas-stangas-mwt-l1\\\/\"]}]},{\"@type\":\"ImageObject\",\"inLanguage\":\"lv-LV\",\"@id\":\"https:\\\/\\\/telvelaar.ee\\\/lv\\\/produkts\\\/fiksacijas-stangas-mwt-l1\\\/#primaryimage\",\"url\":\"https:\\\/\\\/telvelaar.ee\\\/wp-content\\\/uploads\\\/2024\\\/04\\\/FCT-M-L1s.gif\",\"contentUrl\":\"https:\\\/\\\/telvelaar.ee\\\/wp-content\\\/uploads\\\/2024\\\/04\\\/FCT-M-L1s.gif\",\"width\":200,\"height\":444},{\"@type\":\"BreadcrumbList\",\"@id\":\"https:\\\/\\\/telvelaar.ee\\\/lv\\\/produkts\\\/fiksacijas-stangas-mwt-l1\\\/#breadcrumb\",\"itemListElement\":[{\"@type\":\"ListItem\",\"position\":1,\"name\":\"Home\",\"item\":\"https:\\\/\\\/telvelaar.ee\\\/lv\\\/majas-lapa\\\/\"},{\"@type\":\"ListItem\",\"position\":2,\"name\":\"E-veikals\",\"item\":\"https:\\\/\\\/telvelaar.ee\\\/lv\\\/shop\\\/\"},{\"@type\":\"ListItem\",\"position\":3,\"name\":\"Fiks\u0101cijas stangas MWT-L1\"}]},{\"@type\":\"WebSite\",\"@id\":\"https:\\\/\\\/telvelaar.ee\\\/lv\\\/#website\",\"url\":\"https:\\\/\\\/telvelaar.ee\\\/lv\\\/\",\"name\":\"Telve & Laar\",\"description\":\"\",\"publisher\":{\"@id\":\"https:\\\/\\\/telvelaar.ee\\\/lv\\\/#organization\"},\"potentialAction\":[{\"@type\":\"SearchAction\",\"target\":{\"@type\":\"EntryPoint\",\"urlTemplate\":\"https:\\\/\\\/telvelaar.ee\\\/lv\\\/?s={search_term_string}\"},\"query-input\":{\"@type\":\"PropertyValueSpecification\",\"valueRequired\":true,\"valueName\":\"search_term_string\"}}],\"inLanguage\":\"lv-LV\"},{\"@type\":\"Organization\",\"@id\":\"https:\\\/\\\/telvelaar.ee\\\/lv\\\/#organization\",\"name\":\"Telve & Laar\",\"url\":\"https:\\\/\\\/telvelaar.ee\\\/lv\\\/\",\"logo\":{\"@type\":\"ImageObject\",\"inLanguage\":\"lv-LV\",\"@id\":\"https:\\\/\\\/telvelaar.ee\\\/lv\\\/#\\\/schema\\\/logo\\\/image\\\/\",\"url\":\"https:\\\/\\\/telvelaar.ee\\\/wp-content\\\/uploads\\\/2024\\\/04\\\/Telve_laar_logo.svg\",\"contentUrl\":\"https:\\\/\\\/telvelaar.ee\\\/wp-content\\\/uploads\\\/2024\\\/04\\\/Telve_laar_logo.svg\",\"width\":733,\"height\":431,\"caption\":\"Telve & Laar\"},\"image\":{\"@id\":\"https:\\\/\\\/telvelaar.ee\\\/lv\\\/#\\\/schema\\\/logo\\\/image\\\/\"}}]}<\/script>\n<!-- \/ Yoast SEO plugin. -->","yoast_head_json":{"title":"Fiks\u0101cijas stangas MWT-L1 - Telve &amp; Laar","robots":{"index":"index","follow":"follow","max-snippet":"max-snippet:-1","max-image-preview":"max-image-preview:large","max-video-preview":"max-video-preview:-1"},"canonical":"https:\/\/telvelaar.ee\/lv\/produkts\/fiksacijas-stangas-mwt-l1\/","og_locale":"lv_LV","og_type":"article","og_title":"Fiks\u0101cijas stangas MWT-L1 - Telve &amp; Laar","og_description":"Pl\u0101na lok\u0161\u0146u met\u0101la (l\u012bdz 0,53 mm auksti velm\u0113ta sk\u0101rda un 0,35 mm ner\u016bs\u0113jo\u0161\u0101 sk\u0101rda) cauru\u013cu valc\u0113juma vietu nostiprin\u0101\u0161anai un lietus notekcauru\u013cu galu mont\u0101\u017eai.","og_url":"https:\/\/telvelaar.ee\/lv\/produkts\/fiksacijas-stangas-mwt-l1\/","og_site_name":"Telve &amp; Laar","article_modified_time":"2024-07-05T07:33:24+00:00","og_image":[{"width":200,"height":444,"url":"https:\/\/telvelaar.ee\/wp-content\/uploads\/2024\/04\/FCT-M-L1s.gif","type":"image\/gif"}],"twitter_card":"summary_large_image","schema":{"@context":"https:\/\/schema.org","@graph":[{"@type":"WebPage","@id":"https:\/\/telvelaar.ee\/lv\/produkts\/fiksacijas-stangas-mwt-l1\/","url":"https:\/\/telvelaar.ee\/lv\/produkts\/fiksacijas-stangas-mwt-l1\/","name":"Fiks\u0101cijas stangas MWT-L1 - Telve &amp; Laar","isPartOf":{"@id":"https:\/\/telvelaar.ee\/lv\/#website"},"primaryImageOfPage":{"@id":"https:\/\/telvelaar.ee\/lv\/produkts\/fiksacijas-stangas-mwt-l1\/#primaryimage"},"image":{"@id":"https:\/\/telvelaar.ee\/lv\/produkts\/fiksacijas-stangas-mwt-l1\/#primaryimage"},"thumbnailUrl":"https:\/\/telvelaar.ee\/wp-content\/uploads\/2024\/04\/FCT-M-L1s.gif","datePublished":"2024-04-02T07:57:52+00:00","dateModified":"2024-07-05T07:33:24+00:00","breadcrumb":{"@id":"https:\/\/telvelaar.ee\/lv\/produkts\/fiksacijas-stangas-mwt-l1\/#breadcrumb"},"inLanguage":"lv-LV","potentialAction":[{"@type":"ReadAction","target":["https:\/\/telvelaar.ee\/lv\/produkts\/fiksacijas-stangas-mwt-l1\/"]}]},{"@type":"ImageObject","inLanguage":"lv-LV","@id":"https:\/\/telvelaar.ee\/lv\/produkts\/fiksacijas-stangas-mwt-l1\/#primaryimage","url":"https:\/\/telvelaar.ee\/wp-content\/uploads\/2024\/04\/FCT-M-L1s.gif","contentUrl":"https:\/\/telvelaar.ee\/wp-content\/uploads\/2024\/04\/FCT-M-L1s.gif","width":200,"height":444},{"@type":"BreadcrumbList","@id":"https:\/\/telvelaar.ee\/lv\/produkts\/fiksacijas-stangas-mwt-l1\/#breadcrumb","itemListElement":[{"@type":"ListItem","position":1,"name":"Home","item":"https:\/\/telvelaar.ee\/lv\/majas-lapa\/"},{"@type":"ListItem","position":2,"name":"E-veikals","item":"https:\/\/telvelaar.ee\/lv\/shop\/"},{"@type":"ListItem","position":3,"name":"Fiks\u0101cijas stangas MWT-L1"}]},{"@type":"WebSite","@id":"https:\/\/telvelaar.ee\/lv\/#website","url":"https:\/\/telvelaar.ee\/lv\/","name":"Telve & Laar","description":"","publisher":{"@id":"https:\/\/telvelaar.ee\/lv\/#organization"},"potentialAction":[{"@type":"SearchAction","target":{"@type":"EntryPoint","urlTemplate":"https:\/\/telvelaar.ee\/lv\/?s={search_term_string}"},"query-input":{"@type":"PropertyValueSpecification","valueRequired":true,"valueName":"search_term_string"}}],"inLanguage":"lv-LV"},{"@type":"Organization","@id":"https:\/\/telvelaar.ee\/lv\/#organization","name":"Telve & Laar","url":"https:\/\/telvelaar.ee\/lv\/","logo":{"@type":"ImageObject","inLanguage":"lv-LV","@id":"https:\/\/telvelaar.ee\/lv\/#\/schema\/logo\/image\/","url":"https:\/\/telvelaar.ee\/wp-content\/uploads\/2024\/04\/Telve_laar_logo.svg","contentUrl":"https:\/\/telvelaar.ee\/wp-content\/uploads\/2024\/04\/Telve_laar_logo.svg","width":733,"height":431,"caption":"Telve & Laar"},"image":{"@id":"https:\/\/telvelaar.ee\/lv\/#\/schema\/logo\/image\/"}}]}},"_links":{"self":[{"href":"https:\/\/telvelaar.ee\/lv\/wp-json\/wp\/v2\/product\/2775","targetHints":{"allow":["GET"]}}],"collection":[{"href":"https:\/\/telvelaar.ee\/lv\/wp-json\/wp\/v2\/product"}],"about":[{"href":"https:\/\/telvelaar.ee\/lv\/wp-json\/wp\/v2\/types\/product"}],"replies":[{"embeddable":true,"href":"https:\/\/telvelaar.ee\/lv\/wp-json\/wp\/v2\/comments?post=2775"}],"wp:featuredmedia":[{"embeddable":true,"href":"https:\/\/telvelaar.ee\/lv\/wp-json\/wp\/v2\/media\/1430"}],"wp:attachment":[{"href":"https:\/\/telvelaar.ee\/lv\/wp-json\/wp\/v2\/media?parent=2775"}],"wp:term":[{"taxonomy":"product_brand","embeddable":true,"href":"https:\/\/telvelaar.ee\/lv\/wp-json\/wp\/v2\/product_brand?post=2775"},{"taxonomy":"product_cat","embeddable":true,"href":"https:\/\/telvelaar.ee\/lv\/wp-json\/wp\/v2\/product_cat?post=2775"},{"taxonomy":"product_tag","embeddable":true,"href":"https:\/\/telvelaar.ee\/lv\/wp-json\/wp\/v2\/product_tag?post=2775"}],"curies":[{"name":"wp","href":"https:\/\/api.w.org\/{rel}","templated":true}]}}