{"id":2776,"date":"2024-04-02T11:05:15","date_gmt":"2024-04-02T08:05:15","guid":{"rendered":"https:\/\/telvelaar.ee\/product\/caurulu-griezejs-mwt-p1\/"},"modified":"2024-07-05T14:52:44","modified_gmt":"2024-07-05T11:52:44","slug":"caurulu-griezejs-mwt-p1","status":"publish","type":"product","link":"https:\/\/telvelaar.ee\/lv\/produkts\/caurulu-griezejs-mwt-p1\/","title":{"rendered":"Cauru\u013cu griez\u0113js MWT-P1"},"content":{"rendered":"<p>Pl\u0101nsienu (l\u012bdz 0,7 mm) lietus notek\u016bde\u0146u un ventil\u0101cijas cauru\u013cu grie\u0161anai. Ievietojot caurul\u0113 izurbt\u0101 \u00d8, 5 mm caurum\u0101, izgrie\u017e no caurules virsmas met\u0101la sloksni.<\/p>\n<p>Nelietot izliektas formas materi\u0101lu grie\u0161anai.<\/p>\n","protected":false},"excerpt":{"rendered":"<p>Pl\u0101nsienu (l\u012bdz 0,7 mm) lietus notek\u016bde\u0146u un ventil\u0101cijas cauru\u013cu grie\u0161anai. Ievietojot caurul\u0113 izurbt\u0101 \u00d85 mm caurum\u0101, izgrie\u017e no caurules virsmas met\u0101la sloksni.<\/p>\n","protected":false},"featured_media":1435,"comment_status":"open","ping_status":"closed","template":"","meta":{"inline_featured_image":false},"product_brand":[],"product_cat":[66],"product_tag":[],"class_list":{"0":"post-2776","1":"product","2":"type-product","3":"status-publish","4":"has-post-thumbnail","6":"product_cat-vairak-riku","8":"first","9":"instock","10":"taxable","11":"shipping-taxable","12":"purchasable","13":"product-type-simple","14":"berocket_lgv_grid","15":"berocket_lgv_list_grid"},"yoast_head":"<!-- This site is optimized with the Yoast SEO plugin v27.4 - https:\/\/yoast.com\/product\/yoast-seo-wordpress\/ -->\n<title>Cauru\u013cu griez\u0113js MWT-P1 - Telve &amp; Laar<\/title>\n<meta name=\"robots\" content=\"index, follow, max-snippet:-1, max-image-preview:large, max-video-preview:-1\" \/>\n<link rel=\"canonical\" href=\"https:\/\/telvelaar.ee\/lv\/produkts\/caurulu-griezejs-mwt-p1\/\" \/>\n<meta property=\"og:locale\" content=\"lv_LV\" \/>\n<meta property=\"og:type\" content=\"article\" \/>\n<meta property=\"og:title\" content=\"Cauru\u013cu griez\u0113js MWT-P1 - Telve &amp; Laar\" \/>\n<meta property=\"og:description\" content=\"Pl\u0101nsienu (l\u012bdz 0,7 mm) lietus notek\u016bde\u0146u un ventil\u0101cijas cauru\u013cu grie\u0161anai. Ievietojot caurul\u0113 izurbt\u0101 \u00d85 mm caurum\u0101, izgrie\u017e no caurules virsmas met\u0101la sloksni.\" \/>\n<meta property=\"og:url\" content=\"https:\/\/telvelaar.ee\/lv\/produkts\/caurulu-griezejs-mwt-p1\/\" \/>\n<meta property=\"og:site_name\" content=\"Telve &amp; Laar\" \/>\n<meta property=\"article:modified_time\" content=\"2024-07-05T11:52:44+00:00\" \/>\n<meta property=\"og:image\" content=\"https:\/\/telvelaar.ee\/wp-content\/uploads\/2024\/04\/FCT-M-P1s.gif\" \/>\n\t<meta property=\"og:image:width\" content=\"200\" \/>\n\t<meta property=\"og:image:height\" content=\"580\" \/>\n\t<meta property=\"og:image:type\" content=\"image\/gif\" \/>\n<meta name=\"twitter:card\" content=\"summary_large_image\" \/>\n<script type=\"application\/ld+json\" class=\"yoast-schema-graph\">{\"@context\":\"https:\\\/\\\/schema.org\",\"@graph\":[{\"@type\":\"WebPage\",\"@id\":\"https:\\\/\\\/telvelaar.ee\\\/lv\\\/produkts\\\/caurulu-griezejs-mwt-p1\\\/\",\"url\":\"https:\\\/\\\/telvelaar.ee\\\/lv\\\/produkts\\\/caurulu-griezejs-mwt-p1\\\/\",\"name\":\"Cauru\u013cu griez\u0113js MWT-P1 - Telve &amp; Laar\",\"isPartOf\":{\"@id\":\"https:\\\/\\\/telvelaar.ee\\\/lv\\\/#website\"},\"primaryImageOfPage\":{\"@id\":\"https:\\\/\\\/telvelaar.ee\\\/lv\\\/produkts\\\/caurulu-griezejs-mwt-p1\\\/#primaryimage\"},\"image\":{\"@id\":\"https:\\\/\\\/telvelaar.ee\\\/lv\\\/produkts\\\/caurulu-griezejs-mwt-p1\\\/#primaryimage\"},\"thumbnailUrl\":\"https:\\\/\\\/telvelaar.ee\\\/wp-content\\\/uploads\\\/2024\\\/04\\\/FCT-M-P1s.gif\",\"datePublished\":\"2024-04-02T08:05:15+00:00\",\"dateModified\":\"2024-07-05T11:52:44+00:00\",\"breadcrumb\":{\"@id\":\"https:\\\/\\\/telvelaar.ee\\\/lv\\\/produkts\\\/caurulu-griezejs-mwt-p1\\\/#breadcrumb\"},\"inLanguage\":\"lv-LV\",\"potentialAction\":[{\"@type\":\"ReadAction\",\"target\":[\"https:\\\/\\\/telvelaar.ee\\\/lv\\\/produkts\\\/caurulu-griezejs-mwt-p1\\\/\"]}]},{\"@type\":\"ImageObject\",\"inLanguage\":\"lv-LV\",\"@id\":\"https:\\\/\\\/telvelaar.ee\\\/lv\\\/produkts\\\/caurulu-griezejs-mwt-p1\\\/#primaryimage\",\"url\":\"https:\\\/\\\/telvelaar.ee\\\/wp-content\\\/uploads\\\/2024\\\/04\\\/FCT-M-P1s.gif\",\"contentUrl\":\"https:\\\/\\\/telvelaar.ee\\\/wp-content\\\/uploads\\\/2024\\\/04\\\/FCT-M-P1s.gif\",\"width\":200,\"height\":580},{\"@type\":\"BreadcrumbList\",\"@id\":\"https:\\\/\\\/telvelaar.ee\\\/lv\\\/produkts\\\/caurulu-griezejs-mwt-p1\\\/#breadcrumb\",\"itemListElement\":[{\"@type\":\"ListItem\",\"position\":1,\"name\":\"Home\",\"item\":\"https:\\\/\\\/telvelaar.ee\\\/lv\\\/majas-lapa\\\/\"},{\"@type\":\"ListItem\",\"position\":2,\"name\":\"E-veikals\",\"item\":\"https:\\\/\\\/telvelaar.ee\\\/lv\\\/shop\\\/\"},{\"@type\":\"ListItem\",\"position\":3,\"name\":\"Cauru\u013cu griez\u0113js MWT-P1\"}]},{\"@type\":\"WebSite\",\"@id\":\"https:\\\/\\\/telvelaar.ee\\\/lv\\\/#website\",\"url\":\"https:\\\/\\\/telvelaar.ee\\\/lv\\\/\",\"name\":\"Telve & Laar\",\"description\":\"\",\"publisher\":{\"@id\":\"https:\\\/\\\/telvelaar.ee\\\/lv\\\/#organization\"},\"potentialAction\":[{\"@type\":\"SearchAction\",\"target\":{\"@type\":\"EntryPoint\",\"urlTemplate\":\"https:\\\/\\\/telvelaar.ee\\\/lv\\\/?s={search_term_string}\"},\"query-input\":{\"@type\":\"PropertyValueSpecification\",\"valueRequired\":true,\"valueName\":\"search_term_string\"}}],\"inLanguage\":\"lv-LV\"},{\"@type\":\"Organization\",\"@id\":\"https:\\\/\\\/telvelaar.ee\\\/lv\\\/#organization\",\"name\":\"Telve & Laar\",\"url\":\"https:\\\/\\\/telvelaar.ee\\\/lv\\\/\",\"logo\":{\"@type\":\"ImageObject\",\"inLanguage\":\"lv-LV\",\"@id\":\"https:\\\/\\\/telvelaar.ee\\\/lv\\\/#\\\/schema\\\/logo\\\/image\\\/\",\"url\":\"https:\\\/\\\/telvelaar.ee\\\/wp-content\\\/uploads\\\/2024\\\/04\\\/Telve_laar_logo.svg\",\"contentUrl\":\"https:\\\/\\\/telvelaar.ee\\\/wp-content\\\/uploads\\\/2024\\\/04\\\/Telve_laar_logo.svg\",\"width\":733,\"height\":431,\"caption\":\"Telve & Laar\"},\"image\":{\"@id\":\"https:\\\/\\\/telvelaar.ee\\\/lv\\\/#\\\/schema\\\/logo\\\/image\\\/\"}}]}<\/script>\n<!-- \/ Yoast SEO plugin. -->","yoast_head_json":{"title":"Cauru\u013cu griez\u0113js MWT-P1 - Telve &amp; Laar","robots":{"index":"index","follow":"follow","max-snippet":"max-snippet:-1","max-image-preview":"max-image-preview:large","max-video-preview":"max-video-preview:-1"},"canonical":"https:\/\/telvelaar.ee\/lv\/produkts\/caurulu-griezejs-mwt-p1\/","og_locale":"lv_LV","og_type":"article","og_title":"Cauru\u013cu griez\u0113js MWT-P1 - Telve &amp; Laar","og_description":"Pl\u0101nsienu (l\u012bdz 0,7 mm) lietus notek\u016bde\u0146u un ventil\u0101cijas cauru\u013cu grie\u0161anai. Ievietojot caurul\u0113 izurbt\u0101 \u00d85 mm caurum\u0101, izgrie\u017e no caurules virsmas met\u0101la sloksni.","og_url":"https:\/\/telvelaar.ee\/lv\/produkts\/caurulu-griezejs-mwt-p1\/","og_site_name":"Telve &amp; Laar","article_modified_time":"2024-07-05T11:52:44+00:00","og_image":[{"width":200,"height":580,"url":"https:\/\/telvelaar.ee\/wp-content\/uploads\/2024\/04\/FCT-M-P1s.gif","type":"image\/gif"}],"twitter_card":"summary_large_image","schema":{"@context":"https:\/\/schema.org","@graph":[{"@type":"WebPage","@id":"https:\/\/telvelaar.ee\/lv\/produkts\/caurulu-griezejs-mwt-p1\/","url":"https:\/\/telvelaar.ee\/lv\/produkts\/caurulu-griezejs-mwt-p1\/","name":"Cauru\u013cu griez\u0113js MWT-P1 - Telve &amp; Laar","isPartOf":{"@id":"https:\/\/telvelaar.ee\/lv\/#website"},"primaryImageOfPage":{"@id":"https:\/\/telvelaar.ee\/lv\/produkts\/caurulu-griezejs-mwt-p1\/#primaryimage"},"image":{"@id":"https:\/\/telvelaar.ee\/lv\/produkts\/caurulu-griezejs-mwt-p1\/#primaryimage"},"thumbnailUrl":"https:\/\/telvelaar.ee\/wp-content\/uploads\/2024\/04\/FCT-M-P1s.gif","datePublished":"2024-04-02T08:05:15+00:00","dateModified":"2024-07-05T11:52:44+00:00","breadcrumb":{"@id":"https:\/\/telvelaar.ee\/lv\/produkts\/caurulu-griezejs-mwt-p1\/#breadcrumb"},"inLanguage":"lv-LV","potentialAction":[{"@type":"ReadAction","target":["https:\/\/telvelaar.ee\/lv\/produkts\/caurulu-griezejs-mwt-p1\/"]}]},{"@type":"ImageObject","inLanguage":"lv-LV","@id":"https:\/\/telvelaar.ee\/lv\/produkts\/caurulu-griezejs-mwt-p1\/#primaryimage","url":"https:\/\/telvelaar.ee\/wp-content\/uploads\/2024\/04\/FCT-M-P1s.gif","contentUrl":"https:\/\/telvelaar.ee\/wp-content\/uploads\/2024\/04\/FCT-M-P1s.gif","width":200,"height":580},{"@type":"BreadcrumbList","@id":"https:\/\/telvelaar.ee\/lv\/produkts\/caurulu-griezejs-mwt-p1\/#breadcrumb","itemListElement":[{"@type":"ListItem","position":1,"name":"Home","item":"https:\/\/telvelaar.ee\/lv\/majas-lapa\/"},{"@type":"ListItem","position":2,"name":"E-veikals","item":"https:\/\/telvelaar.ee\/lv\/shop\/"},{"@type":"ListItem","position":3,"name":"Cauru\u013cu griez\u0113js MWT-P1"}]},{"@type":"WebSite","@id":"https:\/\/telvelaar.ee\/lv\/#website","url":"https:\/\/telvelaar.ee\/lv\/","name":"Telve & Laar","description":"","publisher":{"@id":"https:\/\/telvelaar.ee\/lv\/#organization"},"potentialAction":[{"@type":"SearchAction","target":{"@type":"EntryPoint","urlTemplate":"https:\/\/telvelaar.ee\/lv\/?s={search_term_string}"},"query-input":{"@type":"PropertyValueSpecification","valueRequired":true,"valueName":"search_term_string"}}],"inLanguage":"lv-LV"},{"@type":"Organization","@id":"https:\/\/telvelaar.ee\/lv\/#organization","name":"Telve & Laar","url":"https:\/\/telvelaar.ee\/lv\/","logo":{"@type":"ImageObject","inLanguage":"lv-LV","@id":"https:\/\/telvelaar.ee\/lv\/#\/schema\/logo\/image\/","url":"https:\/\/telvelaar.ee\/wp-content\/uploads\/2024\/04\/Telve_laar_logo.svg","contentUrl":"https:\/\/telvelaar.ee\/wp-content\/uploads\/2024\/04\/Telve_laar_logo.svg","width":733,"height":431,"caption":"Telve & Laar"},"image":{"@id":"https:\/\/telvelaar.ee\/lv\/#\/schema\/logo\/image\/"}}]}},"_links":{"self":[{"href":"https:\/\/telvelaar.ee\/lv\/wp-json\/wp\/v2\/product\/2776","targetHints":{"allow":["GET"]}}],"collection":[{"href":"https:\/\/telvelaar.ee\/lv\/wp-json\/wp\/v2\/product"}],"about":[{"href":"https:\/\/telvelaar.ee\/lv\/wp-json\/wp\/v2\/types\/product"}],"replies":[{"embeddable":true,"href":"https:\/\/telvelaar.ee\/lv\/wp-json\/wp\/v2\/comments?post=2776"}],"wp:featuredmedia":[{"embeddable":true,"href":"https:\/\/telvelaar.ee\/lv\/wp-json\/wp\/v2\/media\/1435"}],"wp:attachment":[{"href":"https:\/\/telvelaar.ee\/lv\/wp-json\/wp\/v2\/media?parent=2776"}],"wp:term":[{"taxonomy":"product_brand","embeddable":true,"href":"https:\/\/telvelaar.ee\/lv\/wp-json\/wp\/v2\/product_brand?post=2776"},{"taxonomy":"product_cat","embeddable":true,"href":"https:\/\/telvelaar.ee\/lv\/wp-json\/wp\/v2\/product_cat?post=2776"},{"taxonomy":"product_tag","embeddable":true,"href":"https:\/\/telvelaar.ee\/lv\/wp-json\/wp\/v2\/product_tag?post=2776"}],"curies":[{"name":"wp","href":"https:\/\/api.w.org\/{rel}","templated":true}]}}