{"id":2777,"date":"2024-04-02T11:06:21","date_gmt":"2024-04-02T08:06:21","guid":{"rendered":"https:\/\/telvelaar.ee\/product\/tikla-un-paklaja-skeres-mwt-6716as\/"},"modified":"2024-07-05T10:33:13","modified_gmt":"2024-07-05T07:33:13","slug":"tikla-un-paklaja-skeres-mwt-6716as","status":"publish","type":"product","link":"https:\/\/telvelaar.ee\/lv\/produkts\/tikla-un-paklaja-skeres-mwt-6716as\/","title":{"rendered":"T\u012bkla un pakl\u0101ja \u0161\u0137\u0113res MWT-6716AS"},"content":{"rendered":"<p>Logu t\u012bklu, pakl\u0101ju, vinila un gumijas \u0161\u013c\u016bte\u0146u grie\u0161anai. Z\u0101\u0123veida asme\u0146i stingri fiks\u0113 materi\u0101lu, ne\u013caujot tam sl\u012bd\u0113t.<\/p>\n<p>Griezuma garums 80 mm.<\/p>\n<p>Nelietot stiep\u013cu grie\u0161anai.<\/p>\n<p>Lietot aizsargbrilles<\/p>\n","protected":false},"excerpt":{"rendered":"<p>Logu t\u012bklu, pakl\u0101ju, vinila un gumijas \u0161\u013c\u016bte\u0146u grie\u0161anai. Z\u0101\u0123veida asme\u0146i stingri fiks\u0113 materi\u0101lu, ne\u013caujot tam sl\u012bd\u0113t.<\/p>\n","protected":false},"featured_media":1440,"comment_status":"open","ping_status":"closed","template":"","meta":{"inline_featured_image":false},"product_brand":[],"product_cat":[66],"product_tag":[],"class_list":{"0":"post-2777","1":"product","2":"type-product","3":"status-publish","4":"has-post-thumbnail","6":"product_cat-vairak-riku","8":"first","9":"instock","10":"taxable","11":"shipping-taxable","12":"purchasable","13":"product-type-simple","14":"berocket_lgv_grid","15":"berocket_lgv_list_grid"},"yoast_head":"<!-- This site is optimized with the Yoast SEO plugin v27.4 - https:\/\/yoast.com\/product\/yoast-seo-wordpress\/ -->\n<title>T\u012bkla un pakl\u0101ja \u0161\u0137\u0113res MWT-6716AS - Telve &amp; Laar<\/title>\n<meta name=\"robots\" content=\"index, follow, max-snippet:-1, max-image-preview:large, max-video-preview:-1\" \/>\n<link rel=\"canonical\" href=\"https:\/\/telvelaar.ee\/lv\/produkts\/tikla-un-paklaja-skeres-mwt-6716as\/\" \/>\n<meta property=\"og:locale\" content=\"lv_LV\" \/>\n<meta property=\"og:type\" content=\"article\" \/>\n<meta property=\"og:title\" content=\"T\u012bkla un pakl\u0101ja \u0161\u0137\u0113res MWT-6716AS - Telve &amp; Laar\" \/>\n<meta property=\"og:description\" content=\"Logu t\u012bklu, pakl\u0101ju, vinila un gumijas \u0161\u013c\u016bte\u0146u grie\u0161anai. Z\u0101\u0123veida asme\u0146i stingri fiks\u0113 materi\u0101lu, ne\u013caujot tam sl\u012bd\u0113t.\" \/>\n<meta property=\"og:url\" content=\"https:\/\/telvelaar.ee\/lv\/produkts\/tikla-un-paklaja-skeres-mwt-6716as\/\" \/>\n<meta property=\"og:site_name\" content=\"Telve &amp; Laar\" \/>\n<meta property=\"article:modified_time\" content=\"2024-07-05T07:33:13+00:00\" \/>\n<meta property=\"og:image\" content=\"https:\/\/telvelaar.ee\/wp-content\/uploads\/2024\/04\/MW-P6716ASs.jpg\" \/>\n\t<meta property=\"og:image:width\" content=\"305\" \/>\n\t<meta property=\"og:image:height\" content=\"900\" \/>\n\t<meta property=\"og:image:type\" content=\"image\/jpeg\" \/>\n<meta name=\"twitter:card\" content=\"summary_large_image\" \/>\n<script type=\"application\/ld+json\" class=\"yoast-schema-graph\">{\"@context\":\"https:\\\/\\\/schema.org\",\"@graph\":[{\"@type\":\"WebPage\",\"@id\":\"https:\\\/\\\/telvelaar.ee\\\/lv\\\/produkts\\\/tikla-un-paklaja-skeres-mwt-6716as\\\/\",\"url\":\"https:\\\/\\\/telvelaar.ee\\\/lv\\\/produkts\\\/tikla-un-paklaja-skeres-mwt-6716as\\\/\",\"name\":\"T\u012bkla un pakl\u0101ja \u0161\u0137\u0113res MWT-6716AS - Telve &amp; Laar\",\"isPartOf\":{\"@id\":\"https:\\\/\\\/telvelaar.ee\\\/lv\\\/#website\"},\"primaryImageOfPage\":{\"@id\":\"https:\\\/\\\/telvelaar.ee\\\/lv\\\/produkts\\\/tikla-un-paklaja-skeres-mwt-6716as\\\/#primaryimage\"},\"image\":{\"@id\":\"https:\\\/\\\/telvelaar.ee\\\/lv\\\/produkts\\\/tikla-un-paklaja-skeres-mwt-6716as\\\/#primaryimage\"},\"thumbnailUrl\":\"https:\\\/\\\/telvelaar.ee\\\/wp-content\\\/uploads\\\/2024\\\/04\\\/MW-P6716ASs.jpg\",\"datePublished\":\"2024-04-02T08:06:21+00:00\",\"dateModified\":\"2024-07-05T07:33:13+00:00\",\"breadcrumb\":{\"@id\":\"https:\\\/\\\/telvelaar.ee\\\/lv\\\/produkts\\\/tikla-un-paklaja-skeres-mwt-6716as\\\/#breadcrumb\"},\"inLanguage\":\"lv-LV\",\"potentialAction\":[{\"@type\":\"ReadAction\",\"target\":[\"https:\\\/\\\/telvelaar.ee\\\/lv\\\/produkts\\\/tikla-un-paklaja-skeres-mwt-6716as\\\/\"]}]},{\"@type\":\"ImageObject\",\"inLanguage\":\"lv-LV\",\"@id\":\"https:\\\/\\\/telvelaar.ee\\\/lv\\\/produkts\\\/tikla-un-paklaja-skeres-mwt-6716as\\\/#primaryimage\",\"url\":\"https:\\\/\\\/telvelaar.ee\\\/wp-content\\\/uploads\\\/2024\\\/04\\\/MW-P6716ASs.jpg\",\"contentUrl\":\"https:\\\/\\\/telvelaar.ee\\\/wp-content\\\/uploads\\\/2024\\\/04\\\/MW-P6716ASs.jpg\",\"width\":305,\"height\":900},{\"@type\":\"BreadcrumbList\",\"@id\":\"https:\\\/\\\/telvelaar.ee\\\/lv\\\/produkts\\\/tikla-un-paklaja-skeres-mwt-6716as\\\/#breadcrumb\",\"itemListElement\":[{\"@type\":\"ListItem\",\"position\":1,\"name\":\"Home\",\"item\":\"https:\\\/\\\/telvelaar.ee\\\/lv\\\/majas-lapa\\\/\"},{\"@type\":\"ListItem\",\"position\":2,\"name\":\"E-veikals\",\"item\":\"https:\\\/\\\/telvelaar.ee\\\/lv\\\/shop\\\/\"},{\"@type\":\"ListItem\",\"position\":3,\"name\":\"T\u012bkla un pakl\u0101ja \u0161\u0137\u0113res MWT-6716AS\"}]},{\"@type\":\"WebSite\",\"@id\":\"https:\\\/\\\/telvelaar.ee\\\/lv\\\/#website\",\"url\":\"https:\\\/\\\/telvelaar.ee\\\/lv\\\/\",\"name\":\"Telve & Laar\",\"description\":\"\",\"publisher\":{\"@id\":\"https:\\\/\\\/telvelaar.ee\\\/lv\\\/#organization\"},\"potentialAction\":[{\"@type\":\"SearchAction\",\"target\":{\"@type\":\"EntryPoint\",\"urlTemplate\":\"https:\\\/\\\/telvelaar.ee\\\/lv\\\/?s={search_term_string}\"},\"query-input\":{\"@type\":\"PropertyValueSpecification\",\"valueRequired\":true,\"valueName\":\"search_term_string\"}}],\"inLanguage\":\"lv-LV\"},{\"@type\":\"Organization\",\"@id\":\"https:\\\/\\\/telvelaar.ee\\\/lv\\\/#organization\",\"name\":\"Telve & Laar\",\"url\":\"https:\\\/\\\/telvelaar.ee\\\/lv\\\/\",\"logo\":{\"@type\":\"ImageObject\",\"inLanguage\":\"lv-LV\",\"@id\":\"https:\\\/\\\/telvelaar.ee\\\/lv\\\/#\\\/schema\\\/logo\\\/image\\\/\",\"url\":\"https:\\\/\\\/telvelaar.ee\\\/wp-content\\\/uploads\\\/2024\\\/04\\\/Telve_laar_logo.svg\",\"contentUrl\":\"https:\\\/\\\/telvelaar.ee\\\/wp-content\\\/uploads\\\/2024\\\/04\\\/Telve_laar_logo.svg\",\"width\":733,\"height\":431,\"caption\":\"Telve & Laar\"},\"image\":{\"@id\":\"https:\\\/\\\/telvelaar.ee\\\/lv\\\/#\\\/schema\\\/logo\\\/image\\\/\"}}]}<\/script>\n<!-- \/ Yoast SEO plugin. -->","yoast_head_json":{"title":"T\u012bkla un pakl\u0101ja \u0161\u0137\u0113res MWT-6716AS - Telve &amp; Laar","robots":{"index":"index","follow":"follow","max-snippet":"max-snippet:-1","max-image-preview":"max-image-preview:large","max-video-preview":"max-video-preview:-1"},"canonical":"https:\/\/telvelaar.ee\/lv\/produkts\/tikla-un-paklaja-skeres-mwt-6716as\/","og_locale":"lv_LV","og_type":"article","og_title":"T\u012bkla un pakl\u0101ja \u0161\u0137\u0113res MWT-6716AS - Telve &amp; Laar","og_description":"Logu t\u012bklu, pakl\u0101ju, vinila un gumijas \u0161\u013c\u016bte\u0146u grie\u0161anai. Z\u0101\u0123veida asme\u0146i stingri fiks\u0113 materi\u0101lu, ne\u013caujot tam sl\u012bd\u0113t.","og_url":"https:\/\/telvelaar.ee\/lv\/produkts\/tikla-un-paklaja-skeres-mwt-6716as\/","og_site_name":"Telve &amp; Laar","article_modified_time":"2024-07-05T07:33:13+00:00","og_image":[{"width":305,"height":900,"url":"https:\/\/telvelaar.ee\/wp-content\/uploads\/2024\/04\/MW-P6716ASs.jpg","type":"image\/jpeg"}],"twitter_card":"summary_large_image","schema":{"@context":"https:\/\/schema.org","@graph":[{"@type":"WebPage","@id":"https:\/\/telvelaar.ee\/lv\/produkts\/tikla-un-paklaja-skeres-mwt-6716as\/","url":"https:\/\/telvelaar.ee\/lv\/produkts\/tikla-un-paklaja-skeres-mwt-6716as\/","name":"T\u012bkla un pakl\u0101ja \u0161\u0137\u0113res MWT-6716AS - Telve &amp; Laar","isPartOf":{"@id":"https:\/\/telvelaar.ee\/lv\/#website"},"primaryImageOfPage":{"@id":"https:\/\/telvelaar.ee\/lv\/produkts\/tikla-un-paklaja-skeres-mwt-6716as\/#primaryimage"},"image":{"@id":"https:\/\/telvelaar.ee\/lv\/produkts\/tikla-un-paklaja-skeres-mwt-6716as\/#primaryimage"},"thumbnailUrl":"https:\/\/telvelaar.ee\/wp-content\/uploads\/2024\/04\/MW-P6716ASs.jpg","datePublished":"2024-04-02T08:06:21+00:00","dateModified":"2024-07-05T07:33:13+00:00","breadcrumb":{"@id":"https:\/\/telvelaar.ee\/lv\/produkts\/tikla-un-paklaja-skeres-mwt-6716as\/#breadcrumb"},"inLanguage":"lv-LV","potentialAction":[{"@type":"ReadAction","target":["https:\/\/telvelaar.ee\/lv\/produkts\/tikla-un-paklaja-skeres-mwt-6716as\/"]}]},{"@type":"ImageObject","inLanguage":"lv-LV","@id":"https:\/\/telvelaar.ee\/lv\/produkts\/tikla-un-paklaja-skeres-mwt-6716as\/#primaryimage","url":"https:\/\/telvelaar.ee\/wp-content\/uploads\/2024\/04\/MW-P6716ASs.jpg","contentUrl":"https:\/\/telvelaar.ee\/wp-content\/uploads\/2024\/04\/MW-P6716ASs.jpg","width":305,"height":900},{"@type":"BreadcrumbList","@id":"https:\/\/telvelaar.ee\/lv\/produkts\/tikla-un-paklaja-skeres-mwt-6716as\/#breadcrumb","itemListElement":[{"@type":"ListItem","position":1,"name":"Home","item":"https:\/\/telvelaar.ee\/lv\/majas-lapa\/"},{"@type":"ListItem","position":2,"name":"E-veikals","item":"https:\/\/telvelaar.ee\/lv\/shop\/"},{"@type":"ListItem","position":3,"name":"T\u012bkla un pakl\u0101ja \u0161\u0137\u0113res MWT-6716AS"}]},{"@type":"WebSite","@id":"https:\/\/telvelaar.ee\/lv\/#website","url":"https:\/\/telvelaar.ee\/lv\/","name":"Telve & Laar","description":"","publisher":{"@id":"https:\/\/telvelaar.ee\/lv\/#organization"},"potentialAction":[{"@type":"SearchAction","target":{"@type":"EntryPoint","urlTemplate":"https:\/\/telvelaar.ee\/lv\/?s={search_term_string}"},"query-input":{"@type":"PropertyValueSpecification","valueRequired":true,"valueName":"search_term_string"}}],"inLanguage":"lv-LV"},{"@type":"Organization","@id":"https:\/\/telvelaar.ee\/lv\/#organization","name":"Telve & Laar","url":"https:\/\/telvelaar.ee\/lv\/","logo":{"@type":"ImageObject","inLanguage":"lv-LV","@id":"https:\/\/telvelaar.ee\/lv\/#\/schema\/logo\/image\/","url":"https:\/\/telvelaar.ee\/wp-content\/uploads\/2024\/04\/Telve_laar_logo.svg","contentUrl":"https:\/\/telvelaar.ee\/wp-content\/uploads\/2024\/04\/Telve_laar_logo.svg","width":733,"height":431,"caption":"Telve & Laar"},"image":{"@id":"https:\/\/telvelaar.ee\/lv\/#\/schema\/logo\/image\/"}}]}},"_links":{"self":[{"href":"https:\/\/telvelaar.ee\/lv\/wp-json\/wp\/v2\/product\/2777","targetHints":{"allow":["GET"]}}],"collection":[{"href":"https:\/\/telvelaar.ee\/lv\/wp-json\/wp\/v2\/product"}],"about":[{"href":"https:\/\/telvelaar.ee\/lv\/wp-json\/wp\/v2\/types\/product"}],"replies":[{"embeddable":true,"href":"https:\/\/telvelaar.ee\/lv\/wp-json\/wp\/v2\/comments?post=2777"}],"wp:featuredmedia":[{"embeddable":true,"href":"https:\/\/telvelaar.ee\/lv\/wp-json\/wp\/v2\/media\/1440"}],"wp:attachment":[{"href":"https:\/\/telvelaar.ee\/lv\/wp-json\/wp\/v2\/media?parent=2777"}],"wp:term":[{"taxonomy":"product_brand","embeddable":true,"href":"https:\/\/telvelaar.ee\/lv\/wp-json\/wp\/v2\/product_brand?post=2777"},{"taxonomy":"product_cat","embeddable":true,"href":"https:\/\/telvelaar.ee\/lv\/wp-json\/wp\/v2\/product_cat?post=2777"},{"taxonomy":"product_tag","embeddable":true,"href":"https:\/\/telvelaar.ee\/lv\/wp-json\/wp\/v2\/product_tag?post=2777"}],"curies":[{"name":"wp","href":"https:\/\/api.w.org\/{rel}","templated":true}]}}