{"id":3938,"date":"2024-04-02T10:46:17","date_gmt":"2024-04-02T07:46:17","guid":{"rendered":"https:\/\/telvelaar.ee\/product\/lieksanas-instruments-mwt-f1\/"},"modified":"2024-04-02T10:46:17","modified_gmt":"2024-04-02T07:46:17","slug":"lieksanas-instruments-mwt-f1","status":"publish","type":"product","link":"https:\/\/telvelaar.ee\/lv\/produkts\/lieksanas-instruments-mwt-f1\/","title":{"rendered":"Liek\u0161anas instruments MWT- F1"},"content":{"rendered":"<p>Pl\u0101nas lok\u0161\u0146u met\u0101la (l\u012bdz 0,8 mm auksti velm\u0113ta loksne un 0,5 mm ner\u016bs\u0113jo\u0161\u0101 loksne) manu\u0101lai loc\u012b\u0161anai. Izgatavoti no 1,6 mm t\u0113rauda, \u200b\u200bkvadr\u0101tveida caurumi atvieglo izl\u012bdzin\u0101\u0161anu pareizaj\u0101 dzi\u013cum\u0101.<\/p>\n<p>Liek\u0161anas dzi\u013cums 9,5 mm un 25 mm, lieces platums 305 mm.<\/p>\n","protected":false},"excerpt":{"rendered":"<p>Pl\u0101nas lok\u0161\u0146u met\u0101la (l\u012bdz 0,8 mm auksti velm\u0113ta loksne un 0,5 mm ner\u016bs\u0113jo\u0161\u0101 loksne) manu\u0101lai loc\u012b\u0161anai. Izgatavoti no 1,6 mm t\u0113rauda, \u200b\u200bkvadr\u0101tveida caurumi atvieglo izl\u012bdzin\u0101\u0161anu pareizaj\u0101 dzi\u013cum\u0101.<\/p>\n","protected":false},"featured_media":1400,"comment_status":"open","ping_status":"closed","template":"","meta":{"inline_featured_image":false},"product_brand":[],"product_cat":[60],"product_tag":[],"class_list":{"0":"post-3938","1":"product","2":"type-product","3":"status-publish","4":"has-post-thumbnail","6":"product_cat-salokams-instruments","8":"first","9":"instock","10":"taxable","11":"shipping-taxable","12":"purchasable","13":"product-type-simple","14":"berocket_lgv_grid","15":"berocket_lgv_list_grid"},"yoast_head":"<!-- This site is optimized with the Yoast SEO plugin v27.4 - https:\/\/yoast.com\/product\/yoast-seo-wordpress\/ -->\n<title>Liek\u0161anas instruments MWT- F1 - Telve &amp; Laar<\/title>\n<meta name=\"robots\" content=\"index, follow, max-snippet:-1, max-image-preview:large, max-video-preview:-1\" \/>\n<link rel=\"canonical\" href=\"https:\/\/telvelaar.ee\/lv\/produkts\/lieksanas-instruments-mwt-f1\/\" \/>\n<meta property=\"og:locale\" content=\"lv_LV\" \/>\n<meta property=\"og:type\" content=\"article\" \/>\n<meta property=\"og:title\" content=\"Liek\u0161anas instruments MWT- F1 - Telve &amp; Laar\" \/>\n<meta property=\"og:description\" content=\"Pl\u0101nas lok\u0161\u0146u met\u0101la (l\u012bdz 0,8 mm auksti velm\u0113ta loksne un 0,5 mm ner\u016bs\u0113jo\u0161\u0101 loksne) manu\u0101lai loc\u012b\u0161anai. Izgatavoti no 1,6 mm t\u0113rauda, \u200b\u200bkvadr\u0101tveida caurumi atvieglo izl\u012bdzin\u0101\u0161anu pareizaj\u0101 dzi\u013cum\u0101.\" \/>\n<meta property=\"og:url\" content=\"https:\/\/telvelaar.ee\/lv\/produkts\/lieksanas-instruments-mwt-f1\/\" \/>\n<meta property=\"og:site_name\" content=\"Telve &amp; Laar\" \/>\n<meta property=\"og:image\" content=\"https:\/\/telvelaar.ee\/wp-content\/uploads\/2024\/04\/MWT-F1b.jpg\" \/>\n\t<meta property=\"og:image:width\" content=\"200\" \/>\n\t<meta property=\"og:image:height\" content=\"577\" \/>\n\t<meta property=\"og:image:type\" content=\"image\/jpeg\" \/>\n<meta name=\"twitter:card\" content=\"summary_large_image\" \/>\n<script type=\"application\/ld+json\" class=\"yoast-schema-graph\">{\"@context\":\"https:\\\/\\\/schema.org\",\"@graph\":[{\"@type\":\"WebPage\",\"@id\":\"https:\\\/\\\/telvelaar.ee\\\/lv\\\/produkts\\\/lieksanas-instruments-mwt-f1\\\/\",\"url\":\"https:\\\/\\\/telvelaar.ee\\\/lv\\\/produkts\\\/lieksanas-instruments-mwt-f1\\\/\",\"name\":\"Liek\u0161anas instruments MWT- F1 - Telve &amp; Laar\",\"isPartOf\":{\"@id\":\"https:\\\/\\\/telvelaar.ee\\\/lv\\\/#website\"},\"primaryImageOfPage\":{\"@id\":\"https:\\\/\\\/telvelaar.ee\\\/lv\\\/produkts\\\/lieksanas-instruments-mwt-f1\\\/#primaryimage\"},\"image\":{\"@id\":\"https:\\\/\\\/telvelaar.ee\\\/lv\\\/produkts\\\/lieksanas-instruments-mwt-f1\\\/#primaryimage\"},\"thumbnailUrl\":\"https:\\\/\\\/telvelaar.ee\\\/wp-content\\\/uploads\\\/2024\\\/04\\\/MWT-F1b.jpg\",\"datePublished\":\"2024-04-02T07:46:17+00:00\",\"breadcrumb\":{\"@id\":\"https:\\\/\\\/telvelaar.ee\\\/lv\\\/produkts\\\/lieksanas-instruments-mwt-f1\\\/#breadcrumb\"},\"inLanguage\":\"lv-LV\",\"potentialAction\":[{\"@type\":\"ReadAction\",\"target\":[\"https:\\\/\\\/telvelaar.ee\\\/lv\\\/produkts\\\/lieksanas-instruments-mwt-f1\\\/\"]}]},{\"@type\":\"ImageObject\",\"inLanguage\":\"lv-LV\",\"@id\":\"https:\\\/\\\/telvelaar.ee\\\/lv\\\/produkts\\\/lieksanas-instruments-mwt-f1\\\/#primaryimage\",\"url\":\"https:\\\/\\\/telvelaar.ee\\\/wp-content\\\/uploads\\\/2024\\\/04\\\/MWT-F1b.jpg\",\"contentUrl\":\"https:\\\/\\\/telvelaar.ee\\\/wp-content\\\/uploads\\\/2024\\\/04\\\/MWT-F1b.jpg\",\"width\":200,\"height\":577},{\"@type\":\"BreadcrumbList\",\"@id\":\"https:\\\/\\\/telvelaar.ee\\\/lv\\\/produkts\\\/lieksanas-instruments-mwt-f1\\\/#breadcrumb\",\"itemListElement\":[{\"@type\":\"ListItem\",\"position\":1,\"name\":\"Home\",\"item\":\"https:\\\/\\\/telvelaar.ee\\\/lv\\\/majas-lapa\\\/\"},{\"@type\":\"ListItem\",\"position\":2,\"name\":\"E-veikals\",\"item\":\"https:\\\/\\\/telvelaar.ee\\\/lv\\\/shop\\\/\"},{\"@type\":\"ListItem\",\"position\":3,\"name\":\"Liek\u0161anas instruments MWT- F1\"}]},{\"@type\":\"WebSite\",\"@id\":\"https:\\\/\\\/telvelaar.ee\\\/lv\\\/#website\",\"url\":\"https:\\\/\\\/telvelaar.ee\\\/lv\\\/\",\"name\":\"Telve & Laar\",\"description\":\"\",\"publisher\":{\"@id\":\"https:\\\/\\\/telvelaar.ee\\\/lv\\\/#organization\"},\"potentialAction\":[{\"@type\":\"SearchAction\",\"target\":{\"@type\":\"EntryPoint\",\"urlTemplate\":\"https:\\\/\\\/telvelaar.ee\\\/lv\\\/?s={search_term_string}\"},\"query-input\":{\"@type\":\"PropertyValueSpecification\",\"valueRequired\":true,\"valueName\":\"search_term_string\"}}],\"inLanguage\":\"lv-LV\"},{\"@type\":\"Organization\",\"@id\":\"https:\\\/\\\/telvelaar.ee\\\/lv\\\/#organization\",\"name\":\"Telve & Laar\",\"url\":\"https:\\\/\\\/telvelaar.ee\\\/lv\\\/\",\"logo\":{\"@type\":\"ImageObject\",\"inLanguage\":\"lv-LV\",\"@id\":\"https:\\\/\\\/telvelaar.ee\\\/lv\\\/#\\\/schema\\\/logo\\\/image\\\/\",\"url\":\"https:\\\/\\\/telvelaar.ee\\\/wp-content\\\/uploads\\\/2024\\\/04\\\/Telve_laar_logo.svg\",\"contentUrl\":\"https:\\\/\\\/telvelaar.ee\\\/wp-content\\\/uploads\\\/2024\\\/04\\\/Telve_laar_logo.svg\",\"width\":733,\"height\":431,\"caption\":\"Telve & Laar\"},\"image\":{\"@id\":\"https:\\\/\\\/telvelaar.ee\\\/lv\\\/#\\\/schema\\\/logo\\\/image\\\/\"}}]}<\/script>\n<!-- \/ Yoast SEO plugin. -->","yoast_head_json":{"title":"Liek\u0161anas instruments MWT- F1 - Telve &amp; Laar","robots":{"index":"index","follow":"follow","max-snippet":"max-snippet:-1","max-image-preview":"max-image-preview:large","max-video-preview":"max-video-preview:-1"},"canonical":"https:\/\/telvelaar.ee\/lv\/produkts\/lieksanas-instruments-mwt-f1\/","og_locale":"lv_LV","og_type":"article","og_title":"Liek\u0161anas instruments MWT- F1 - Telve &amp; Laar","og_description":"Pl\u0101nas lok\u0161\u0146u met\u0101la (l\u012bdz 0,8 mm auksti velm\u0113ta loksne un 0,5 mm ner\u016bs\u0113jo\u0161\u0101 loksne) manu\u0101lai loc\u012b\u0161anai. Izgatavoti no 1,6 mm t\u0113rauda, \u200b\u200bkvadr\u0101tveida caurumi atvieglo izl\u012bdzin\u0101\u0161anu pareizaj\u0101 dzi\u013cum\u0101.","og_url":"https:\/\/telvelaar.ee\/lv\/produkts\/lieksanas-instruments-mwt-f1\/","og_site_name":"Telve &amp; Laar","og_image":[{"width":200,"height":577,"url":"https:\/\/telvelaar.ee\/wp-content\/uploads\/2024\/04\/MWT-F1b.jpg","type":"image\/jpeg"}],"twitter_card":"summary_large_image","schema":{"@context":"https:\/\/schema.org","@graph":[{"@type":"WebPage","@id":"https:\/\/telvelaar.ee\/lv\/produkts\/lieksanas-instruments-mwt-f1\/","url":"https:\/\/telvelaar.ee\/lv\/produkts\/lieksanas-instruments-mwt-f1\/","name":"Liek\u0161anas instruments MWT- F1 - Telve &amp; Laar","isPartOf":{"@id":"https:\/\/telvelaar.ee\/lv\/#website"},"primaryImageOfPage":{"@id":"https:\/\/telvelaar.ee\/lv\/produkts\/lieksanas-instruments-mwt-f1\/#primaryimage"},"image":{"@id":"https:\/\/telvelaar.ee\/lv\/produkts\/lieksanas-instruments-mwt-f1\/#primaryimage"},"thumbnailUrl":"https:\/\/telvelaar.ee\/wp-content\/uploads\/2024\/04\/MWT-F1b.jpg","datePublished":"2024-04-02T07:46:17+00:00","breadcrumb":{"@id":"https:\/\/telvelaar.ee\/lv\/produkts\/lieksanas-instruments-mwt-f1\/#breadcrumb"},"inLanguage":"lv-LV","potentialAction":[{"@type":"ReadAction","target":["https:\/\/telvelaar.ee\/lv\/produkts\/lieksanas-instruments-mwt-f1\/"]}]},{"@type":"ImageObject","inLanguage":"lv-LV","@id":"https:\/\/telvelaar.ee\/lv\/produkts\/lieksanas-instruments-mwt-f1\/#primaryimage","url":"https:\/\/telvelaar.ee\/wp-content\/uploads\/2024\/04\/MWT-F1b.jpg","contentUrl":"https:\/\/telvelaar.ee\/wp-content\/uploads\/2024\/04\/MWT-F1b.jpg","width":200,"height":577},{"@type":"BreadcrumbList","@id":"https:\/\/telvelaar.ee\/lv\/produkts\/lieksanas-instruments-mwt-f1\/#breadcrumb","itemListElement":[{"@type":"ListItem","position":1,"name":"Home","item":"https:\/\/telvelaar.ee\/lv\/majas-lapa\/"},{"@type":"ListItem","position":2,"name":"E-veikals","item":"https:\/\/telvelaar.ee\/lv\/shop\/"},{"@type":"ListItem","position":3,"name":"Liek\u0161anas instruments MWT- F1"}]},{"@type":"WebSite","@id":"https:\/\/telvelaar.ee\/lv\/#website","url":"https:\/\/telvelaar.ee\/lv\/","name":"Telve & Laar","description":"","publisher":{"@id":"https:\/\/telvelaar.ee\/lv\/#organization"},"potentialAction":[{"@type":"SearchAction","target":{"@type":"EntryPoint","urlTemplate":"https:\/\/telvelaar.ee\/lv\/?s={search_term_string}"},"query-input":{"@type":"PropertyValueSpecification","valueRequired":true,"valueName":"search_term_string"}}],"inLanguage":"lv-LV"},{"@type":"Organization","@id":"https:\/\/telvelaar.ee\/lv\/#organization","name":"Telve & Laar","url":"https:\/\/telvelaar.ee\/lv\/","logo":{"@type":"ImageObject","inLanguage":"lv-LV","@id":"https:\/\/telvelaar.ee\/lv\/#\/schema\/logo\/image\/","url":"https:\/\/telvelaar.ee\/wp-content\/uploads\/2024\/04\/Telve_laar_logo.svg","contentUrl":"https:\/\/telvelaar.ee\/wp-content\/uploads\/2024\/04\/Telve_laar_logo.svg","width":733,"height":431,"caption":"Telve & Laar"},"image":{"@id":"https:\/\/telvelaar.ee\/lv\/#\/schema\/logo\/image\/"}}]}},"_links":{"self":[{"href":"https:\/\/telvelaar.ee\/lv\/wp-json\/wp\/v2\/product\/3938","targetHints":{"allow":["GET"]}}],"collection":[{"href":"https:\/\/telvelaar.ee\/lv\/wp-json\/wp\/v2\/product"}],"about":[{"href":"https:\/\/telvelaar.ee\/lv\/wp-json\/wp\/v2\/types\/product"}],"replies":[{"embeddable":true,"href":"https:\/\/telvelaar.ee\/lv\/wp-json\/wp\/v2\/comments?post=3938"}],"wp:featuredmedia":[{"embeddable":true,"href":"https:\/\/telvelaar.ee\/lv\/wp-json\/wp\/v2\/media\/1400"}],"wp:attachment":[{"href":"https:\/\/telvelaar.ee\/lv\/wp-json\/wp\/v2\/media?parent=3938"}],"wp:term":[{"taxonomy":"product_brand","embeddable":true,"href":"https:\/\/telvelaar.ee\/lv\/wp-json\/wp\/v2\/product_brand?post=3938"},{"taxonomy":"product_cat","embeddable":true,"href":"https:\/\/telvelaar.ee\/lv\/wp-json\/wp\/v2\/product_cat?post=3938"},{"taxonomy":"product_tag","embeddable":true,"href":"https:\/\/telvelaar.ee\/lv\/wp-json\/wp\/v2\/product_tag?post=3938"}],"curies":[{"name":"wp","href":"https:\/\/api.w.org\/{rel}","templated":true}]}}